{"id":46311,"date":"2021-08-09T12:07:25","date_gmt":"2021-08-09T12:07:25","guid":{"rendered":"https:\/\/www.headshop.nl\/?post_type=product&#038;p=46311"},"modified":"2026-03-31T06:22:17","modified_gmt":"2026-03-31T06:22:17","slug":"trip-stopper","status":"publish","type":"product","link":"https:\/\/www.headshop.nl\/it\/trip-stopper\/","title":{"rendered":"Trip Stopper"},"content":{"rendered":"<h2 data-start=\"329\" data-end=\"353\">Che cos'\u00e8 l'Trip Stopper?<\/h2>\n<p data-start=\"355\" data-end=\"821\">Trip Stopper \u00e8 un integratore unico creato per supportare le persone durante i viaggi psichedelici, fornendo un senso di calma e aiutando a minimizzare gli effetti negativi. Sia che siate alle prime armi o che abbiate esperienza con gli psichedelici, Trip Stopper pu\u00f2 aiutarvi a ridurre le sensazioni di disagio o ansia che possono insorgere durante un viaggio. La combinazione di destrosio e Valerian favorisce il rilassamento e aiuta a stabilizzare la risposta dell'organismo a esperienze intense.<\/p>\n<p data-start=\"823\" data-end=\"1320\">Questo integratore non blocca del tutto gli effetti di un viaggio, ma pu\u00f2 aiutare a sentirsi pi\u00f9 stabili e preparati. Le compresse di destrosio aiutano a neutralizzare l'intensit\u00e0 dell'esperienza fornendo energia rapida e stabilizzando i livelli di zucchero nel sangue, mentre le capsule di Valerian favoriscono un senso di calma e di rilassamento. Insieme, questi ingredienti aiutano gli utenti a gestire le sensazioni emotive e fisiche che accompagnano un'esperienza psichedelica, rendendo pi\u00f9 facile superare i momenti difficili.<\/p>\n<p data-start=\"1322\" data-end=\"1483\">L'Trip Stopper offre una sensazione di controllo che lo rende un compagno eccellente per tutti coloro che vogliono assicurarsi che la loro esperienza sia il pi\u00f9 fluida e gestibile possibile.<\/p>\n<h2 data-start=\"1490\" data-end=\"1516\">Storia di Trip Stopper<\/h2>\n<p data-start=\"1518\" data-end=\"1969\">Trip Stopper \u00e8 stato sviluppato in risposta al crescente interesse per gli psichedelici e alla necessit\u00e0 di un rimedio naturale per sostenere gli individui durante i loro viaggi. Man mano che un numero sempre maggiore di persone esplora i potenziali benefici degli psichedelici, \u00e8 sempre pi\u00f9 riconosciuta l'importanza di creare un ambiente equilibrato e di supporto. La combinazione di destrosio e Valerian si basa su anni di ricerca sugli agenti calmanti naturali e sugli integratori energetici.<\/p>\n<p data-start=\"1971\" data-end=\"2349\">L'Valerian \u00e8 stato a lungo utilizzato in erboristeria per le sue propriet\u00e0 calmanti e rilassanti, che aiutano a ridurre lo stress e l'ansia. Il destrosio, uno zucchero semplice, \u00e8 noto per la sua capacit\u00e0 di stabilizzare rapidamente i livelli di energia, il che pu\u00f2 essere particolarmente utile durante esperienze intense. Combinando questi due ingredienti, Trip Stopper offre una soluzione olistica per la gestione dei viaggi psichedelici.<\/p>\n<p data-start=\"2351\" data-end=\"2636\">Il prodotto \u00e8 stato progettato per dare agli utenti un senso di preparazione e rassicurazione. Sebbene non possa eliminare del tutto gli effetti di un trip, pu\u00f2 migliorare l'esperienza aiutando l'utente a rimanere calmo e con i piedi per terra, rendendolo uno strumento prezioso per chiunque si trovi a navigare nel mondo degli psichedelici.<\/p>\n<h2 data-start=\"2643\" data-end=\"2669\">Come utilizzare Trip Stopper<\/h2>\n<p data-start=\"2671\" data-end=\"3117\">L'uso di Trip Stopper \u00e8 semplice e immediato. Per massimizzare gli effetti, assumere 2 compresse di destrosio e lasciarle sciogliere lentamente in bocca. Questo passaggio garantisce che il corpo assorba lo zucchero in modo efficace, contribuendo a neutralizzare l'intensit\u00e0 dell'esperienza. Successivamente, assumere le capsule Valerian con un abbondante bicchiere d'acqua. Questo favorisce il rilassamento e aiuta a contrastare eventuali sensazioni di ansia o di disagio che possono insorgere durante il viaggio.<\/p>\n<p data-start=\"3119\" data-end=\"3543\">Si consiglia di attendere circa 10 minuti dall'assunzione dell'integratore prima di mangiare qualcosa di solido, come una fetta di pane. In questo modo gli ingredienti hanno il tempo di agire sul sistema e il cibo solido contribuisce a stabilizzare i livelli di zucchero nel sangue. L'Trip Stopper \u00e8 pi\u00f9 efficace se assunto in un ambiente calmo e controllato, in modo da potersi concentrare sull'esperienza con un senso di prontezza e relax.<\/p>\n<p data-start=\"3545\" data-end=\"3690\">Che siate utenti esperti o alle prime armi, seguire questi semplici passi vi aiuter\u00e0 a sentirvi pi\u00f9 padroni e preparati per il viaggio che vi aspetta.<\/p>\n<h2 data-start=\"3697\" data-end=\"3727\">Ingredienti di Trip Stopper<\/h2>\n<p data-start=\"3729\" data-end=\"4188\">Trip Stopper contiene due ingredienti chiave, il destrosio e l'Valerian, che agiscono sinergicamente per sostenere il corpo e la mente durante un'esperienza psichedelica. Il destrosio, uno zucchero semplice, fornisce una fonte istantanea di energia, aiutando a bilanciare i livelli di zucchero nel sangue e a stabilizzare le fluttuazioni energetiche che possono verificarsi durante i viaggi pi\u00f9 intensi. Questa rapida spinta energetica pu\u00f2 prevenire sensazioni di stanchezza o debolezza, assicurandovi di rimanere concentrati e vigili per tutta la durata dell'esperienza.<\/p>\n<p data-start=\"4190\" data-end=\"4567\">L'Valerian, invece, \u00e8 un noto rimedio erboristico utilizzato per le sue propriet\u00e0 calmanti e lenitive. \u00c8 stato usato per secoli per ridurre l'ansia e favorire il rilassamento, il che lo rende una scelta ideale per gestire gli aspetti mentali ed emotivi di un viaggio. L'Valerian aiuta a calmare il sistema nervoso, consentendo agli utenti di sentirsi pi\u00f9 tranquilli e radicati durante la loro esperienza.<\/p>\n<p data-start=\"4569\" data-end=\"4857\">Insieme, il destrosio e l'Valerian forniscono una soluzione equilibrata per gli utenti che possono sentirsi sopraffatti o ansiosi. Sebbene questi ingredienti non possano arrestare completamente gli effetti di un viaggio, contribuiscono a creare un senso di controllo e di pace, consentendo un'esperienza pi\u00f9 fluida e gestibile.<\/p>\n<p data-start=\"4864\" data-end=\"4932\" data-is-last-node=\"\"><strong data-start=\"4864\" data-end=\"4875\">Avvertenze<\/strong><br data-start=\"4875\" data-end=\"4878\" \/>Tenere fuori dalla portata dei bambini. Questo non \u00e8 un medicinale.<\/p>","protected":false},"excerpt":{"rendered":"<p>Trip Stopper \u00e8 un integratore naturale studiato per aiutare a ridurre gli effetti di un (brutto) viaggio. Adatto sia ai principianti che agli utenti esperti, combina compresse di destrosio e capsule di Valerian per favorire il rilassamento e neutralizzare gli effetti negativi, aiutandovi a sentirvi pi\u00f9 preparati per la vostra esperienza.<\/p>","protected":false},"featured_media":82773,"template":"","meta":[],"product_brand":[],"product_cat":[460,297,833,831,455,400,402,812,399,384,463,834,832,456,464],"product_tag":[978],"class_list":{"0":"post-46311","1":"product","2":"type-product","3":"status-publish","4":"has-post-thumbnail","6":"product_cat-recovery","7":"product_cat-all-products","8":"product_cat-beginner-magic-mushrooms","9":"product_cat-beginner-magic-truffles","10":"product_cat-healthshop","11":"product_cat-magic-mushroom-grow-kits","12":"product_cat-magic-truffles","13":"product_cat-mcsmart-truffles","14":"product_cat-shroomshop","15":"product_cat-smartshop","16":"product_cat-sport","17":"product_cat-strong-magic-mushrooms","18":"product_cat-strong-magic-truffles","19":"product_cat-supplements","20":"product_cat-vitamins","21":"product_tag-shrdeal","22":"product_shipping_class-creditcard-on","24":"first","25":"instock","26":"taxable","27":"shipping-taxable","28":"purchasable","29":"product-type-variable","30":"has-default-attributes"},"_links":{"self":[{"href":"https:\/\/www.headshop.nl\/it\/wp-json\/wp\/v2\/product\/46311","targetHints":{"allow":["GET"]}}],"collection":[{"href":"https:\/\/www.headshop.nl\/it\/wp-json\/wp\/v2\/product"}],"about":[{"href":"https:\/\/www.headshop.nl\/it\/wp-json\/wp\/v2\/types\/product"}],"wp:featuredmedia":[{"embeddable":true,"href":"https:\/\/www.headshop.nl\/it\/wp-json\/wp\/v2\/media\/82773"}],"wp:attachment":[{"href":"https:\/\/www.headshop.nl\/it\/wp-json\/wp\/v2\/media?parent=46311"}],"wp:term":[{"taxonomy":"product_brand","embeddable":true,"href":"https:\/\/www.headshop.nl\/it\/wp-json\/wp\/v2\/product_brand?post=46311"},{"taxonomy":"product_cat","embeddable":true,"href":"https:\/\/www.headshop.nl\/it\/wp-json\/wp\/v2\/product_cat?post=46311"},{"taxonomy":"product_tag","embeddable":true,"href":"https:\/\/www.headshop.nl\/it\/wp-json\/wp\/v2\/product_tag?post=46311"}],"curies":[{"name":"wp","href":"https:\/\/api.w.org\/{rel}","templated":true}]}}