{"id":46305,"date":"2022-07-11T12:07:16","date_gmt":"2022-07-11T12:07:16","guid":{"rendered":"https:\/\/www.headshop.nl\/?post_type=product&#038;p=46305"},"modified":"2025-02-14T14:31:35","modified_gmt":"2025-02-14T14:31:35","slug":"after-e","status":"publish","type":"product","link":"https:\/\/www.headshop.nl\/it\/after-e\/","title":{"rendered":"After E"},"content":{"rendered":"<h2 data-pm-slice=\"1 1 []\">After E - Il supporto definitivo per Recovery da XTC e MDMA<\/h2>\n<h2>Che cos'\u00e8 l'After E?<\/h2>\n<p>After E \u00e8 un integratore alimentare accuratamente formulato per favorire il recupero dell'organismo dopo una serata intensa. Questa combinazione unica di un multivitaminico, una capsula di guaran\u00e0 e due capsule di L-triptofano aiuta a ripristinare i nutrienti essenziali, a eliminare pi\u00f9 rapidamente le tossine e a riportare i livelli di vitamine e minerali allo stato ottimale. Assumendo After E il giorno successivo, insieme a una sufficiente idratazione, \u00e8 possibile favorire il naturale processo di recupero dell'organismo.<\/p>\n<h2>Storia di After E<\/h2>\n<p>Lo sviluppo di After E nasce dalla crescente necessit\u00e0 di una soluzione affidabile per favorire il recupero dopo uno sforzo eccessivo. Nel corso degli anni, le industrie della salute e del benessere si sono concentrate sulla creazione di integratori che aiutano a ripristinare l'equilibrio naturale dell'organismo. After E \u00e8 stato formulato sulla base di ricerche scientifiche sui benefici di ingredienti chiave come il guaran\u00e0 e l'L-triptofano, da tempo riconosciuti per le loro propriet\u00e0 ricostituenti. Combinando questi componenti con le vitamine essenziali, After E offre una soluzione completa per il recupero, in linea con i moderni stili di vita attenti alla salute.<\/p>\n<h2>Come utilizzare l'After E<\/h2>\n<p>Per ottenere risultati ottimali, assumere After E il giorno successivo a una serata fuori con 1-4 bicchieri d'acqua. L'integratore \u00e8 concepito per essere assunto come dose singola, composta da un multivitaminico, una capsula di guaran\u00e0 e due capsule di L-triptofano. L'idratazione \u00e8 fondamentale quando si utilizza After E, in quanto aiuta a eliminare le tossine e a sostenere i processi metabolici dell'organismo. Sebbene l'After E sia molto efficace nel reintegrare i nutrienti, il mantenimento di una dieta equilibrata e un riposo sufficiente miglioreranno ulteriormente il recupero.<\/p>\n<h2>Ingredienti di After E<\/h2>\n<p>After E contiene una potente miscela di nutrienti essenziali per favorire il recupero dell'organismo. Il multivitaminico fornisce vitamine e minerali vitali per reintegrare i livelli esauriti. Guarana, una fonte naturale di caffeina, aiuta a promuovere la vigilanza e a ridurre la stanchezza. Il L-triptofano, un aminoacido essenziale, svolge un ruolo cruciale nella produzione di serotonina, che pu\u00f2 migliorare l'umore e il rilassamento. Questi ingredienti lavorano insieme per offrire una soluzione completa per il recupero, rendendo After E un integratore indispensabile per chi vuole sostenere il proprio benessere.<\/p>\n<p><strong>Avvertenze<\/strong> Questo \u00e8 un integratore alimentare e deve essere usato come tale. Non utilizzare After E come sostituto di una dieta varia. La dose consigliata \u00e8 l'intero contenuto della confezione. Non superare la dose giornaliera raccomandata. In caso di condizioni di salute o di assunzione di farmaci, consultare un medico prima dell'uso.<\/p>\n<p>&nbsp;<\/p>","protected":false},"excerpt":{"rendered":"<div class=\"product-short-description\">\n<p>Vi sentite stanchi e gi\u00f9 di morale dopo una festa, dopo aver bevuto troppo o aver assunto troppe droghe come MDMA o XTC? After-E \u00e8 ricco di vitamine e aminoacidi che riportano il vostro umore e il vostro corpo alla normalit\u00e0.<\/p>\n<\/div>","protected":false},"featured_media":46319,"template":"","meta":[],"product_brand":[],"product_cat":[460,297,461,455,463,456,464],"product_tag":[],"class_list":{"0":"post-46305","1":"product","2":"type-product","3":"status-publish","4":"has-post-thumbnail","6":"product_cat-recovery","7":"product_cat-all-products","8":"product_cat-detox","9":"product_cat-healthshop","10":"product_cat-sport","11":"product_cat-supplements","12":"product_cat-vitamins","14":"first","15":"instock","16":"taxable","17":"shipping-taxable","18":"purchasable","19":"product-type-variable","20":"has-default-attributes"},"_links":{"self":[{"href":"https:\/\/www.headshop.nl\/it\/wp-json\/wp\/v2\/product\/46305","targetHints":{"allow":["GET"]}}],"collection":[{"href":"https:\/\/www.headshop.nl\/it\/wp-json\/wp\/v2\/product"}],"about":[{"href":"https:\/\/www.headshop.nl\/it\/wp-json\/wp\/v2\/types\/product"}],"wp:featuredmedia":[{"embeddable":true,"href":"https:\/\/www.headshop.nl\/it\/wp-json\/wp\/v2\/media\/46319"}],"wp:attachment":[{"href":"https:\/\/www.headshop.nl\/it\/wp-json\/wp\/v2\/media?parent=46305"}],"wp:term":[{"taxonomy":"product_brand","embeddable":true,"href":"https:\/\/www.headshop.nl\/it\/wp-json\/wp\/v2\/product_brand?post=46305"},{"taxonomy":"product_cat","embeddable":true,"href":"https:\/\/www.headshop.nl\/it\/wp-json\/wp\/v2\/product_cat?post=46305"},{"taxonomy":"product_tag","embeddable":true,"href":"https:\/\/www.headshop.nl\/it\/wp-json\/wp\/v2\/product_tag?post=46305"}],"curies":[{"name":"wp","href":"https:\/\/api.w.org\/{rel}","templated":true}]}}