{"id":46109,"date":"2022-07-04T10:45:41","date_gmt":"2022-07-04T10:45:41","guid":{"rendered":"https:\/\/www.headshop.nl\/?post_type=product&#038;p=46109"},"modified":"2025-05-23T09:28:39","modified_gmt":"2025-05-23T09:28:39","slug":"cola-nut-capsules","status":"publish","type":"product","link":"https:\/\/www.headshop.nl\/it\/cola-nut-capsules\/","title":{"rendered":"Cola Nut Capsules"},"content":{"rendered":"<h2>Cosa sono le Cola Nut Capsules?<\/h2>\n<p>Cola Nut Capsules sono una <strong>integratore energetico naturale<\/strong> a partire dai semi della <strong>Cola Nitida<\/strong> pianta, nota anche come Kolanoot. Questo albero tropicale, imparentato con il cacao, cresce fino a <strong>20 metri di altezza<\/strong> nelle foreste pluviali dell'Africa. I semi sono naturalmente ricchi di <strong>caffeina<\/strong>che fornisce gli effetti stimolanti presenti nelle capsule Cola Nut. Simile al caff\u00e8, questo <strong>stimolante naturale<\/strong> aiuta <strong>Combatte la stanchezza, migliora la concentrazione e la prontezza mentale.<\/strong>.<\/p>\n<p>Ogni capsula fornisce un <strong>controllato e conveniente<\/strong> dose di Cola Nut, offrendo una <strong>energia pulita e naturale<\/strong> senza gli zuccheri aggiunti presenti in molte bevande energetiche. I vantaggi di Cola Nut includono <strong>aumento della resistenza, maggiore concentrazione e riduzione della stanchezza<\/strong>che lo rende un'eccellente aggiunta al vostro <strong>routine quotidiana di benessere<\/strong>.<\/p>\n<h2>Storia di Cola Nut<\/h2>\n<p>Cola Nut \u00e8 stato un <strong>culturale e medicinale<\/strong> in Africa da secoli. Tradizionalmente, le trib\u00f9 africane <strong>masticato i semi<\/strong> per mantenere l'energia durante <strong>lunghi viaggi o attivit\u00e0 fisicamente impegnative<\/strong>. Era apprezzato per la sua capacit\u00e0 di <strong>Aumenta la resistenza, migliora la concentrazione e riduce la stanchezza.<\/strong>.<\/p>\n<p>L'Cola Nut ha ottenuto un riconoscimento globale quando \u00e8 diventato un <strong>ingrediente chiave nella formula originale della Coca-Cola<\/strong>contribuendo a rendere la bevanda <strong>contenuto naturale di caffeina<\/strong>. Sebbene le bibite moderne utilizzino oggi caffeina sintetica, l'Cola Nut rimane un ingrediente molto diffuso nelle bibite. <strong>integratori a base di erbe e prodotti per l'aumento dell'energia<\/strong>. La sua naturale capacit\u00e0 di <strong>stimolare e migliorare la concentrazione<\/strong> continua a renderla una ricercata alternativa alle fonti energetiche artificiali.<\/p>\n<h2>Come utilizzare Cola Nut Capsules<\/h2>\n<p>Per ottenere risultati ottimali, <strong>assumere due capsule con un bicchiere d'acqua<\/strong> una volta al giorno. Per evitare disturbi del sonno, si raccomanda di <strong>consumare Cola Nut capsule al mattino o nel primo pomeriggio<\/strong> a causa della loro <strong>alto contenuto di caffeina<\/strong>. Questo dosaggio controllato assicura un <strong>rilascio costante di energia<\/strong> senza un'eccessiva assunzione di caffeina.<\/p>\n<p>Se non si \u00e8 abituati alla Cola Nut o se si \u00e8 sensibili alla caffeina, si consiglia di prendere in considerazione <strong>iniziare con una dose inferiore<\/strong> per valutare la risposta dell'organismo. Come per ogni altro integratore, <strong>uso coerente<\/strong> \u00e8 la chiave per sperimentare tutti i suoi benefici, tra cui <strong>maggiore concentrazione, energia sostenuta e chiarezza mentale per tutto il giorno<\/strong>.<\/p>\n<p>Oltre a potenziare l'energia, l'Cola Nut pu\u00f2 anche supportare <strong>gestione del peso<\/strong>. Il suo contenuto di caffeina pu\u00f2 aiutare <strong>aumenta il metabolismo e sopprime l'appetito<\/strong>che lo rende un'utile aggiunta a un <strong>dieta equilibrata e stile di vita attivo<\/strong>.<\/p>\n<h2>Ingredienti di Cola Nut Capsules<\/h2>\n<p>Ciascuno <strong>Indian Elements Cola Nut Capsula<\/strong> contiene un unico, potente ingrediente: <strong>Cola Nitida<\/strong>. Questo ingrediente naturale proviene dai semi del <strong>Impianto di Cola Nitida<\/strong>, nativo di <strong>Africa tropicale<\/strong>. I semi sono ricchi di <strong>caffeina<\/strong>, che \u00e8 il <strong>composto attivo primario<\/strong> responsabile dell'Cola Nut <strong>effetti stimolanti<\/strong>.<\/p>\n<p>La caffeina agisce <strong>stimolare il sistema nervoso centrale<\/strong>, contribuendo a <strong>Aumenta la vigilanza, migliora la concentrazione e combatte la stanchezza.<\/strong>. Inoltre, l'Cola Nut contiene <strong>altri composti benefici<\/strong> che possono supportare <strong>livelli di energia e metabolismo<\/strong>. Questo lo rende un <strong>alternativa naturale ed efficace<\/strong> agli stimolanti sintetici presenti nelle bevande energetiche in commercio.<\/p>\n<p>Indian Elements Cola Nut Capsules sono <strong>100% naturale, vegano e senza additivi o conservanti artificiali<\/strong>assicurandovi di ricevere un <strong>prodotto puro e di alta qualit\u00e0<\/strong> che supporta un <strong>stile di vita sano e pulito<\/strong>.<\/p>\n<p><strong>Avvertenze<\/strong><\/p>\n<ul>\n<li><strong>Solo per adulti dai 18 anni in su.<\/strong><\/li>\n<li><strong>Tenere fuori dalla portata dei bambini.<\/strong><\/li>\n<li>Non utilizzare Cola Nut in combinazione con <strong>Inibitori delle MAO<\/strong>.<\/li>\n<li>Non \u00e8 raccomandato per i soggetti con <strong>patologie renali o cardiache, pressione alta o bassa o diabete<\/strong>.<\/li>\n<li>Evitare l'uso se si \u00e8 sotto l'effetto di <strong>farmaci, droghe o alcol<\/strong>.<\/li>\n<li>Consultare sempre un <strong>operatore sanitario<\/strong> prima di iniziare un nuovo integratore.<\/li>\n<li>Questo prodotto \u00e8 un <strong>integratore alimentare<\/strong> e deve essere utilizzato come parte di un <strong>dieta equilibrata<\/strong>.<\/li>\n<li><strong>Non utilizzare se il sigillo \u00e8 rotto.<\/strong><\/li>\n<\/ul>","protected":false},"excerpt":{"rendered":"<p>Le capsule di Cola Nut di Indian Elements danno una spinta energetica del tutto naturale. Questo effetto \u00e8 creato dalla caffeina contenuta in questa erba. L'integratore pu\u00f2, tra l'altro, migliorare la concentrazione e combattere la stanchezza. State lavorando per perdere peso? Anche in questo caso, Cola Nut pu\u00f2 fornire un supporto in vari modi. La perdita di peso pu\u00f2 essere un po' pi\u00f9 rapida e sar\u00e0 anche pi\u00f9 facile da mantenere.<\/p>","protected":false},"featured_media":82097,"template":"","meta":[],"product_brand":[],"product_cat":[814,297,455,389,457,407,384,463,456],"product_tag":[],"class_list":{"0":"post-46109","1":"product","2":"type-product","3":"status-publish","4":"has-post-thumbnail","6":"product_cat-indian-elements","7":"product_cat-all-products","8":"product_cat-healthshop","9":"product_cat-herbs","10":"product_cat-herbs-healthshop","11":"product_cat-medicinal-herbs","12":"product_cat-smartshop","13":"product_cat-sport","14":"product_cat-supplements","16":"first","17":"instock","18":"taxable","19":"shipping-taxable","20":"purchasable","21":"product-type-variable","22":"has-default-attributes"},"_links":{"self":[{"href":"https:\/\/www.headshop.nl\/it\/wp-json\/wp\/v2\/product\/46109","targetHints":{"allow":["GET"]}}],"collection":[{"href":"https:\/\/www.headshop.nl\/it\/wp-json\/wp\/v2\/product"}],"about":[{"href":"https:\/\/www.headshop.nl\/it\/wp-json\/wp\/v2\/types\/product"}],"wp:featuredmedia":[{"embeddable":true,"href":"https:\/\/www.headshop.nl\/it\/wp-json\/wp\/v2\/media\/82097"}],"wp:attachment":[{"href":"https:\/\/www.headshop.nl\/it\/wp-json\/wp\/v2\/media?parent=46109"}],"wp:term":[{"taxonomy":"product_brand","embeddable":true,"href":"https:\/\/www.headshop.nl\/it\/wp-json\/wp\/v2\/product_brand?post=46109"},{"taxonomy":"product_cat","embeddable":true,"href":"https:\/\/www.headshop.nl\/it\/wp-json\/wp\/v2\/product_cat?post=46109"},{"taxonomy":"product_tag","embeddable":true,"href":"https:\/\/www.headshop.nl\/it\/wp-json\/wp\/v2\/product_tag?post=46109"}],"curies":[{"name":"wp","href":"https:\/\/api.w.org\/{rel}","templated":true}]}}