{"id":46107,"date":"2022-07-04T10:45:36","date_gmt":"2022-07-04T10:45:36","guid":{"rendered":"https:\/\/www.headshop.nl\/?post_type=product&#038;p=46107"},"modified":"2025-05-23T09:28:45","modified_gmt":"2025-05-23T09:28:45","slug":"absinth-capsules","status":"publish","type":"product","link":"https:\/\/www.headshop.nl\/it\/absinth-capsules\/","title":{"rendered":"Absinth Capsules"},"content":{"rendered":"<h2>Che cos'\u00e8 l'Absinth?<\/h2>\n<p>L'Absinth, ricavato dall'Artemisia Absinthium (nota anche come Alsemkruid o Absinthe), \u00e8 un'erba rinomata per i suoi usi storici e medicinali. Questa pianta \u00e8 nota per il suo caratteristico sapore amaro e, sebbene sia famosa soprattutto come ingrediente della bevanda alcolica Absinthe, i suoi benefici vanno ben oltre. L'erba favorisce una sana digestione stimolando l'appetito e promuovendo la salute gastrointestinale. Inoltre, la Absinth \u00e8 riconosciuta per i suoi effetti calmanti e rilassanti. La storia della pianta \u00e8 ricca di storie di antiche civilt\u00e0 che la utilizzavano per vari scopi medicinali e, in tempi moderni, \u00e8 ricercata per le sue propriet\u00e0 naturali. Conosciuta per il suo potenziale stimolante della creativit\u00e0, la Absinth \u00e8 stata persino collegata a effetti allucinogeni se combinata con l'alcol, il che l'ha resa popolare tra gli artisti in passato. Oggi \u00e8 apprezzata per i suoi benefici olistici, tra cui la capacit\u00e0 di favorire il rilassamento e la chiarezza mentale.<\/p>\n<h2>Storia di Absinth<\/h2>\n<p>L'Absinth ha una lunga storia che affonda le sue radici nell'antichit\u00e0. I greci e i romani furono tra i primi a riconoscerne le qualit\u00e0 medicinali, utilizzandolo per trattare una serie di disturbi e promuovere la salute. A quei tempi, i viaggiatori mettevano spesso l'Absinth nelle scarpe per alleviare il dolore ai piedi e prevenire le infezioni. Con il passare dei secoli, l'Absinth divenne pi\u00f9 conosciuto, soprattutto nel XIX secolo, quando divenne l'ingrediente principale della bevanda alcolica Absinthe. L'Absinthe era famosa per le sue propriet\u00e0 stimolanti e si dice che molti artisti famosi, come Van Gogh e Picasso, la consumassero per i suoi presunti effetti di miglioramento della creativit\u00e0. Tuttavia, la reputazione dell'erba fu macchiata dalle preoccupazioni per i suoi effetti psicoattivi, che portarono a un periodo di divieto. Questi divieti sono stati infine revocati quando si \u00e8 stabilito che l'erba non era cos\u00ec tossica come si credeva inizialmente. L'Absinth \u00e8 oggi considerato un integratore naturale dai molteplici benefici, che continua a conquistare persone in tutto il mondo.<\/p>\n<h2>Come utilizzare Absinth<\/h2>\n<p>L'uso della Absinth \u00e8 semplice, ma \u00e8 importante usarla con cautela. Il dosaggio consigliato \u00e8 di 1 grammo al giorno, che pu\u00f2 essere consumato in varie forme, come t\u00e8 preparato, capsule o tinture. Il sapore amaro della Absinth \u00e8 benefico per la digestione, la stimolazione dell'appetito e la salute gastrointestinale in generale. Offre inoltre una sensazione di relax, che la rende un'ottima opzione per rilassarsi alla fine di una lunga giornata. Tuttavia, \u00e8 essenziale non fare un uso eccessivo di Absinth, poich\u00e9 pu\u00f2 provocare effetti allucinatori, soprattutto se associata all'alcol. Per coloro che cercano di rilassarsi o di aumentare la creativit\u00e0, l'Absinth pu\u00f2 essere un utile integratore per sostenere questi obiettivi. Evitare sempre attivit\u00e0 come la guida in stato di ebbrezza e limitare l'assunzione a dosi occasionali. Assicuratevi di seguire le linee guida per il dosaggio raccomandato e osservate come il vostro corpo risponde a questa erba.<\/p>\n<h2>Ingredienti di Absinth<\/h2>\n<p>L'ingrediente chiave di Indian Elements' Absinth \u00e8 l'Artemisia Absinthium, nota anche come Alsemkruid o Absinthe. Questa erba \u00e8 ricca di composti naturali, tra cui sostanze amare che stimolano la digestione, aumentano l'appetito e promuovono la salute gastrointestinale. L'Absinth contiene anche il tujone, che un tempo si pensava fosse dannoso ma che oggi si sa che contribuisce agli effetti psicoattivi dell'erba. Storicamente \u00e8 stata associata alla bevanda Absinthe, ma i suoi benefici per la salute vanno ben oltre. L'amaro dell'erba \u00e8 noto per calmare lo stomaco, alleviare i disturbi digestivi e creare un senso di rilassamento. L'Indian Elements' Absinth viene acquistato con cura per garantire che le potenti propriet\u00e0 della pianta siano preservate. Questo prodotto naturale e vegano \u00e8 un'aggiunta perfetta alla vostra routine di benessere, che supporta sia il benessere fisico che quello mentale.<\/p>\n<p><strong>Avvertenze<\/strong><br \/>\nDa utilizzare solo da persone di et\u00e0 superiore ai 18 anni. Tenere fuori dalla portata dei bambini.<br \/>\nEvitare l'uso regolare di questo prodotto. Non guidare o azionare macchinari sotto l'effetto di Absinth. Le persone affette da patologie cardiache o renali, da pressione alta o bassa, da diabete o che assumono farmaci non devono utilizzare questa erba. L'Absinth non \u00e8 un farmaco; \u00e8 un integratore alimentare e deve essere usato di conseguenza. Non acquistare se il sigillo \u00e8 rotto.<\/p>","protected":false},"excerpt":{"rendered":"<p>Le capsule Absinth di Indian Elements contengono un estratto dell'erba dell'assenzio. Questa pianta ha acquisito uno status quasi mitico nel corso dei secoli. Conosciamo l'erba soprattutto grazie alla famigerata bevanda alcolica Absinth, che era popolare tra diversi pittori famosi. Tuttavia, l'erba dell'assenzio viene utilizzata ancora oggi in molti altri modi. Ha alcune propriet\u00e0 speciali.<\/p>","protected":false},"featured_media":82100,"template":"","meta":[],"product_brand":[],"product_cat":[814,297,455,389,457,407,384,463,456],"product_tag":[],"class_list":{"0":"post-46107","1":"product","2":"type-product","3":"status-publish","4":"has-post-thumbnail","6":"product_cat-indian-elements","7":"product_cat-all-products","8":"product_cat-healthshop","9":"product_cat-herbs","10":"product_cat-herbs-healthshop","11":"product_cat-medicinal-herbs","12":"product_cat-smartshop","13":"product_cat-sport","14":"product_cat-supplements","16":"first","17":"instock","18":"taxable","19":"shipping-taxable","20":"purchasable","21":"product-type-variable","22":"has-default-attributes"},"_links":{"self":[{"href":"https:\/\/www.headshop.nl\/it\/wp-json\/wp\/v2\/product\/46107","targetHints":{"allow":["GET"]}}],"collection":[{"href":"https:\/\/www.headshop.nl\/it\/wp-json\/wp\/v2\/product"}],"about":[{"href":"https:\/\/www.headshop.nl\/it\/wp-json\/wp\/v2\/types\/product"}],"wp:featuredmedia":[{"embeddable":true,"href":"https:\/\/www.headshop.nl\/it\/wp-json\/wp\/v2\/media\/82100"}],"wp:attachment":[{"href":"https:\/\/www.headshop.nl\/it\/wp-json\/wp\/v2\/media?parent=46107"}],"wp:term":[{"taxonomy":"product_brand","embeddable":true,"href":"https:\/\/www.headshop.nl\/it\/wp-json\/wp\/v2\/product_brand?post=46107"},{"taxonomy":"product_cat","embeddable":true,"href":"https:\/\/www.headshop.nl\/it\/wp-json\/wp\/v2\/product_cat?post=46107"},{"taxonomy":"product_tag","embeddable":true,"href":"https:\/\/www.headshop.nl\/it\/wp-json\/wp\/v2\/product_tag?post=46107"}],"curies":[{"name":"wp","href":"https:\/\/api.w.org\/{rel}","templated":true}]}}