{"id":46089,"date":"2022-07-04T10:41:47","date_gmt":"2022-07-04T10:41:47","guid":{"rendered":"https:\/\/www.headshop.nl\/?post_type=product&#038;p=46089"},"modified":"2025-05-23T09:28:49","modified_gmt":"2025-05-23T09:28:49","slug":"valerian","status":"publish","type":"product","link":"https:\/\/www.headshop.nl\/it\/valerian\/","title":{"rendered":"Valerian Capsules"},"content":{"rendered":"<h2>Cosa sono i cappucci Valerian?<\/h2>\n<p>Le capsule Valerian sono un integratore alimentare ricavato dalla pianta Valerian (Valeriana Officinalis), nota per i suoi effetti calmanti e lenitivi sull'organismo. Queste capsule sono state appositamente studiate per contribuire a ridurre lo stress, alleviare l'ansia e migliorare la qualit\u00e0 del sonno. La Valerian \u00e8 stata utilizzata per secoli come rimedio naturale per promuovere il rilassamento, alleviare la tensione nervosa e favorire un sonno ristoratore. La pianta Valerian \u00e8 utile anche per alleviare crampi muscolari, mal di testa e dolore, rendendo queste capsule versatili per vari problemi di salute comuni. Le capsule di Valerian sono un modo semplice e naturale per introdurre i benefici calmanti di Valerian nella vostra routine, aiutandovi a trovare sollievo da stress, tensione e disturbi del sonno.<\/p>\n<h2>Storia dei tappi Valerian<\/h2>\n<p>L'Valerian (Valeriana Officinalis) ha una lunga storia, che risale a civilt\u00e0 antiche come la Grecia e Roma, dove veniva usato per trattare l'insonnia e le condizioni nervose. I suoi effetti calmanti erano ben noti e i guaritori di quei tempi prescrivevano la Valerian per alleviare l'ansia, ridurre lo stress e favorire un sonno migliore. Nel corso dei secoli, l'Valerian ha continuato a essere un rimedio erboristico ampiamente utilizzato per vari disturbi. Oggi, gli studi moderni confermano l'efficacia dell'Valerian nel favorire il rilassamento e migliorare il sonno, e rimane un integratore naturale molto apprezzato. Indian Elements ha sfruttato i benefici di questa antica erba nelle sue capsule Valerian, offrendo un modo pratico e moderno per sperimentare i suoi effetti calmanti, sia per alleviare lo stress che per migliorare il sonno. Le qualit\u00e0 calmanti della pianta Valerian continuano a renderla un elemento essenziale della fitoterapia.<\/p>\n<h2>Come utilizzare i tappi Valerian<\/h2>\n<p>Le capsule Valerian sono semplici da usare: basta assumerne una alla volta con un bicchiere d'acqua. Per ottenere risultati ottimali, assumere le capsule la sera o prima di andare a letto per favorire un sonno tranquillo e riposante. \u00c8 possibile assumere Valerian Caps anche nei periodi di maggiore stress, ansia o disagio muscolare per aiutare a calmare il corpo e la mente. Come per tutti gli integratori, \u00e8 importante seguire il dosaggio consigliato e consultare un operatore sanitario se si hanno condizioni mediche preesistenti o si assumono altri farmaci. Assicurarsi di non superare il dosaggio consigliato per ottenere risultati ottimali.<\/p>\n<h2>Ingredienti di Valerian Caps<\/h2>\n<p>L'ingrediente chiave di Valerian Caps \u00e8 la Valeriana Officinalis, nota anche come radice di Valerian. Questa pianta \u00e8 apprezzata per i suoi effetti calmanti naturali, grazie a composti come l'acido valerenico, che aiuta a rilassare il sistema nervoso. La Valerian \u00e8 stata a lungo utilizzata per ridurre l'ansia, favorire il rilassamento e migliorare la qualit\u00e0 del sonno. \u00c8 un'alternativa naturale ai farmaci per chi cerca un modo delicato di gestire lo stress e l'insonnia. Indian Elements utilizza solo Valerian di alta qualit\u00e0 per garantire i massimi effetti terapeutici di ogni capsula. Il prodotto \u00e8 interamente naturale e vegano, il che lo rende adatto a un'ampia gamma di esigenze e preferenze alimentari.<\/p>\n<p><strong>Avvertenze<\/strong><br \/>\nValerian I tappi sono riservati agli adulti. Tenere fuori dalla portata dei bambini. Non utilizzare questo prodotto in combinazione con gli inibitori MAO. Le persone con problemi ai reni o al cuore, con pressione sanguigna alta o bassa, con diabete o che assumono farmaci, droghe o alcol devono evitare questo integratore. Valerian non \u00e8 un farmaco ma un integratore alimentare e deve essere usato come tale. Non acquistare se il sigillo \u00e8 rotto.<\/p>","protected":false},"excerpt":{"rendered":"<p>I tappi Valerian di Indian Elements contengono un estratto della speciale pianta Valerian. L'Valerian \u00e8 cos\u00ec speciale perch\u00e9 ha la propriet\u00e0 di calmare il corpo in diversi modi. Ad esempio, questa erba pu\u00f2 essere usata per la tensione, lo stress e l'ansia. L'Valerian ha anche la propriet\u00e0 di migliorare il sonno. Si tratta quindi di un prodotto naturale molto apprezzato, in grado di favorire vari disturbi del sonno come l'insonnia. Soffrite di mal di testa, dolori muscolari e crampi? I tappi di Valerian di Indian Elements possono offrire una soluzione anche in questo caso.<\/p>","protected":false},"featured_media":82103,"template":"","meta":[],"product_brand":[],"product_cat":[814,297,455,389,457,407,384,463,456],"product_tag":[],"class_list":{"0":"post-46089","1":"product","2":"type-product","3":"status-publish","4":"has-post-thumbnail","6":"product_cat-indian-elements","7":"product_cat-all-products","8":"product_cat-healthshop","9":"product_cat-herbs","10":"product_cat-herbs-healthshop","11":"product_cat-medicinal-herbs","12":"product_cat-smartshop","13":"product_cat-sport","14":"product_cat-supplements","16":"first","17":"instock","18":"taxable","19":"shipping-taxable","20":"purchasable","21":"product-type-variable","22":"has-default-attributes"},"_links":{"self":[{"href":"https:\/\/www.headshop.nl\/it\/wp-json\/wp\/v2\/product\/46089","targetHints":{"allow":["GET"]}}],"collection":[{"href":"https:\/\/www.headshop.nl\/it\/wp-json\/wp\/v2\/product"}],"about":[{"href":"https:\/\/www.headshop.nl\/it\/wp-json\/wp\/v2\/types\/product"}],"wp:featuredmedia":[{"embeddable":true,"href":"https:\/\/www.headshop.nl\/it\/wp-json\/wp\/v2\/media\/82103"}],"wp:attachment":[{"href":"https:\/\/www.headshop.nl\/it\/wp-json\/wp\/v2\/media?parent=46089"}],"wp:term":[{"taxonomy":"product_brand","embeddable":true,"href":"https:\/\/www.headshop.nl\/it\/wp-json\/wp\/v2\/product_brand?post=46089"},{"taxonomy":"product_cat","embeddable":true,"href":"https:\/\/www.headshop.nl\/it\/wp-json\/wp\/v2\/product_cat?post=46089"},{"taxonomy":"product_tag","embeddable":true,"href":"https:\/\/www.headshop.nl\/it\/wp-json\/wp\/v2\/product_tag?post=46089"}],"curies":[{"name":"wp","href":"https:\/\/api.w.org\/{rel}","templated":true}]}}