{"id":46087,"date":"2022-07-04T10:39:25","date_gmt":"2022-07-04T10:39:25","guid":{"rendered":"https:\/\/www.headshop.nl\/?post_type=product&#038;p=46087"},"modified":"2025-05-23T09:28:55","modified_gmt":"2025-05-23T09:28:55","slug":"guarana","status":"publish","type":"product","link":"https:\/\/www.headshop.nl\/it\/guarana\/","title":{"rendered":"Guarana Capsules"},"content":{"rendered":"<h2>Cosa sono le Guarana Capsules?<\/h2>\n<p>Indian Elements Guarana Capsules sono un integratore energetico naturale ricavato dai semi della pianta del <strong>Paullinia Cupana<\/strong> pianta originaria della foresta amazzonica. Utilizzato da secoli dalle trib\u00f9 indigene per i suoi effetti stimolanti, il guaran\u00e0 \u00e8 noto per i suoi <strong>elevato contenuto di caffeina, da 4 a 6 volte superiore a quello del caff\u00e8<\/strong>-facendo s\u00ec che sia un potente e duraturo stimolatore di energia.<\/p>\n<p>A differenza del caff\u00e8, che fornisce un rapido picco di caffeina, il guaran\u00e0 rilascia la sua caffeina in modo graduale. Questo garantisce <strong>livelli di energia sostenuti<\/strong> senza il crollo improvviso che spesso segue il consumo di caff\u00e8. Le capsule offrono un modo conveniente per sperimentare i benefici del guaran\u00e0, sostenendo <strong>prestazioni sia mentali che fisiche<\/strong>. Sia che abbiate bisogno di rimanere vigili durante le lunghe ore di lavoro, sia che abbiate bisogno di una maggiore resistenza per le attivit\u00e0 fisiche, Indian Elements Guarana Capsules forniscono un'ottima soluzione per le vostre esigenze. <strong>soluzione energetica naturale ed equilibrata<\/strong>.<\/p>\n<h2>Storia di Guarana<\/h2>\n<p>Guarana ha una storia profonda in Amazzonia, dove le trib\u00f9 indigene lo usano da secoli per scopi medicinali e cerimoniali. In alcune culture, il guaran\u00e0 \u00e8 considerato <strong>significato spirituale e culturale<\/strong>, intrecciata nei rituali quotidiani e nelle pratiche di sopravvivenza. Tradizionalmente, veniva usato come <strong>stimolante per la caccia e la guerra<\/strong>, contribuendo a migliorare <strong>concentrazione, resistenza e livelli di energia<\/strong>.<\/p>\n<p>Man mano che le sue propriet\u00e0 energizzanti sono state riconosciute, il guaran\u00e0 si \u00e8 diffuso anche al di fuori dell'Amazzonia, diventando un ingrediente chiave di <strong>bevande energetiche, integratori e prodotti per la perdita di peso<\/strong>. Oggi \u00e8 apprezzato in tutto il mondo per le sue <strong>capacit\u00e0 naturale di aumentare l'energia e la concentrazione<\/strong> senza gli effetti collaterali negativi degli stimolanti sintetici.<\/p>\n<h2>Come utilizzare Guarana Capsules<\/h2>\n<p>Per ottenere risultati ottimali, <strong>assumere una capsula con un bicchiere d'acqua<\/strong> come parte della routine quotidiana. \u00c8 preferibile consumare Guarana Capsules nella <strong>mattina o primo pomeriggio<\/strong> per prevenire eventuali disturbi del sonno causati dall'elevato contenuto di caffeina. Grazie al guaran\u00e0 <strong>rilascio graduale di caffeina<\/strong>, sperimenterete <strong>energia e concentrazione di lunga durata<\/strong> senza il nervosismo o il crash associati al caff\u00e8 o alle bevande energetiche.<\/p>\n<p>Se si \u00e8 sensibili alla caffeina o si \u00e8 alle prime armi con il guaran\u00e0, si pu\u00f2 iniziare con un <strong>dose ridotta<\/strong> e monitorare la reazione del corpo. Guarana \u00e8 noto per <strong>aumentando la chiarezza mentale, migliorando la concentrazione e incrementando le prestazioni fisiche.<\/strong>\u00e8 un ottimo integratore per <strong>atleti, studenti e professionisti<\/strong> che cercano di rimanere lucidi ed energici per tutto il giorno.<\/p>\n<p>Oltre ad aumentare l'energia, il guaran\u00e0 pu\u00f2 favorire <strong>gestione del peso<\/strong>, grazie alla sua <strong>propriet\u00e0 blandamente inibitorie dell'appetito e ricco contenuto di antiossidanti<\/strong>. Questo lo rende una scelta popolare per gli individui che desiderano <strong>mantenere una dieta sana e una routine di fitness<\/strong>.<\/p>\n<h2>Ingredienti di Guarana Capsules<\/h2>\n<p>L'unico ingrediente attivo di Indian Elements Guarana Capsules \u00e8 <strong>Paullinia Cupana<\/strong>, il seme naturale di guaran\u00e0. Questi semi sono ricchi di caffeina, il composto principale responsabile delle propriet\u00e0 del guaran\u00e0. <strong>potenti effetti energizzanti<\/strong>. Contenente <strong>Da 4 a 6 volte pi\u00f9 caffeina del caff\u00e8<\/strong>Il guaran\u00e0 \u00e8 una delle sostanze pi\u00f9 <strong>potenti stimolanti naturali disponibili<\/strong>.<\/p>\n<p>Oltre alla caffeina, i semi di guaran\u00e0 sono ricchi di <strong>antiossidanti<\/strong> che aiutano a combattere <strong>stress ossidativo<\/strong> e promuovere il benessere generale. A differenza degli stimolanti sintetici, il guaran\u00e0 fornisce una <strong>energia equilibrata e sostenibile<\/strong> senza alti e bassi estremi.<\/p>\n<p>Indian Elements Guarana Capsules sono <strong>100% naturale, vegano e privo di additivi artificiali<\/strong>assicurandovi di ricevere un <strong>puro e di alta qualit\u00e0<\/strong> integratore che supporta un <strong>stile di vita sano<\/strong>.<\/p>\n<p><strong>Avvertenze<\/strong><\/p>\n<ul>\n<li><strong>Solo per adulti dai 18 anni in su.<\/strong><\/li>\n<li><strong>Tenere fuori dalla portata dei bambini.<\/strong><\/li>\n<li>Non \u00e8 raccomandato per i soggetti con <strong>condizioni cardiache<\/strong>.<\/li>\n<li>Consultare un <strong>operatore sanitario<\/strong> prima dell'uso, in caso di problemi medici.<\/li>\n<li>Questo \u00e8 un <strong>integratore alimentare<\/strong> e dovrebbe essere utilizzato come parte di una dieta equilibrata.<\/li>\n<li><strong>Non utilizzare se il sigillo \u00e8 rotto.<\/strong><\/li>\n<\/ul>","protected":false},"excerpt":{"rendered":"<p>Guarana da Indian Elements \u00e8 un potenziatore di energia naturale. Poich\u00e9 l'erba \u00e8 ricca di caffeina, pu\u00f2 contribuire a migliorare le prestazioni fisiche e mentali. Ad esempio, il prodotto pu\u00f2 fornire pi\u00f9 energia e una migliore concentrazione. Per questo motivo le capsule di Guarana sono amate, tra gli altri, da atleti e studenti che svolgono lavoro notturno.<\/p>","protected":false},"featured_media":82106,"template":"","meta":[],"product_brand":[],"product_cat":[814,297,455,457,389,407,384,463,456],"product_tag":[],"class_list":{"0":"post-46087","1":"product","2":"type-product","3":"status-publish","4":"has-post-thumbnail","6":"product_cat-indian-elements","7":"product_cat-all-products","8":"product_cat-healthshop","9":"product_cat-herbs-healthshop","10":"product_cat-herbs","11":"product_cat-medicinal-herbs","12":"product_cat-smartshop","13":"product_cat-sport","14":"product_cat-supplements","16":"first","17":"instock","18":"taxable","19":"shipping-taxable","20":"purchasable","21":"product-type-variable","22":"has-default-attributes"},"_links":{"self":[{"href":"https:\/\/www.headshop.nl\/it\/wp-json\/wp\/v2\/product\/46087","targetHints":{"allow":["GET"]}}],"collection":[{"href":"https:\/\/www.headshop.nl\/it\/wp-json\/wp\/v2\/product"}],"about":[{"href":"https:\/\/www.headshop.nl\/it\/wp-json\/wp\/v2\/types\/product"}],"wp:featuredmedia":[{"embeddable":true,"href":"https:\/\/www.headshop.nl\/it\/wp-json\/wp\/v2\/media\/82106"}],"wp:attachment":[{"href":"https:\/\/www.headshop.nl\/it\/wp-json\/wp\/v2\/media?parent=46087"}],"wp:term":[{"taxonomy":"product_brand","embeddable":true,"href":"https:\/\/www.headshop.nl\/it\/wp-json\/wp\/v2\/product_brand?post=46087"},{"taxonomy":"product_cat","embeddable":true,"href":"https:\/\/www.headshop.nl\/it\/wp-json\/wp\/v2\/product_cat?post=46087"},{"taxonomy":"product_tag","embeddable":true,"href":"https:\/\/www.headshop.nl\/it\/wp-json\/wp\/v2\/product_tag?post=46087"}],"curies":[{"name":"wp","href":"https:\/\/api.w.org\/{rel}","templated":true}]}}