{"id":46001,"date":"2022-07-04T10:15:46","date_gmt":"2022-07-04T10:15:46","guid":{"rendered":"https:\/\/www.headshop.nl\/?post_type=product&#038;p=46001"},"modified":"2025-05-23T09:29:18","modified_gmt":"2025-05-23T09:29:18","slug":"relax-mix","status":"publish","type":"product","link":"https:\/\/www.headshop.nl\/it\/relax-mix\/","title":{"rendered":"Miscela Relax"},"content":{"rendered":"<h2>Che cos'\u00e8 la miscela Relax?<\/h2>\n<p>Relax Mix di Indian Elements \u00e8 una combinazione di erbe appositamente studiata per aiutarvi a rilassarvi e a ritrovare la serenit\u00e0. Questa miscela contiene tre note erbe calmanti: Passion Flower (Passiflora Incarnata), Woodruff (Asperula Odorata) e Catmint (Nepeta Cataria). Queste erbe, note singolarmente per i loro effetti rilassanti, insieme creano una potente miscela che favorisce il rilassamento e la calma mentale. Perfetta da utilizzare nella routine quotidiana di benessere, la miscela Relax \u00e8 particolarmente utile per alleviare lo stress e favorire un sonno ristoratore. \u00c8 anche comunemente usato per sostenere la salute dell'apparato digerente.<\/p>\n<p>Che siate alla ricerca di un modo pacifico per concludere la giornata o di un rimedio naturale per lo stress, la miscela Relax offre una soluzione delicata. Questa miscela di erbe da 50 grammi \u00e8 ideale per chiunque voglia provare un senso di benessere e tranquillit\u00e0. La miscela \u00e8 facile da preparare e pu\u00f2 essere gustata come t\u00e8 calmante o incorporata in altre pratiche di benessere per ottenere risultati ottimali.<\/p>\n<h2>Storia della miscela Relax<\/h2>\n<p>La miscela Relax si basa su secoli di tradizioni erboristiche utilizzate in tutto il mondo per promuovere la salute e il relax. L'Passion Flower, l'Woodruff e l'Catmint sono da tempo apprezzati per le loro propriet\u00e0 calmanti. L'Passion Flower \u00e8 stato utilizzato dalle trib\u00f9 dei nativi americani per la sua capacit\u00e0 di alleviare l'ansia e indurre il sonno. Analogamente, l'Catmint, con i suoi lievi effetti sedativi, ha una storia profondamente radicata nelle pratiche erboristiche europee e nordamericane. La Woodruff, apprezzata per le sue qualit\u00e0 calmanti, \u00e8 stata una base della medicina europea fin dal Medioevo.<\/p>\n<p>Queste erbe sono state selezionate non solo per i loro benefici terapeutici individuali, ma anche per i potenti effetti che producono quando vengono combinate. Nel corso del tempo, questa miscela \u00e8 stata perfezionata fino a diventare la miscela Relax disponibile oggi. Con la crescita dell'interesse per i rimedi naturali, la miscela Relax ha guadagnato popolarit\u00e0 per la sua capacit\u00e0 di aiutare le persone a trovare la tranquillit\u00e0 mentale e fisica senza ricorrere a sostanze artificiali o sintetiche.<\/p>\n<h2>Come utilizzare la miscela Relax<\/h2>\n<p>La miscela Relax \u00e8 versatile e pu\u00f2 essere utilizzata in diversi modi per portare relax e calma. Il metodo pi\u00f9 diffuso \u00e8 la preparazione di un t\u00e8 rilassante. \u00c8 sufficiente mettere in infusione un grammo di miscela di erbe in acqua calda per 5-10 minuti, per permettere alle erbe di infondere e rilasciare le loro propriet\u00e0 calmanti. Questo t\u00e8 \u00e8 perfetto per rilassarsi alla fine di una giornata intensa o per prepararsi a un sonno ristoratore.<\/p>\n<p>Oltre al t\u00e8, la miscela Relax pu\u00f2 essere utilizzata anche nei bagni o applicata come cataplasma per il rilassamento topico. L'aroma calmante delle erbe pu\u00f2 essere sfruttato anche in aromaterapia, dove il loro profumo rilassante favorisce la tranquillit\u00e0. Per ottenere risultati ottimali, non consumare pi\u00f9 di un grammo al giorno. L'uso regolare della miscela Relax pu\u00f2 aumentare i suoi benefici, ma un consumo eccessivo pu\u00f2 portare a effetti indesiderati.<\/p>\n<h2>Ingredienti della miscela Relax<\/h2>\n<p>La miscela Indian Elements' Relax \u00e8 composta da tre ingredienti vegetali completamente naturali: Asperula Odorata (Sweet Woodruff), Nepeta Cataria (Catmint) e Passiflora Incarnata (Passion Flower). Ogni ingrediente ha propriet\u00e0 terapeutiche uniche. L'Passion Flower \u00e8 noto per la sua capacit\u00e0 di calmare la mente, alleviare l'ansia e favorire il sonno, il che lo rende una scelta popolare in erboristeria per alleviare lo stress.<\/p>\n<p>Catmint, membro della famiglia della menta, \u00e8 nota per i suoi lievi effetti sedativi e viene utilizzata per alleviare lo stress e l'ansia lieve. La Sweet Woodruff, un'erba utilizzata da secoli nella medicina europea, \u00e8 apprezzata per le sue leggere propriet\u00e0 sedative, che aiutano ad alleviare la tensione e a favorire il rilassamento. La combinazione di queste tre erbe costituisce un potente rimedio naturale contro lo stress, l'ansia e l'insonnia.<\/p>\n<p>Questa miscela non contiene THC ed \u00e8 completamente naturale, vegana e priva di additivi artificiali, il che la rende una scelta sicura e salutare per chiunque cerchi un modo naturale di rilassarsi.<\/p>\n<p><strong>Attenzione:<\/strong><\/p>\n<p>Non adatto a persone di et\u00e0 inferiore ai 18 anni. Tenere fuori dalla portata dei bambini. Sconsigliato a chi soffre di patologie renali o cardiache, pressione alta o bassa, diabete o a chi fa uso di farmaci, alcol o droghe ricreative. Questo prodotto non \u00e8 un farmaco e non deve essere usato come tale. \u00c8 un integratore alimentare e deve essere consumato di conseguenza. Non acquistare se il sigillo \u00e8 rotto.<\/p>","protected":false},"excerpt":{"rendered":"<p>Indian Elements' Relax Mix \u00e8 una miscela di erbe calmante che favorisce il rilassamento e la tranquillit\u00e0. Combinando tre potenti erbe - Passion Flower, Catmint e Sweet Woodruff - questa miscela \u00e8 perfetta per alleviare lo stress e favorire un sonno ristoratore. Grazie alle sue propriet\u00e0 calmanti, aiuta a portare pace e relax, soprattutto nei momenti di sovraffaticamento. Pu\u00f2 essere gustata in vari modi, ad esempio come tisana confortante.<\/p>","protected":false},"featured_media":82118,"template":"","meta":[],"product_brand":[],"product_cat":[814,297,391,455,389,457,407,406,396,405,384],"product_tag":[],"class_list":{"0":"post-46001","1":"product","2":"type-product","3":"status-publish","4":"has-post-thumbnail","6":"product_cat-indian-elements","7":"product_cat-all-products","8":"product_cat-extracts","9":"product_cat-healthshop","10":"product_cat-herbs","11":"product_cat-herbs-healthshop","12":"product_cat-medicinal-herbs","13":"product_cat-psychedelic-herbs","14":"product_cat-relax","15":"product_cat-relax-herbs","16":"product_cat-smartshop","18":"first","19":"instock","20":"taxable","21":"shipping-taxable","22":"purchasable","23":"product-type-variable","24":"has-default-attributes"},"_links":{"self":[{"href":"https:\/\/www.headshop.nl\/it\/wp-json\/wp\/v2\/product\/46001","targetHints":{"allow":["GET"]}}],"collection":[{"href":"https:\/\/www.headshop.nl\/it\/wp-json\/wp\/v2\/product"}],"about":[{"href":"https:\/\/www.headshop.nl\/it\/wp-json\/wp\/v2\/types\/product"}],"wp:featuredmedia":[{"embeddable":true,"href":"https:\/\/www.headshop.nl\/it\/wp-json\/wp\/v2\/media\/82118"}],"wp:attachment":[{"href":"https:\/\/www.headshop.nl\/it\/wp-json\/wp\/v2\/media?parent=46001"}],"wp:term":[{"taxonomy":"product_brand","embeddable":true,"href":"https:\/\/www.headshop.nl\/it\/wp-json\/wp\/v2\/product_brand?post=46001"},{"taxonomy":"product_cat","embeddable":true,"href":"https:\/\/www.headshop.nl\/it\/wp-json\/wp\/v2\/product_cat?post=46001"},{"taxonomy":"product_tag","embeddable":true,"href":"https:\/\/www.headshop.nl\/it\/wp-json\/wp\/v2\/product_tag?post=46001"}],"curies":[{"name":"wp","href":"https:\/\/api.w.org\/{rel}","templated":true}]}}