{"id":45979,"date":"2022-07-04T10:09:45","date_gmt":"2022-07-04T10:09:45","guid":{"rendered":"https:\/\/www.headshop.nl\/?post_type=product&#038;p=45979"},"modified":"2024-11-26T08:15:35","modified_gmt":"2024-11-26T08:15:35","slug":"cannabis-sativa","status":"publish","type":"product","link":"https:\/\/www.headshop.nl\/it\/cannabis-sativa\/","title":{"rendered":"Cannabis Sativa"},"content":{"rendered":"<p>Indian Elements Cannabis Sativa \u00e8 una miscela di erbe composta da 100% foglie di papaya. Mentre il frutto \u00e8 apprezzato soprattutto per il suo gusto delizioso, la foglia \u00e8 apprezzata soprattutto per le sue propriet\u00e0 uniche. In Asia, ad esempio, si usa questa erba contro una serie di malattie tropicali. Inoltre, la foglia di papaya pu\u00f2 anche stimolare la digestione.<\/p>\n<p>La miscela lenitiva Cannabis Sativa di Indian Elements pu\u00f2 essere utilizzata in vari modi, anche per preparare il t\u00e8. Nonostante il nome \"Cannabis Sativa\" ricordi la nota pianta di cannabis, la miscela di erbe non deve essere confusa con essa. Sebbene il gusto sia simile, Cannabis Sativa di Indian Elements non contiene THC n\u00e9 nicotina.<\/p>\n<p><strong>Informazioni su Indian Elements:<\/strong><br \/>\nIndian Elements dispone di un'ampia gamma di ottime miscele di erbe e spezie. Questi prodotti versatili hanno tutti propriet\u00e0 uniche. Se siete alla ricerca di energia extra, di un viaggio naturale o volete semplicemente rilassarvi: Indian Elements \u00e8 pronto per voi. Facile da usare, 100% naturale e 100% vegano.<\/p>","protected":false},"excerpt":{"rendered":"<p>Le erbe di Cannabis Sativa di Indian Elements sono costituite dalle foglie della pianta di Papaya. Questa pianta \u00e8 conosciuta principalmente per il frutto della Papaya, ma anche la foglia \u00e8 versatile e molto utile. Il sapore ricorda quello della pianta di Cannabis e pu\u00f2 avere, tra l'altro, un effetto calmante. La Cannabis Sativa pu\u00f2 essere utilizzata in vari modi, tra cui la preparazione del t\u00e8. La miscela non contiene nicotina.<\/p>","protected":false},"featured_media":82139,"template":"","meta":[],"product_brand":[],"product_cat":[391,297,455,389,457,814,407,406,396,405,384],"product_tag":[],"class_list":{"0":"post-45979","1":"product","2":"type-product","3":"status-publish","4":"has-post-thumbnail","6":"product_cat-extracts","7":"product_cat-all-products","8":"product_cat-healthshop","9":"product_cat-herbs","10":"product_cat-herbs-healthshop","11":"product_cat-indian-elements","12":"product_cat-medicinal-herbs","13":"product_cat-psychedelic-herbs","14":"product_cat-relax","15":"product_cat-relax-herbs","16":"product_cat-smartshop","18":"first","19":"outofstock","20":"taxable","21":"shipping-taxable","22":"purchasable","23":"product-type-simple"},"_links":{"self":[{"href":"https:\/\/www.headshop.nl\/it\/wp-json\/wp\/v2\/product\/45979","targetHints":{"allow":["GET"]}}],"collection":[{"href":"https:\/\/www.headshop.nl\/it\/wp-json\/wp\/v2\/product"}],"about":[{"href":"https:\/\/www.headshop.nl\/it\/wp-json\/wp\/v2\/types\/product"}],"wp:featuredmedia":[{"embeddable":true,"href":"https:\/\/www.headshop.nl\/it\/wp-json\/wp\/v2\/media\/82139"}],"wp:attachment":[{"href":"https:\/\/www.headshop.nl\/it\/wp-json\/wp\/v2\/media?parent=45979"}],"wp:term":[{"taxonomy":"product_brand","embeddable":true,"href":"https:\/\/www.headshop.nl\/it\/wp-json\/wp\/v2\/product_brand?post=45979"},{"taxonomy":"product_cat","embeddable":true,"href":"https:\/\/www.headshop.nl\/it\/wp-json\/wp\/v2\/product_cat?post=45979"},{"taxonomy":"product_tag","embeddable":true,"href":"https:\/\/www.headshop.nl\/it\/wp-json\/wp\/v2\/product_tag?post=45979"}],"curies":[{"name":"wp","href":"https:\/\/api.w.org\/{rel}","templated":true}]}}