{"id":45958,"date":"2022-07-04T10:00:34","date_gmt":"2022-07-04T10:00:34","guid":{"rendered":"https:\/\/www.headshop.nl\/?post_type=product&#038;p=45958"},"modified":"2025-10-31T08:54:28","modified_gmt":"2025-10-31T08:54:28","slug":"maitake-extract-capsules","status":"publish","type":"product","link":"https:\/\/www.headshop.nl\/it\/maitake-extract-capsules\/","title":{"rendered":"Maitake Extract Capsules"},"content":{"rendered":"<h2>Che cos'\u00e8 l'Maitake?<\/h2>\n<p>L'Maitake (Grifola Frondosa), noto anche come \"Gallina delle Wood\", \u00e8 un fungo medicinale unico che cresce tipicamente alla base degli alberi, soprattutto delle querce. Molto apprezzato dalla medicina tradizionale giapponese e cinese per le sue propriet\u00e0 benefiche, l'Maitake \u00e8 ricco di nutrienti essenziali, tra cui polisaccaridi come i beta-glucani, noti per sostenere il sistema immunitario. A differenza dei comuni funghi culinari, l'Maitake viene spesso consumato sotto forma di integratore per massimizzare i suoi benefici per la salute. La sua capacit\u00e0 di prosperare in natura, unita al suo impressionante profilo nutritivo, lo rende oggi un superfood popolare.<\/p>\n<h2>Storia di Maitake<\/h2>\n<p>L'Maitake ha una ricca storia che si estende per oltre 3.000 anni. In Giappone era talmente apprezzato che a volte veniva usato come moneta corrente. Il nome \"Maitake\", che significa \"fungo danzante\", deriva dal folklore che suggerisce che le persone danzassero con gioia quando lo trovavano per il suo valore eccezionale. I praticanti della medicina orientale hanno usato a lungo l'Maitake per promuovere la salute e la longevit\u00e0, ritenendo che aiuti a ripristinare l'equilibrio nel corpo. Oggi la ricerca continua a studiare i suoi potenziali benefici, in particolare il suo ruolo nel supporto immunitario e nel benessere generale. L'Maitake rimane un rimedio naturale molto apprezzato, noto per il suo significato storico e per le sue propriet\u00e0 benefiche per la salute.<\/p>\n<h2>Come utilizzare l'Maitake<\/h2>\n<p>L'Maitake \u00e8 disponibile in varie forme, tra cui polveri, t\u00e8 e capsule. Le nostre capsule di Maitake offrono un modo conveniente per includere questo potente fungo nella vostra routine quotidiana. Il dosaggio consigliato \u00e8 di una o due capsule due volte al giorno, da assumere durante i pasti e con acqua. L'uso costante \u00e8 essenziale per sperimentare tutti i suoi benefici. L'Maitake \u00e8 comunemente usato come parte di un regime di benessere per sostenere l'immunit\u00e0, promuovere la vitalit\u00e0 e migliorare la naturale capacit\u00e0 di recupero dell'organismo. Mentre alcuni utenti possono notare i benefici in poche settimane, altri potrebbero richiedere pi\u00f9 tempo. Per ottimizzare il potenziale di Maitake, \u00e8 necessario associarlo a una dieta equilibrata e a uno stile di vita sano. Come per qualsiasi altro integratore, attenersi al dosaggio consigliato e consultare un professionista sanitario in caso di condizioni di salute preesistenti.<\/p>\n<h2>Ingredienti di Maitake Capsules<\/h2>\n<p>Ogni capsula vegana contiene 400 mg di estratto biologico di Maitake (Grifola Frondosa) derivato dai corpi fruttiferi di 100%. Questo estratto a spettro completo \u00e8 ottenuto mediante estrazione in acqua ed etanolo per garantire un'elevata concentrazione di composti benefici. L'estratto \u00e8 standardizzato per contenere 30% beta-glucani, noti per i loro benefici immunitari. Tra gli altri ingredienti figurano il citrato di magnesio e il biossido di silicio, che contribuiscono a migliorare la stabilit\u00e0 e l'assorbimento dell'integratore. Le capsule McMyco Maitake soddisfano i pi\u00f9 alti standard di qualit\u00e0 e sono prive di additivi artificiali, offrendo un modo naturale per sostenere il vostro benessere.<\/p>\n<p><strong>Avvertenze<\/strong><\/p>\n<p>Maitake by McMyco \u00e8 un integratore alimentare e deve essere usato come indicato. Non superare la dose giornaliera raccomandata. Tenere il prodotto fuori dalla portata dei bambini. Consultare il medico prima dell'uso, soprattutto in caso di gravidanza, allattamento o condizioni mediche particolari. Conservare in un luogo fresco e buio a temperatura ambiente.<\/p>","protected":false},"excerpt":{"rendered":"<p>Scoprite i benefici di Maitake, spesso chiamato il \"re dei funghi\". Ricco di nutrienti essenziali e beta-glucani, questo potente integratore \u00e8 considerato un superfood di alto livello. Con una ricca storia di benessere tradizionale giapponese, l'Maitake promuove il benessere e la vitalit\u00e0 generale.<\/p>","protected":false},"featured_media":87987,"template":"","meta":[],"product_brand":[],"product_cat":[813,297,461,455,630,404,462,398,399,384,458,456],"product_tag":[978],"class_list":{"0":"post-45958","1":"product","2":"type-product","3":"status-publish","4":"has-post-thumbnail","6":"product_cat-mcmyco","7":"product_cat-all-products","8":"product_cat-detox","9":"product_cat-healthshop","10":"product_cat-healthshop-top-10","11":"product_cat-medicinal-mushrooms-supplements","12":"product_cat-medicinal-mushrooms-healthshop","13":"product_cat-mushrooms","14":"product_cat-shroomshop","15":"product_cat-smartshop","16":"product_cat-superfoods","17":"product_cat-supplements","18":"product_tag-shrdeal","19":"product_shipping_class-creditcard-on","21":"first","22":"instock","23":"taxable","24":"shipping-taxable","25":"purchasable","26":"product-type-variable","27":"has-default-attributes"},"_links":{"self":[{"href":"https:\/\/www.headshop.nl\/it\/wp-json\/wp\/v2\/product\/45958","targetHints":{"allow":["GET"]}}],"collection":[{"href":"https:\/\/www.headshop.nl\/it\/wp-json\/wp\/v2\/product"}],"about":[{"href":"https:\/\/www.headshop.nl\/it\/wp-json\/wp\/v2\/types\/product"}],"wp:featuredmedia":[{"embeddable":true,"href":"https:\/\/www.headshop.nl\/it\/wp-json\/wp\/v2\/media\/87987"}],"wp:attachment":[{"href":"https:\/\/www.headshop.nl\/it\/wp-json\/wp\/v2\/media?parent=45958"}],"wp:term":[{"taxonomy":"product_brand","embeddable":true,"href":"https:\/\/www.headshop.nl\/it\/wp-json\/wp\/v2\/product_brand?post=45958"},{"taxonomy":"product_cat","embeddable":true,"href":"https:\/\/www.headshop.nl\/it\/wp-json\/wp\/v2\/product_cat?post=45958"},{"taxonomy":"product_tag","embeddable":true,"href":"https:\/\/www.headshop.nl\/it\/wp-json\/wp\/v2\/product_tag?post=45958"}],"curies":[{"name":"wp","href":"https:\/\/api.w.org\/{rel}","templated":true}]}}