{"id":45882,"date":"2022-07-04T08:53:58","date_gmt":"2022-07-04T08:53:58","guid":{"rendered":"https:\/\/www.headshop.nl\/?post_type=product&#038;p=45882"},"modified":"2025-05-23T09:34:56","modified_gmt":"2025-05-23T09:34:56","slug":"5-htp-and-vitamin-b","status":"publish","type":"product","link":"https:\/\/www.headshop.nl\/it\/5-htp-and-vitamin-b\/","title":{"rendered":"5-HTP e vitamina B"},"content":{"rendered":"<h2>Che cosa sono il 5-HTP Fit4Seasons e la vitamina B Capsules?<\/h2>\n<p>Fit4Seasons 5-HTP &amp; Vitamina B capsule sono un integratore alimentare studiato per favorire il benessere mentale ed emotivo. Il principio attivo, 5-HTP (5-idrossitriptofano), deriva dalla pianta Griffonia Simplicifolia. Svolge un ruolo fondamentale come precursore della serotonina, spesso definita \"ormone della felicit\u00e0\". Questo composto naturale pu\u00f2 aiutare a migliorare l'umore e, a sua volta, contribuire a migliorare il sonno aumentando la produzione di melatonina.<\/p>\n<p>Oltre al 5-HTP, queste capsule contengono una miscela di vitamine B essenziali. La vitamina B3 (niacina) aumenta l'energia naturale, mentre la vitamina B5 (acido pantotenico) aiuta a gestire lo stress. La vitamina B6 supporta la funzione immunitaria e favorisce la lucidit\u00e0 mentale. \u00c8 presente anche la passiflora, che apporta ulteriori benefici calmanti. Queste capsule offrono un effetto sinergico per chi desidera migliorare l'umore, i livelli di energia e la chiarezza mentale, il tutto in un unico integratore facile da assumere.<\/p>\n<h2>Storia di Fit4Seasons 5-HTP e vitamina B<\/h2>\n<p>L'inclusione del 5-HTP negli integratori alimentari ha una ricca storia nel campo della salute naturale. Il 5-HTP \u00e8 un composto naturale presente nei semi della pianta Griffonia Simplicifolia, originaria dell'Africa occidentale e centrale. Per secoli, questa pianta \u00e8 stata utilizzata nella medicina tradizionale per sostenere l'umore e il sonno. La scienza moderna ha riconosciuto il suo potenziale di aumento dei livelli di serotonina, che ha portato alla sua inclusione in vari integratori volti a migliorare il benessere emotivo e mentale.<\/p>\n<p>Le vitamine del gruppo B fanno parte dei regimi di salute da decenni e ogni vitamina offre benefici unici per l'organismo. Le vitamine B3, B5 e B6 svolgono un ruolo cruciale nel mantenimento dei livelli di energia, nella riduzione dello stress e nel supporto delle funzioni cognitive. La combinazione di queste vitamine B con il 5-HTP nelle capsule Fit4Seasons sfrutta l'effetto sinergico di entrambe, promuovendo la vitalit\u00e0 generale e la stabilit\u00e0 dell'umore. Per migliorare l'efficacia di questo integratore \u00e8 stata integrata anche la passiflora, un'erba nota per le sue propriet\u00e0 calmanti.<\/p>\n<h2>Come utilizzare Fit4Seasons 5-HTP e Vitamina B Capsules<\/h2>\n<p>Per provare i benefici delle capsule Fit4Seasons 5-HTP &amp; Vitamina B, \u00e8 sufficiente assumere una capsula al giorno con acqua. \u00c8 preferibile consumare la capsula con un pasto per favorire l'assorbimento e garantire la massima efficacia. Questo semplice dosaggio giornaliero fornisce la quantit\u00e0 ideale di 5-HTP e di vitamine B per sostenere l'umore, l'energia e la chiarezza mentale.<\/p>\n<p>Per ottenere risultati ottimali, la costanza \u00e8 fondamentale. Fate in modo che questo integratore faccia parte della vostra routine quotidiana, ma assicuratevi che sia complementare a una dieta equilibrata e a uno stile di vita sano. Tenete presente che gli effetti degli integratori possono variare da persona a persona, per cui \u00e8 fondamentale monitorare i progressi e modificarli in base alle necessit\u00e0. Seguire sempre il dosaggio consigliato per evitare di superare la dose giornaliera.<\/p>\n<h2>Ingredienti di Fit4Seasons 5-HTP e vitamina B Capsules<\/h2>\n<p>Le capsule di 5-HTP e vitamina B Fit4Seasons contengono ingredienti di alta qualit\u00e0 per favorire il vostro benessere. Ogni capsula contiene 250 mg di erba Griffonia, che fornisce 30,6% di 5-idrossitriptofano, il principale ingrediente attivo. Oltre al 5-HTP, ogni capsula contiene 130 mg di Passiflora, nota per i suoi benefici calmanti e rilassanti.<\/p>\n<p>La miscela di vitamine del gruppo B comprende la vitamina B3 (niacina) con 15 mg, la vitamina B5 (acido pantotenico) con 5 mg e la vitamina B6 con 5 mg. Queste vitamine contribuiscono alla produzione di energia, al sostegno immunitario e alla chiarezza mentale. Le capsule contengono anche 25 mg di amido di riso e 5 mg di stearato di calcio, che fungono da stabilizzatori e aiutano la formulazione della capsula.<\/p>\n<p>Questi ingredienti sono riuniti in una capsula adatta a vegetariani e vegani, che rappresenta la scelta ideale per chi cerca un integratore naturale a base vegetale per migliorare il proprio benessere.<\/p>\n<p><strong>Attenzione:<\/strong><\/p>\n<p>Non superare la dose giornaliera raccomandata. Questo prodotto non sostituisce una dieta varia ed equilibrata o uno stile di vita sano. Tenere fuori dalla portata dei bambini e conservare in un luogo fresco e asciutto. In caso di patologie o di assunzione di farmaci, consultare il medico prima dell'uso. Non adatto alle donne in gravidanza o in allattamento. Non partecipare ad attivit\u00e0 che richiedono la massima attenzione, come la guida, dopo aver assunto questo integratore.<\/p>","protected":false},"excerpt":{"rendered":"<p>Le capsule Fit4Seasons 5-HTP &amp; Vitamina B combinano la potenza del 5-HTP ricavato dalla Griffonia Simplicifolia e una miscela di vitamine del gruppo B, tra cui B3, B5 e B6, per sostenere l'energia naturale, la chiarezza mentale e il benessere generale. Arricchito dalla Passiflora, questo integratore \u00e8 adatto a vegetariani e vegani e fornisce un approccio olistico alla regolazione dell'umore e dell'energia.<\/p>","protected":false},"featured_media":82175,"template":"","meta":[],"product_brand":[],"product_cat":[815,391,455,389,460,384,463,458,456,464],"product_tag":[],"class_list":{"0":"post-45882","1":"product","2":"type-product","3":"status-publish","4":"has-post-thumbnail","6":"product_cat-fit4seasons","7":"product_cat-extracts","8":"product_cat-healthshop","9":"product_cat-herbs","10":"product_cat-recovery","11":"product_cat-smartshop","12":"product_cat-sport","13":"product_cat-superfoods","14":"product_cat-supplements","15":"product_cat-vitamins","17":"first","18":"instock","19":"taxable","20":"shipping-taxable","21":"purchasable","22":"product-type-variable","23":"has-default-attributes"},"_links":{"self":[{"href":"https:\/\/www.headshop.nl\/it\/wp-json\/wp\/v2\/product\/45882","targetHints":{"allow":["GET"]}}],"collection":[{"href":"https:\/\/www.headshop.nl\/it\/wp-json\/wp\/v2\/product"}],"about":[{"href":"https:\/\/www.headshop.nl\/it\/wp-json\/wp\/v2\/types\/product"}],"wp:featuredmedia":[{"embeddable":true,"href":"https:\/\/www.headshop.nl\/it\/wp-json\/wp\/v2\/media\/82175"}],"wp:attachment":[{"href":"https:\/\/www.headshop.nl\/it\/wp-json\/wp\/v2\/media?parent=45882"}],"wp:term":[{"taxonomy":"product_brand","embeddable":true,"href":"https:\/\/www.headshop.nl\/it\/wp-json\/wp\/v2\/product_brand?post=45882"},{"taxonomy":"product_cat","embeddable":true,"href":"https:\/\/www.headshop.nl\/it\/wp-json\/wp\/v2\/product_cat?post=45882"},{"taxonomy":"product_tag","embeddable":true,"href":"https:\/\/www.headshop.nl\/it\/wp-json\/wp\/v2\/product_tag?post=45882"}],"curies":[{"name":"wp","href":"https:\/\/api.w.org\/{rel}","templated":true}]}}