{"id":45881,"date":"2022-07-04T08:53:56","date_gmt":"2022-07-04T08:53:56","guid":{"rendered":"https:\/\/www.headshop.nl\/?post_type=product&#038;p=45881"},"modified":"2025-05-23T09:35:03","modified_gmt":"2025-05-23T09:35:03","slug":"5-htp","status":"publish","type":"product","link":"https:\/\/www.headshop.nl\/it\/5-htp\/","title":{"rendered":"5-HTP"},"content":{"rendered":"<h2>Cosa sono i 5-HTP Fit4Seasons?<\/h2>\n<p>Fit4Seasons 5-HTP \u00e8 un integratore alimentare che contiene 5-idrossitriptofano (5-HTP), un composto naturale estratto dalla Griffonia Simplicifolia, una pianta originaria dell'Africa occidentale. Il 5-HTP svolge un ruolo fondamentale nella produzione di serotonina, un neurotrasmettitore legato alla felicit\u00e0, alla regolazione dell'umore e al benessere generale. La serotonina \u00e8 anche un precursore della melatonina, l'ormone responsabile della regolazione del sonno.<\/p>\n<p>Ogni capsula di Fit4Seasons 5-HTP contiene una miscela equilibrata di ingredienti che favoriscono la salute mentale e il rilassamento. Oltre al 5-HTP, la formula \u00e8 arricchita con Passiflora, un'erba nota per i suoi effetti calmanti e lenitivi. Questo integratore \u00e8 realizzato con cura per soddisfare i pi\u00f9 alti standard di qualit\u00e0 ed \u00e8 adatto sia ai vegetariani che ai vegani. \u00c8 un modo potente e naturale per sostenere le funzioni dell'umore e del sonno del corpo, migliorando la qualit\u00e0 di vita complessiva.<\/p>\n<h2>Storia di Fit4Seasons 5-HTP<\/h2>\n<p>L'ingrediente chiave di Fit4Seasons 5-HTP, il 5-idrossitriptofano, deriva dai semi della pianta Griffonia Simplicifolia, che ha una lunga storia di utilizzo nella medicina tradizionale. Originaria dell'Africa occidentale e centrale, la Griffonia Simplicifolia \u00e8 stata utilizzata per secoli per favorire il rilassamento, migliorare l'umore e sostenere la salute mentale generale. La scoperta del 5-HTP come efficace precursore della serotonina ha rivoluzionato il suo uso negli integratori moderni.<\/p>\n<p>La serotonina, nota anche come neurotrasmettitore del \"benessere\", svolge un ruolo cruciale nella regolazione dell'umore, dell'ansia e della felicit\u00e0. La moderna industria degli integratori ha fatto proprie le potenti propriet\u00e0 della Griffonia Simplicifolia, offrendo un'efficace alternativa naturale alle soluzioni farmaceutiche per i problemi legati all'umore e al sonno. Nel corso degli anni, la formulazione degli integratori di 5-HTP, come Fit4Seasons 5-HTP, \u00e8 stata perfezionata per fornire il massimo beneficio, combinando il potere della natura con le pi\u00f9 recenti conoscenze scientifiche.<\/p>\n<h2>Come utilizzare Fit4Seasons 5-HTP<\/h2>\n<p>L'uso di Fit4Seasons 5-HTP \u00e8 semplice e immediato. Il dosaggio consigliato \u00e8 di una capsula al giorno, da assumere con un bicchiere d'acqua. Per ottenere risultati ottimali, \u00e8 consigliabile assumerla costantemente alla stessa ora ogni giorno.<\/p>\n<p>Prima di utilizzare l'integratore, \u00e8 consigliabile consultare un operatore sanitario, soprattutto se si \u00e8 in gravidanza, si sta allattando o si stanno assumendo farmaci per una condizione preesistente. Sebbene Fit4Seasons 5-HTP sia generalmente sicuro per la maggior parte delle persone, \u00e8 essenziale seguire il dosaggio consigliato e non superare la dose giornaliera suggerita.<\/p>\n<p>\u00c8 inoltre importante notare che questo prodotto non \u00e8 destinato a sostituire una dieta o uno stile di vita sani. Funziona meglio come parte di un approccio globale al benessere che comprende un'alimentazione corretta, l'attivit\u00e0 fisica e la gestione dello stress.<\/p>\n<h2>Ingredienti di Fit4Seasons 5-HTP<\/h2>\n<p>Ogni capsula di Fit4Seasons 5-HTP contiene una miscela accuratamente selezionata di ingredienti studiati per promuovere il benessere generale. L'ingrediente principale, l'estratto di Griffonia Simplicifolia, fornisce 250 mg di 5-idrossitriptofano, un composto che favorisce la produzione di serotonina. Oltre al 5-HTP, l'integratore contiene 130 mg di passiflora, un'erba calmante tradizionalmente usata per favorire il rilassamento e ridurre lo stress.<\/p>\n<p>Tra gli altri ingredienti figurano l'amido di riso, che funge da riempitivo naturale, e 5 mg di stearato di calcio, un lubrificante utilizzato per garantire una produzione regolare delle capsule. La formulazione \u00e8 priva di ingredienti di origine animale, il che la rende una scelta ideale per vegetariani e vegani. La qualit\u00e0 degli ingredienti e la formulazione precisa garantiscono a Fit4Seasons 5-HTP un supporto costante ed efficace per l'umore e il sonno.<\/p>\n<p><strong>Attenzione:<\/strong><\/p>\n<p>Prima di iniziare l'assunzione di qualsiasi integratore, in particolare di Fit4Seasons 5-HTP, \u00e8 essenziale consultare un operatore sanitario in caso di gravidanza, allattamento o condizioni di salute sottostanti. Non superare la dose giornaliera raccomandata. Questo prodotto non sostituisce una dieta varia ed equilibrata. Tenere fuori dalla portata dei bambini. Evitare l'uso del prodotto prima di intraprendere attivit\u00e0 che richiedono la massima attenzione, come la guida o l'uso di macchinari.<\/p>","protected":false},"excerpt":{"rendered":"<p>Fit4Seasons 5-HTP \u00e8 un integratore di alta qualit\u00e0 contenente 40 capsule con 5-idrossitriptofano (5-HTP), derivato dalla Griffonia Simplicifolia. Questo potente precursore della serotonina, spesso noto come \"ormone della felicit\u00e0\", pu\u00f2 contribuire a sostenere l'umore e il rilassamento. La formula \u00e8 arricchita con Passiflora ed \u00e8 adatta a vegetariani e vegani.<\/p>","protected":false},"featured_media":82177,"template":"","meta":[],"product_brand":[],"product_cat":[815,391,455,389,460,384,463,458,456],"product_tag":[],"class_list":{"0":"post-45881","1":"product","2":"type-product","3":"status-publish","4":"has-post-thumbnail","6":"product_cat-fit4seasons","7":"product_cat-extracts","8":"product_cat-healthshop","9":"product_cat-herbs","10":"product_cat-recovery","11":"product_cat-smartshop","12":"product_cat-sport","13":"product_cat-superfoods","14":"product_cat-supplements","16":"first","17":"instock","18":"taxable","19":"shipping-taxable","20":"purchasable","21":"product-type-variable","22":"has-default-attributes"},"_links":{"self":[{"href":"https:\/\/www.headshop.nl\/it\/wp-json\/wp\/v2\/product\/45881","targetHints":{"allow":["GET"]}}],"collection":[{"href":"https:\/\/www.headshop.nl\/it\/wp-json\/wp\/v2\/product"}],"about":[{"href":"https:\/\/www.headshop.nl\/it\/wp-json\/wp\/v2\/types\/product"}],"wp:featuredmedia":[{"embeddable":true,"href":"https:\/\/www.headshop.nl\/it\/wp-json\/wp\/v2\/media\/82177"}],"wp:attachment":[{"href":"https:\/\/www.headshop.nl\/it\/wp-json\/wp\/v2\/media?parent=45881"}],"wp:term":[{"taxonomy":"product_brand","embeddable":true,"href":"https:\/\/www.headshop.nl\/it\/wp-json\/wp\/v2\/product_brand?post=45881"},{"taxonomy":"product_cat","embeddable":true,"href":"https:\/\/www.headshop.nl\/it\/wp-json\/wp\/v2\/product_cat?post=45881"},{"taxonomy":"product_tag","embeddable":true,"href":"https:\/\/www.headshop.nl\/it\/wp-json\/wp\/v2\/product_tag?post=45881"}],"curies":[{"name":"wp","href":"https:\/\/api.w.org\/{rel}","templated":true}]}}