{"id":45844,"date":"2020-07-04T08:41:24","date_gmt":"2020-07-04T08:41:24","guid":{"rendered":"https:\/\/www.headshop.nl\/?post_type=product&#038;p=45844"},"modified":"2026-04-21T07:12:43","modified_gmt":"2026-04-21T07:12:43","slug":"speed-party-shot-royal-c","status":"publish","type":"product","link":"https:\/\/www.headshop.nl\/it\/speed-party-shot-royal-c\/","title":{"rendered":"Speed party shot &#8211; Royal C"},"content":{"rendered":"<p>La linea Royal \u00e8 stata sviluppata da e per McSmart per raggiungere un altro livello su base naturale. Sviluppando questa linea vi offriamo un'esperienza sicura, legale e conveniente che vi piacer\u00e0!!!<\/p>\n<p>Grazie alla forma liquida, le dosi vengono assorbite rapidamente dall'organismo e l'effetto si fa sentire subito. Godetevi le meravigliose esperienze che i Royals vi offrono e lasciatevi sorprendere dalle deliziose propriet\u00e0 di queste erbe.<\/p>\n<p><strong>Dosaggio consigliato:<\/strong>\u00a0Da 5 a 15 ml<\/p>","protected":false},"excerpt":{"rendered":"<p>Royal C \u00e8 un estratto di erbe. Questo estratto di erbe d\u00e0 una sensazione di energia molto forte. La sensazione pu\u00f2 durare circa 4 ore. Abbastanza a lungo da lasciarsi andare mentre si \u00e8 in giro.<\/p>","protected":false},"featured_media":82278,"template":"","meta":[],"product_brand":[],"product_cat":[297,411,391,386,1047,384],"product_tag":[],"class_list":{"0":"post-45844","1":"product","2":"type-product","3":"status-publish","4":"has-post-thumbnail","6":"product_cat-all-products","7":"product_cat-energy-pills","8":"product_cat-extracts","9":"product_cat-party-pills","10":"product_cat-party-shots","11":"product_cat-smartshop","12":"product_shipping_class-not-allowed-group-1","14":"first","15":"instock","16":"taxable","17":"shipping-taxable","18":"purchasable","19":"product-type-simple"},"_links":{"self":[{"href":"https:\/\/www.headshop.nl\/it\/wp-json\/wp\/v2\/product\/45844","targetHints":{"allow":["GET"]}}],"collection":[{"href":"https:\/\/www.headshop.nl\/it\/wp-json\/wp\/v2\/product"}],"about":[{"href":"https:\/\/www.headshop.nl\/it\/wp-json\/wp\/v2\/types\/product"}],"wp:featuredmedia":[{"embeddable":true,"href":"https:\/\/www.headshop.nl\/it\/wp-json\/wp\/v2\/media\/82278"}],"wp:attachment":[{"href":"https:\/\/www.headshop.nl\/it\/wp-json\/wp\/v2\/media?parent=45844"}],"wp:term":[{"taxonomy":"product_brand","embeddable":true,"href":"https:\/\/www.headshop.nl\/it\/wp-json\/wp\/v2\/product_brand?post=45844"},{"taxonomy":"product_cat","embeddable":true,"href":"https:\/\/www.headshop.nl\/it\/wp-json\/wp\/v2\/product_cat?post=45844"},{"taxonomy":"product_tag","embeddable":true,"href":"https:\/\/www.headshop.nl\/it\/wp-json\/wp\/v2\/product_tag?post=45844"}],"curies":[{"name":"wp","href":"https:\/\/api.w.org\/{rel}","templated":true}]}}