{"id":45842,"date":"2020-07-04T08:36:06","date_gmt":"2020-07-04T08:36:06","guid":{"rendered":"https:\/\/www.headshop.nl\/?post_type=product&#038;p=45842"},"modified":"2026-04-21T07:12:55","modified_gmt":"2026-04-21T07:12:55","slug":"energy-party-shot-royal-e","status":"publish","type":"product","link":"https:\/\/www.headshop.nl\/it\/energy-party-shot-royal-e\/","title":{"rendered":"Energy party shot &#8211; Royal E"},"content":{"rendered":"<p>Agitare bene fino al completo scioglimento del contenuto. Assumere un'ora dopo il pasto. Bere prima met\u00e0 del prodotto per verificare la risposta. Assumere un bicchiere d'acqua dopo l'ingestione.<\/p>\n<p>La linea Royal \u00e8 stata sviluppata da e per McSmart per raggiungere un altro livello su base naturale. Sviluppando questa linea vi offriamo un'esperienza sicura, legale e conveniente che vi piacer\u00e0!!! Grazie alla forma liquida, gli shot vengono assorbiti rapidamente dall'organismo e l'effetto si sente subito. Godetevi le meravigliose esperienze che vi offre Royals e lasciatevi sorprendere dalle deliziose propriet\u00e0 di queste erbe.<\/p>\n<p><strong>Dosaggio consigliato:<\/strong>\u00a0Da 5 a 15 ml<\/p>","protected":false},"excerpt":{"rendered":"<p>Con il Liquid Royal E si pu\u00f2 dire che, se si ha bisogno di un po' di energia in pi\u00f9, questo shot pu\u00f2 farvi andare avanti di nuovo. La sensazione pu\u00f2 durare per circa 4 ore, il che \u00e8 sufficiente per passare una bella serata fuori.<\/p>","protected":false},"featured_media":82282,"template":"","meta":[],"product_brand":[],"product_cat":[297,411,391,386,1047,384,412],"product_tag":[],"class_list":{"0":"post-45842","1":"product","2":"type-product","3":"status-publish","4":"has-post-thumbnail","6":"product_cat-all-products","7":"product_cat-energy-pills","8":"product_cat-extracts","9":"product_cat-party-pills","10":"product_cat-party-shots","11":"product_cat-smartshop","12":"product_cat-trippy-pills","13":"product_shipping_class-not-allowed-group-1","15":"first","16":"instock","17":"taxable","18":"shipping-taxable","19":"purchasable","20":"product-type-simple"},"_links":{"self":[{"href":"https:\/\/www.headshop.nl\/it\/wp-json\/wp\/v2\/product\/45842","targetHints":{"allow":["GET"]}}],"collection":[{"href":"https:\/\/www.headshop.nl\/it\/wp-json\/wp\/v2\/product"}],"about":[{"href":"https:\/\/www.headshop.nl\/it\/wp-json\/wp\/v2\/types\/product"}],"wp:featuredmedia":[{"embeddable":true,"href":"https:\/\/www.headshop.nl\/it\/wp-json\/wp\/v2\/media\/82282"}],"wp:attachment":[{"href":"https:\/\/www.headshop.nl\/it\/wp-json\/wp\/v2\/media?parent=45842"}],"wp:term":[{"taxonomy":"product_brand","embeddable":true,"href":"https:\/\/www.headshop.nl\/it\/wp-json\/wp\/v2\/product_brand?post=45842"},{"taxonomy":"product_cat","embeddable":true,"href":"https:\/\/www.headshop.nl\/it\/wp-json\/wp\/v2\/product_cat?post=45842"},{"taxonomy":"product_tag","embeddable":true,"href":"https:\/\/www.headshop.nl\/it\/wp-json\/wp\/v2\/product_tag?post=45842"}],"curies":[{"name":"wp","href":"https:\/\/api.w.org\/{rel}","templated":true}]}}