{"id":41719,"date":"2022-03-14T10:03:47","date_gmt":"2022-03-14T10:03:47","guid":{"rendered":"https:\/\/www.headshop.nl\/?post_type=product&#038;p=41719"},"modified":"2025-05-23T09:39:36","modified_gmt":"2025-05-23T09:39:36","slug":"jumbo-pro-gold-rolls-with-prerolled-tips","status":"publish","type":"product","link":"https:\/\/www.headshop.nl\/it\/jumbo-pro-gold-rolls-with-prerolled-tips\/","title":{"rendered":"Jumbo Pro Gold Rolls con Prerolled Tips"},"content":{"rendered":"<h2>Jumbo Smoking Materiali di consumo<\/h2>\n<p>Jumbo \u00e8 un marchio olandese di carta da rollare e forniture per fumatori di qualit\u00e0 che mira a consentire ai fumatori di ottenere forniture di qualit\u00e0 a un prezzo accessibile. I ragazzi che stanno dietro a Jumbo affermano che tutti i loro prodotti sono realizzati nelle stesse fabbriche di altri marchi pi\u00f9 popolari e affermati, quindi la loro qualit\u00e0 dovrebbe essere all'altezza di qualsiasi produttore di forniture per fumatori sul mercato! Jumbo \u00e8 nota anche per la sua esclusiva fornitura di carta da rollare multicolore.<\/p>","protected":false},"excerpt":{"rendered":"<p>La carta da rollare Jumbo Gold Pro ha l'obiettivo di offrire una carta da rollare di altissima qualit\u00e0 a un prezzo accessibile. Questi rotoli vengono forniti anche con un pacchetto di punte pre-arrotolate, in modo da poter rollare i vostri spinelli ancora pi\u00f9 velocemente. Ci\u00f2 significa che basta prendere la quantit\u00e0 di carta necessaria, aggiungere una punta e rollare lo spinello in pochi secondi! Pratico!<\/p>","protected":false},"featured_media":44173,"template":"","meta":[],"product_brand":[],"product_cat":[810,297,414,447,421,803],"product_tag":[],"class_list":{"0":"post-41719","1":"product","2":"type-product","3":"status-publish","4":"has-post-thumbnail","6":"product_cat-jumbo","7":"product_cat-all-products","8":"product_cat-headshop","9":"product_cat-papers-with-tips","10":"product_cat-rolling-papers","11":"product_cat-rolls","12":"product_shipping_class-creditcard-on","14":"first","15":"instock","16":"taxable","17":"shipping-taxable","18":"purchasable","19":"product-type-variable","20":"has-default-attributes"},"_links":{"self":[{"href":"https:\/\/www.headshop.nl\/it\/wp-json\/wp\/v2\/product\/41719","targetHints":{"allow":["GET"]}}],"collection":[{"href":"https:\/\/www.headshop.nl\/it\/wp-json\/wp\/v2\/product"}],"about":[{"href":"https:\/\/www.headshop.nl\/it\/wp-json\/wp\/v2\/types\/product"}],"wp:featuredmedia":[{"embeddable":true,"href":"https:\/\/www.headshop.nl\/it\/wp-json\/wp\/v2\/media\/44173"}],"wp:attachment":[{"href":"https:\/\/www.headshop.nl\/it\/wp-json\/wp\/v2\/media?parent=41719"}],"wp:term":[{"taxonomy":"product_brand","embeddable":true,"href":"https:\/\/www.headshop.nl\/it\/wp-json\/wp\/v2\/product_brand?post=41719"},{"taxonomy":"product_cat","embeddable":true,"href":"https:\/\/www.headshop.nl\/it\/wp-json\/wp\/v2\/product_cat?post=41719"},{"taxonomy":"product_tag","embeddable":true,"href":"https:\/\/www.headshop.nl\/it\/wp-json\/wp\/v2\/product_tag?post=41719"}],"curies":[{"name":"wp","href":"https:\/\/api.w.org\/{rel}","templated":true}]}}