{"id":41700,"date":"2022-03-14T10:03:43","date_gmt":"2022-03-14T10:03:43","guid":{"rendered":"https:\/\/www.headshop.nl\/?post_type=product&#038;p=41700"},"modified":"2024-09-17T10:58:49","modified_gmt":"2024-09-17T10:58:49","slug":"jumbo-pink-king-size-cones-prerolled-34x","status":"publish","type":"product","link":"https:\/\/www.headshop.nl\/it\/jumbo-pink-king-size-cones-prerolled-34x\/","title":{"rendered":"Jumbo Rosa King Size Cones Prerolled 34x"},"content":{"rendered":"<h2>Rosa Rolling Papers<\/h2>\n<p>Volete rollare e fumare uno spinello rosa? La collezione di cartine e punte Jumbo Pink ha tutto ci\u00f2 che serve per fumare i vostri spinelli in rosa! Hanno anche coni pre-rollati rosa per i fumatori pi\u00f9 pigri... Se amate il rosa, vi piacer\u00e0 pensare che tutti i vostri spinelli, d'ora in poi, potranno essere rosa! Acquistate tutti i vostri prodotti da rollare in rosa da Jumbo.<\/p>\n<h2>Jumbo Smoking Materiali di consumo<\/h2>\n<p>Jumbo \u00e8 un marchio olandese di carta da rollare e forniture per fumatori di qualit\u00e0 che mira a consentire ai fumatori di ottenere forniture di qualit\u00e0 a un prezzo accessibile. I ragazzi che stanno dietro a Jumbo affermano che tutti i loro prodotti sono realizzati nelle stesse fabbriche di altri marchi pi\u00f9 popolari e affermati, quindi la loro qualit\u00e0 dovrebbe essere all'altezza di qualsiasi produttore di forniture per fumatori sul mercato! Jumbo \u00e8 nota anche per la sua esclusiva fornitura di carta da rollare multicolore.<\/p>","protected":false},"excerpt":{"rendered":"<p>Classic coni king-size, ma in rosa! S\u00ec, questi coni sono rosa e vi permetteranno di rollare le canne rosa nel modo pi\u00f9 facile e veloce che esista. Tutti i vostri spinelli rosa avranno un aspetto uniforme e bruceranno lentamente. Il modo pi\u00f9 semplice per rollare spinelli rosa glam in citt\u00e0!<\/p>","protected":false},"featured_media":44046,"template":"","meta":[],"product_brand":[],"product_cat":[483,297,793,414,810,807,421],"product_tag":[],"class_list":{"0":"post-41700","1":"product","2":"type-product","3":"status-publish","4":"has-post-thumbnail","6":"product_cat-cones","7":"product_cat-all-products","8":"product_cat-color-papers","9":"product_cat-headshop","10":"product_cat-jumbo","11":"product_cat-pink-papers","12":"product_cat-rolling-papers","13":"product_shipping_class-creditcard-on","15":"first","16":"instock","17":"taxable","18":"shipping-taxable","19":"purchasable","20":"product-type-variable","21":"has-default-attributes"},"_links":{"self":[{"href":"https:\/\/www.headshop.nl\/it\/wp-json\/wp\/v2\/product\/41700","targetHints":{"allow":["GET"]}}],"collection":[{"href":"https:\/\/www.headshop.nl\/it\/wp-json\/wp\/v2\/product"}],"about":[{"href":"https:\/\/www.headshop.nl\/it\/wp-json\/wp\/v2\/types\/product"}],"wp:featuredmedia":[{"embeddable":true,"href":"https:\/\/www.headshop.nl\/it\/wp-json\/wp\/v2\/media\/44046"}],"wp:attachment":[{"href":"https:\/\/www.headshop.nl\/it\/wp-json\/wp\/v2\/media?parent=41700"}],"wp:term":[{"taxonomy":"product_brand","embeddable":true,"href":"https:\/\/www.headshop.nl\/it\/wp-json\/wp\/v2\/product_brand?post=41700"},{"taxonomy":"product_cat","embeddable":true,"href":"https:\/\/www.headshop.nl\/it\/wp-json\/wp\/v2\/product_cat?post=41700"},{"taxonomy":"product_tag","embeddable":true,"href":"https:\/\/www.headshop.nl\/it\/wp-json\/wp\/v2\/product_tag?post=41700"}],"curies":[{"name":"wp","href":"https:\/\/api.w.org\/{rel}","templated":true}]}}