{"id":41695,"date":"2022-03-14T10:03:42","date_gmt":"2022-03-14T10:03:42","guid":{"rendered":"https:\/\/www.headshop.nl\/?post_type=product&#038;p=41695"},"modified":"2025-05-23T09:43:39","modified_gmt":"2025-05-23T09:43:39","slug":"mascotte-original-tips","status":"publish","type":"product","link":"https:\/\/www.headshop.nl\/it\/mascotte-original-tips\/","title":{"rendered":"Mascotte Original Tips"},"content":{"rendered":"<h2>Mascotte Tips<\/h2>\n<p>Se cercate una selezione di punte di alta qualit\u00e0 che si abbini a tutti i formati di carta da rollare preferiti, prendete un libretto di punte da Mascotte. Con decenni di esperienza nella produzione di forniture per fumatori, il team di Mascotte si assicura che ogni prodotto rilasciato sia di altissimo livello. Questo significa che se decidete di scegliere le punte per carta da rollare Mascotte potete aspettarvi delle boccate davvero deliziose!<\/p>\n<h2>Mascotte Forniture per rotolamento<\/h2>\n<p>Mascotte \u00e8 un produttore olandese di cartine da rollare e forniture per fumatori, ben radicato nella comunit\u00e0 dei fumatori dei Paesi Bassi. \u00c8 possibile trovare queste carte da rollare di qualit\u00e0 di Mascotte in quasi tutti i negozi all'angolo. E per un motivo! Mascotte produce carte da rollare di alta qualit\u00e0 che soddisfano le esigenze di qualsiasi fumatore. La collezione di forniture per fumatori di Mascotte \u00e8 ricca di prodotti diversi che si adattano a qualsiasi preferenza dei fumatori!<\/p>","protected":false},"excerpt":{"rendered":"<p>Le innovazioni pi\u00f9 semplici possono essere geniali! Un semplice libretto di consigli per il rollaggio che corrisponde a tutti i formati di carta da rollare pi\u00f9 diffusi \u00e8 la cosa pi\u00f9 semplice di cui ogni fumatore ha bisogno. Non \u00e8 pi\u00f9 necessario tagliare i biglietti da visita o strappare le riviste. Prendete una punta, arrotolatela e usatela nel vostro spinello, \u00e8 cos\u00ec semplice!<\/p>","protected":false},"featured_media":44601,"template":"","meta":[],"product_brand":[],"product_cat":[445,297,414,627,816,421],"product_tag":[],"class_list":{"0":"post-41695","1":"product","2":"type-product","3":"status-publish","4":"has-post-thumbnail","6":"product_cat-rolling-tips","7":"product_cat-all-products","8":"product_cat-headshop","9":"product_cat-headshop-top-10","10":"product_cat-mascotte","11":"product_cat-rolling-papers","12":"product_shipping_class-creditcard-on","14":"first","15":"instock","16":"taxable","17":"shipping-taxable","18":"purchasable","19":"product-type-variable","20":"has-default-attributes"},"_links":{"self":[{"href":"https:\/\/www.headshop.nl\/it\/wp-json\/wp\/v2\/product\/41695","targetHints":{"allow":["GET"]}}],"collection":[{"href":"https:\/\/www.headshop.nl\/it\/wp-json\/wp\/v2\/product"}],"about":[{"href":"https:\/\/www.headshop.nl\/it\/wp-json\/wp\/v2\/types\/product"}],"wp:featuredmedia":[{"embeddable":true,"href":"https:\/\/www.headshop.nl\/it\/wp-json\/wp\/v2\/media\/44601"}],"wp:attachment":[{"href":"https:\/\/www.headshop.nl\/it\/wp-json\/wp\/v2\/media?parent=41695"}],"wp:term":[{"taxonomy":"product_brand","embeddable":true,"href":"https:\/\/www.headshop.nl\/it\/wp-json\/wp\/v2\/product_brand?post=41695"},{"taxonomy":"product_cat","embeddable":true,"href":"https:\/\/www.headshop.nl\/it\/wp-json\/wp\/v2\/product_cat?post=41695"},{"taxonomy":"product_tag","embeddable":true,"href":"https:\/\/www.headshop.nl\/it\/wp-json\/wp\/v2\/product_tag?post=41695"}],"curies":[{"name":"wp","href":"https:\/\/api.w.org\/{rel}","templated":true}]}}