{"id":41694,"date":"2022-03-14T10:03:42","date_gmt":"2022-03-14T10:03:42","guid":{"rendered":"https:\/\/www.headshop.nl\/?post_type=product&#038;p=41694"},"modified":"2025-05-23T09:43:26","modified_gmt":"2025-05-23T09:43:26","slug":"mascotte-active-34-filters","status":"publish","type":"product","link":"https:\/\/www.headshop.nl\/it\/mascotte-active-34-filters\/","title":{"rendered":"Mascotte Attivo 34 Filters"},"content":{"rendered":"<h2>Mascotte Carbone attivo Tips<\/h2>\n<p>Chi cerca un'esperienza di fumo pi\u00f9 pulita, senza perdere nulla di ci\u00f2 che \u00e8 buono... dovrebbe iniziare a usare i filtri attivi a carbone e non tornare pi\u00f9 indietro! Fanno miracoli, filtrando ogni boccata e offrendo un fumo pi\u00f9 pulito e un gusto migliore. Se non li avete mai provati, dovreste assolutamente farlo! Chiunque provi i filtri al carbone se ne innamora all'istante.<\/p>\n<h2>Mascotte Forniture per rotolamento<\/h2>\n<p>Mascotte \u00e8 un produttore olandese di cartine da rollare e forniture per fumatori, ben radicato nella comunit\u00e0 dei fumatori dei Paesi Bassi. \u00c8 possibile trovare queste carte da rollare di qualit\u00e0 di Mascotte in quasi tutti i negozi all'angolo. E per un motivo! Mascotte produce carte da rollare di alta qualit\u00e0 che soddisfano le esigenze di qualsiasi fumatore. La collezione di forniture per fumatori di Mascotte \u00e8 ricca di prodotti diversi che si adattano a qualsiasi preferenza dei fumatori!<\/p>","protected":false},"excerpt":{"rendered":"<p>Le punte di carbone per le articolazioni stanno conquistando il mondo. E per un motivo! Filtrano tutte le sostanze nocive dal vostro fumo, senza modificare gli effetti che otterrete dallo spinello. Questo non solo porta a un'esperienza di fumo pi\u00f9 pulita, ma i vostri spinelli avranno anche un sapore migliore. Provate a fare un tiro se non li avete mai provati prima!<\/p>","protected":false},"featured_media":44605,"template":"","meta":[],"product_brand":[],"product_cat":[445,297,414,816,421],"product_tag":[],"class_list":{"0":"post-41694","1":"product","2":"type-product","3":"status-publish","4":"has-post-thumbnail","6":"product_cat-rolling-tips","7":"product_cat-all-products","8":"product_cat-headshop","9":"product_cat-mascotte","10":"product_cat-rolling-papers","11":"product_shipping_class-creditcard-on","13":"first","14":"instock","15":"taxable","16":"shipping-taxable","17":"purchasable","18":"product-type-variable","19":"has-default-attributes"},"_links":{"self":[{"href":"https:\/\/www.headshop.nl\/it\/wp-json\/wp\/v2\/product\/41694","targetHints":{"allow":["GET"]}}],"collection":[{"href":"https:\/\/www.headshop.nl\/it\/wp-json\/wp\/v2\/product"}],"about":[{"href":"https:\/\/www.headshop.nl\/it\/wp-json\/wp\/v2\/types\/product"}],"wp:featuredmedia":[{"embeddable":true,"href":"https:\/\/www.headshop.nl\/it\/wp-json\/wp\/v2\/media\/44605"}],"wp:attachment":[{"href":"https:\/\/www.headshop.nl\/it\/wp-json\/wp\/v2\/media?parent=41694"}],"wp:term":[{"taxonomy":"product_brand","embeddable":true,"href":"https:\/\/www.headshop.nl\/it\/wp-json\/wp\/v2\/product_brand?post=41694"},{"taxonomy":"product_cat","embeddable":true,"href":"https:\/\/www.headshop.nl\/it\/wp-json\/wp\/v2\/product_cat?post=41694"},{"taxonomy":"product_tag","embeddable":true,"href":"https:\/\/www.headshop.nl\/it\/wp-json\/wp\/v2\/product_tag?post=41694"}],"curies":[{"name":"wp","href":"https:\/\/api.w.org\/{rel}","templated":true}]}}