{"id":41690,"date":"2022-03-14T10:03:34","date_gmt":"2022-03-14T10:03:34","guid":{"rendered":"https:\/\/www.headshop.nl\/?post_type=product&#038;p=41690"},"modified":"2025-05-23T09:44:29","modified_gmt":"2025-05-23T09:44:29","slug":"mascotte-original-combi-slim-size","status":"publish","type":"product","link":"https:\/\/www.headshop.nl\/it\/mascotte-original-combi-slim-size\/","title":{"rendered":"Mascotte Original Combi Slim Size"},"content":{"rendered":"<h2>Mascotte Tips e Papers<\/h2>\n<p>Se vi piace avere sempre con voi tutto il necessario per rollare uno spinello, avete bisogno di una confezione combinata di Mascotte. Si tratta di una confezione combinata che contiene carta da rollare di qualit\u00e0 e punte abbinate, cos\u00ec sar\u00e0 facile rollare i vostri spinelli in movimento!<\/p>\n<h2>Mascotte Forniture per rotolamento<\/h2>\n<p>Mascotte \u00e8 un produttore olandese di cartine da rollare e forniture per fumatori, ben radicato nella comunit\u00e0 dei fumatori dei Paesi Bassi. \u00c8 possibile trovare queste carte da rollare di qualit\u00e0 di Mascotte in quasi tutti i negozi all'angolo. E per un motivo! Mascotte produce carte da rollare di alta qualit\u00e0 che soddisfano le esigenze di qualsiasi fumatore. La collezione di forniture per fumatori di Mascotte \u00e8 ricca di prodotti diversi che si adattano a qualsiasi preferenza dei fumatori!<\/p>","protected":false},"excerpt":{"rendered":"<p>Tips e carte realizzate con materiali da fumo di altissima qualit\u00e0? Ci potete scommettere! Tutto ci\u00f2 che serve per rollare una canna perfetta \u00e8 contenuto in questa piccola confezione, quindi \u00e8 un prodotto perfetto per chi ama rollare le proprie canne di corsa. E potete fidarvi delle carte Mascotte per una combustione lenta e uniforme e per un'esperienza di fumo affidabile!<\/p>","protected":false},"featured_media":44633,"template":"","meta":[],"product_brand":[],"product_cat":[421,297,414,816,447,802],"product_tag":[],"class_list":{"0":"post-41690","1":"product","2":"type-product","3":"status-publish","4":"has-post-thumbnail","6":"product_cat-rolling-papers","7":"product_cat-all-products","8":"product_cat-headshop","9":"product_cat-mascotte","10":"product_cat-papers-with-tips","11":"product_cat-slim-size","12":"product_shipping_class-creditcard-on","14":"first","15":"instock","16":"taxable","17":"shipping-taxable","18":"purchasable","19":"product-type-variable","20":"has-default-attributes"},"_links":{"self":[{"href":"https:\/\/www.headshop.nl\/it\/wp-json\/wp\/v2\/product\/41690","targetHints":{"allow":["GET"]}}],"collection":[{"href":"https:\/\/www.headshop.nl\/it\/wp-json\/wp\/v2\/product"}],"about":[{"href":"https:\/\/www.headshop.nl\/it\/wp-json\/wp\/v2\/types\/product"}],"wp:featuredmedia":[{"embeddable":true,"href":"https:\/\/www.headshop.nl\/it\/wp-json\/wp\/v2\/media\/44633"}],"wp:attachment":[{"href":"https:\/\/www.headshop.nl\/it\/wp-json\/wp\/v2\/media?parent=41690"}],"wp:term":[{"taxonomy":"product_brand","embeddable":true,"href":"https:\/\/www.headshop.nl\/it\/wp-json\/wp\/v2\/product_brand?post=41690"},{"taxonomy":"product_cat","embeddable":true,"href":"https:\/\/www.headshop.nl\/it\/wp-json\/wp\/v2\/product_cat?post=41690"},{"taxonomy":"product_tag","embeddable":true,"href":"https:\/\/www.headshop.nl\/it\/wp-json\/wp\/v2\/product_tag?post=41690"}],"curies":[{"name":"wp","href":"https:\/\/api.w.org\/{rel}","templated":true}]}}