{"id":41687,"date":"2022-03-14T10:03:34","date_gmt":"2022-03-14T10:03:34","guid":{"rendered":"https:\/\/www.headshop.nl\/?post_type=product&#038;p=41687"},"modified":"2025-05-23T09:44:09","modified_gmt":"2025-05-23T09:44:09","slug":"mascotte-brown-king-size-rolling-papers","status":"publish","type":"product","link":"https:\/\/www.headshop.nl\/it\/mascotte-brown-king-size-rolling-papers\/","title":{"rendered":"Mascotte Marrone King Size Rolling Papers"},"content":{"rendered":"<h2>King Size Papers<\/h2>\n<p>La carta da rollare king size \u00e8 una sorta di OG del mercato dei prodotti per fumatori. Le carte king size potrebbero aver perso un po' di popolarit\u00e0 dopo che le carte slim hanno preso il sopravvento, ma il formato king size \u00e8 ancora amato da milioni di fumatori in tutto il mondo. Perch\u00e9? Perch\u00e9 il formato king-size consente di rollare spinelli molto grassi o di avvolgerli in modo molto stretto per un'esperienza di fumo pi\u00f9 lenta.<\/p>\n<h2>Mascotte Forniture per rotolamento<\/h2>\n<p>Mascotte \u00e8 un produttore olandese di cartine da rollare e forniture per fumatori, ben radicato nella comunit\u00e0 dei fumatori dei Paesi Bassi. \u00c8 possibile trovare queste carte da rollare di qualit\u00e0 di Mascotte in quasi tutti i negozi all'angolo. E per un motivo! Mascotte produce carte da rollare di alta qualit\u00e0 che soddisfano le esigenze di qualsiasi fumatore. La collezione di forniture per fumatori di Mascotte \u00e8 ricca di prodotti diversi che si adattano a qualsiasi preferenza dei fumatori!<\/p>","protected":false},"excerpt":{"rendered":"<p>Coloro che cercano carte da rollare king-size e amano le canne spesse e robuste ameranno ancora di pi\u00f9 le carte non sbiancate! L'assenza di additivi e il processo di produzione della carta completamente naturale garantiscono un gusto di fumo pi\u00f9 naturale. E nessuna qualit\u00e0 viene persa lungo il percorso, quindi provatele se volete che i vostri spinelli abbiano il sapore pi\u00f9 puro possibile!<\/p>","protected":false},"featured_media":44657,"template":"","meta":[],"product_brand":[],"product_cat":[421,297,414,801,816],"product_tag":[],"class_list":{"0":"post-41687","1":"product","2":"type-product","3":"status-publish","4":"has-post-thumbnail","6":"product_cat-rolling-papers","7":"product_cat-all-products","8":"product_cat-headshop","9":"product_cat-king-size","10":"product_cat-mascotte","11":"product_shipping_class-creditcard-on","13":"first","14":"instock","15":"taxable","16":"shipping-taxable","17":"purchasable","18":"product-type-variable","19":"has-default-attributes"},"_links":{"self":[{"href":"https:\/\/www.headshop.nl\/it\/wp-json\/wp\/v2\/product\/41687","targetHints":{"allow":["GET"]}}],"collection":[{"href":"https:\/\/www.headshop.nl\/it\/wp-json\/wp\/v2\/product"}],"about":[{"href":"https:\/\/www.headshop.nl\/it\/wp-json\/wp\/v2\/types\/product"}],"wp:featuredmedia":[{"embeddable":true,"href":"https:\/\/www.headshop.nl\/it\/wp-json\/wp\/v2\/media\/44657"}],"wp:attachment":[{"href":"https:\/\/www.headshop.nl\/it\/wp-json\/wp\/v2\/media?parent=41687"}],"wp:term":[{"taxonomy":"product_brand","embeddable":true,"href":"https:\/\/www.headshop.nl\/it\/wp-json\/wp\/v2\/product_brand?post=41687"},{"taxonomy":"product_cat","embeddable":true,"href":"https:\/\/www.headshop.nl\/it\/wp-json\/wp\/v2\/product_cat?post=41687"},{"taxonomy":"product_tag","embeddable":true,"href":"https:\/\/www.headshop.nl\/it\/wp-json\/wp\/v2\/product_tag?post=41687"}],"curies":[{"name":"wp","href":"https:\/\/api.w.org\/{rel}","templated":true}]}}