{"id":41683,"date":"2022-03-14T10:03:33","date_gmt":"2022-03-14T10:03:33","guid":{"rendered":"https:\/\/www.headshop.nl\/?post_type=product&#038;p=41683"},"modified":"2025-05-23T09:45:42","modified_gmt":"2025-05-23T09:45:42","slug":"mascotte-extra-thin-slim-size-rolling-papers","status":"publish","type":"product","link":"https:\/\/www.headshop.nl\/it\/mascotte-extra-thin-slim-size-rolling-papers\/","title":{"rendered":"Mascotte Extra Sottile Slim Size Rolling Papers"},"content":{"rendered":"<h2>Slim Mascotte Papers<\/h2>\n<p>La carta da rollare in formato slim \u00e8 probabilmente la carta da rollare pi\u00f9 comune sul pianeta in questo momento. Con una tale richiesta di carta slim, nasce la necessit\u00e0 per marchi come Mascotte di creare la carta da rollare slim perfetta. E noi pensiamo che il team di Mascotte abbia usato la sua decennale esperienza nella produzione di forniture per fumatori per fornire la carta da rollare slim ideale che tutti amano!<\/p>\n<h2>Mascotte Forniture per rotolamento<\/h2>\n<p>Mascotte \u00e8 un produttore olandese di cartine da rollare e forniture per fumatori, ben radicato nella comunit\u00e0 dei fumatori dei Paesi Bassi. \u00c8 possibile trovare queste carte da rollare di qualit\u00e0 di Mascotte in quasi tutti i negozi all'angolo. E per un motivo! Mascotte produce carte da rollare di alta qualit\u00e0 che soddisfano le esigenze di qualsiasi fumatore. La collezione di forniture per fumatori di Mascotte \u00e8 ricca di prodotti diversi che si adattano a qualsiasi preferenza dei fumatori!<\/p>","protected":false},"excerpt":{"rendered":"<p>Gli amanti della carta da rollare sottile apprezzano molto questo semplice prodotto di Mascotte! Queste carte bruciano lentamente e in modo uniforme e le loro dimensioni sottili assicurano che venga utilizzata la minima quantit\u00e0 di carta per rollare una canna di qualit\u00e0. Mascotte ha trascorso decenni a perfezionare la sua linea di carte sottili e si pu\u00f2 sentire che tutto questo sforzo \u00e8 stato ripagato!<\/p>","protected":false},"featured_media":44651,"template":"","meta":[],"product_brand":[],"product_cat":[421,297,414,816,446,802],"product_tag":[],"class_list":{"0":"post-41683","1":"product","2":"type-product","3":"status-publish","4":"has-post-thumbnail","6":"product_cat-rolling-papers","7":"product_cat-all-products","8":"product_cat-headshop","9":"product_cat-mascotte","10":"product_cat-papers","11":"product_cat-slim-size","12":"product_shipping_class-creditcard-on","14":"first","15":"instock","16":"taxable","17":"shipping-taxable","18":"purchasable","19":"product-type-variable","20":"has-default-attributes"},"_links":{"self":[{"href":"https:\/\/www.headshop.nl\/it\/wp-json\/wp\/v2\/product\/41683","targetHints":{"allow":["GET"]}}],"collection":[{"href":"https:\/\/www.headshop.nl\/it\/wp-json\/wp\/v2\/product"}],"about":[{"href":"https:\/\/www.headshop.nl\/it\/wp-json\/wp\/v2\/types\/product"}],"wp:featuredmedia":[{"embeddable":true,"href":"https:\/\/www.headshop.nl\/it\/wp-json\/wp\/v2\/media\/44651"}],"wp:attachment":[{"href":"https:\/\/www.headshop.nl\/it\/wp-json\/wp\/v2\/media?parent=41683"}],"wp:term":[{"taxonomy":"product_brand","embeddable":true,"href":"https:\/\/www.headshop.nl\/it\/wp-json\/wp\/v2\/product_brand?post=41683"},{"taxonomy":"product_cat","embeddable":true,"href":"https:\/\/www.headshop.nl\/it\/wp-json\/wp\/v2\/product_cat?post=41683"},{"taxonomy":"product_tag","embeddable":true,"href":"https:\/\/www.headshop.nl\/it\/wp-json\/wp\/v2\/product_tag?post=41683"}],"curies":[{"name":"wp","href":"https:\/\/api.w.org\/{rel}","templated":true}]}}