{"id":41671,"date":"2022-03-14T10:03:31","date_gmt":"2022-03-14T10:03:31","guid":{"rendered":"https:\/\/www.headshop.nl\/?post_type=product&#038;p=41671"},"modified":"2025-05-23T09:46:20","modified_gmt":"2025-05-23T09:46:20","slug":"foldable-rolling-stand","status":"publish","type":"product","link":"https:\/\/www.headshop.nl\/it\/foldable-rolling-stand\/","title":{"rendered":"Piedistallo pieghevole e rotante"},"content":{"rendered":"<h2>Cartella birichina<\/h2>\n<p>Il mondo del fumo di cannabis non ha sempre bisogno di essere innovato da costose tecnologie di alto livello come i vaporizzatori. A volte c'\u00e8 un nuovo prodotto che pu\u00f2 essere realizzato con un semplice pezzo di cartone e qualche piccolo magnete. Questo \u00e8 esattamente ci\u00f2 che ha fatto il team che ha realizzato il supporto rotante Naughty Briefcase. Semplicemente geniale e adatto alle dimensioni delle vostre carte!<\/p>","protected":false},"excerpt":{"rendered":"<p>Che cos'\u00e8 un supporto magnetico portatile per il rollaggio? Si tratta di un piccolo dispositivo funzionale in cartone che ha esattamente le dimensioni del pacchetto di carta da rollare, quindi \u00e8 estremamente facile da portare in giro. Questa attrezzatura pieghevole \u00e8 stata realizzata per rendere pi\u00f9 facile rollare uno spinello perfetto, perch\u00e9 terr\u00e0 la carta da rollare mentre si aggiunge la miscela di erba e tabacco. Dopo aver finito di spargere la roba buona, prendete la carta e arrotolatela. Semplice e geniale!<\/p>","protected":false},"featured_media":44885,"template":"","meta":[],"product_brand":[],"product_cat":[448,297,414,421],"product_tag":[],"class_list":{"0":"post-41671","1":"product","2":"type-product","3":"status-publish","4":"has-post-thumbnail","6":"product_cat-rolling-machines","7":"product_cat-all-products","8":"product_cat-headshop","9":"product_cat-rolling-papers","10":"product_shipping_class-creditcard-on","12":"first","13":"instock","14":"taxable","15":"shipping-taxable","16":"purchasable","17":"product-type-variable","18":"has-default-attributes"},"_links":{"self":[{"href":"https:\/\/www.headshop.nl\/it\/wp-json\/wp\/v2\/product\/41671","targetHints":{"allow":["GET"]}}],"collection":[{"href":"https:\/\/www.headshop.nl\/it\/wp-json\/wp\/v2\/product"}],"about":[{"href":"https:\/\/www.headshop.nl\/it\/wp-json\/wp\/v2\/types\/product"}],"wp:featuredmedia":[{"embeddable":true,"href":"https:\/\/www.headshop.nl\/it\/wp-json\/wp\/v2\/media\/44885"}],"wp:attachment":[{"href":"https:\/\/www.headshop.nl\/it\/wp-json\/wp\/v2\/media?parent=41671"}],"wp:term":[{"taxonomy":"product_brand","embeddable":true,"href":"https:\/\/www.headshop.nl\/it\/wp-json\/wp\/v2\/product_brand?post=41671"},{"taxonomy":"product_cat","embeddable":true,"href":"https:\/\/www.headshop.nl\/it\/wp-json\/wp\/v2\/product_cat?post=41671"},{"taxonomy":"product_tag","embeddable":true,"href":"https:\/\/www.headshop.nl\/it\/wp-json\/wp\/v2\/product_tag?post=41671"}],"curies":[{"name":"wp","href":"https:\/\/api.w.org\/{rel}","templated":true}]}}