{"id":41668,"date":"2022-03-14T10:03:30","date_gmt":"2022-03-14T10:03:30","guid":{"rendered":"https:\/\/www.headshop.nl\/?post_type=product&#038;p=41668"},"modified":"2025-05-23T09:46:48","modified_gmt":"2025-05-23T09:46:48","slug":"elements-artesano-with-tips-and-tray","status":"publish","type":"product","link":"https:\/\/www.headshop.nl\/it\/elements-artesano-with-tips-and-tray\/","title":{"rendered":"Elements Artesano con Tips e vassoio"},"content":{"rendered":"<h2>Elements Rolling Papers<\/h2>\n<p>Con migliaia di anni di esperienza, l'umanit\u00e0 \u00e8 in grado di produrre carta di quasi tutti i materiali. I prodotti per fumatori Elements fanno tesoro di questa esperienza umana e la applicano nella produzione di carta da rollare di qualit\u00e0. Ecco perch\u00e9 le loro carte da rollare di origine biologica hanno cos\u00ec tanti fan entusiasti in tutto il mondo! Provatela, siamo sicuri che vi piacer\u00e0.<\/p>","protected":false},"excerpt":{"rendered":"<p>Si tratta di una pratica confezione di piccole cartine da rollare abbinate ad alcune punte e a un vassoio pieghevole in cui \u00e8 possibile mescolare l'erba e il tabacco. In altre parole, \u00e8 tutto ci\u00f2 che serve per rollare uno spliff o un piccolo spinello in movimento. Aprite la confezione, mescolate la vostra roba nel vassoio, fate una punta e rollate. Fumerete questo spinello in men che non si dica!<\/p>","protected":false},"featured_media":45104,"template":"","meta":[],"product_brand":[],"product_cat":[421,297,414,447],"product_tag":[],"class_list":{"0":"post-41668","1":"product","2":"type-product","3":"status-publish","4":"has-post-thumbnail","6":"product_cat-rolling-papers","7":"product_cat-all-products","8":"product_cat-headshop","9":"product_cat-papers-with-tips","10":"product_shipping_class-creditcard-on","12":"first","13":"instock","14":"taxable","15":"shipping-taxable","16":"purchasable","17":"product-type-variable","18":"has-default-attributes"},"_links":{"self":[{"href":"https:\/\/www.headshop.nl\/it\/wp-json\/wp\/v2\/product\/41668","targetHints":{"allow":["GET"]}}],"collection":[{"href":"https:\/\/www.headshop.nl\/it\/wp-json\/wp\/v2\/product"}],"about":[{"href":"https:\/\/www.headshop.nl\/it\/wp-json\/wp\/v2\/types\/product"}],"wp:featuredmedia":[{"embeddable":true,"href":"https:\/\/www.headshop.nl\/it\/wp-json\/wp\/v2\/media\/45104"}],"wp:attachment":[{"href":"https:\/\/www.headshop.nl\/it\/wp-json\/wp\/v2\/media?parent=41668"}],"wp:term":[{"taxonomy":"product_brand","embeddable":true,"href":"https:\/\/www.headshop.nl\/it\/wp-json\/wp\/v2\/product_brand?post=41668"},{"taxonomy":"product_cat","embeddable":true,"href":"https:\/\/www.headshop.nl\/it\/wp-json\/wp\/v2\/product_cat?post=41668"},{"taxonomy":"product_tag","embeddable":true,"href":"https:\/\/www.headshop.nl\/it\/wp-json\/wp\/v2\/product_tag?post=41668"}],"curies":[{"name":"wp","href":"https:\/\/api.w.org\/{rel}","templated":true}]}}