{"id":41666,"date":"2022-03-14T10:03:30","date_gmt":"2022-03-14T10:03:30","guid":{"rendered":"https:\/\/www.headshop.nl\/?post_type=product&#038;p=41666"},"modified":"2025-05-23T09:46:38","modified_gmt":"2025-05-23T09:46:38","slug":"elements-king-size-slim-thin","status":"publish","type":"product","link":"https:\/\/www.headshop.nl\/it\/elements-king-size-slim-thin\/","title":{"rendered":"Elements King Size Sottile sottile"},"content":{"rendered":"<h2>Elements Riso sottile Rolling Papers<\/h2>\n<p>Con migliaia di anni di esperienza, l'umanit\u00e0 \u00e8 in grado di produrre carta di quasi tutti i materiali. I prodotti per fumatori Elements fanno tesoro di questa esperienza umana e la applicano nella produzione di carta da rollare di qualit\u00e0. Ecco perch\u00e9 le loro carte da rollare di origine biologica hanno cos\u00ec tanti fan entusiasti in tutto il mondo! Provatela, siamo sicuri che vi piacer\u00e0.<\/p>","protected":false},"excerpt":{"rendered":"<p>Amanti della carta da rollare sottile, gioite! Realizzate a partire dal riso, queste cartine sono una delle soluzioni di carta da rollare pi\u00f9 sottili che si possano trovare sul mercato delle forniture per fumatori. Con le dimensioni sottili che tutti amano, queste carte, una volta rollate, daranno vita a uno spinello a combustione lenta e a un'esperienza di fumo complessivamente straordinaria.<\/p>","protected":false},"featured_media":45090,"template":"","meta":[],"product_brand":[],"product_cat":[421,297,414,446,802],"product_tag":[],"class_list":{"0":"post-41666","1":"product","2":"type-product","3":"status-publish","4":"has-post-thumbnail","6":"product_cat-rolling-papers","7":"product_cat-all-products","8":"product_cat-headshop","9":"product_cat-papers","10":"product_cat-slim-size","11":"product_shipping_class-creditcard-on","13":"first","14":"instock","15":"taxable","16":"shipping-taxable","17":"purchasable","18":"product-type-variable","19":"has-default-attributes"},"_links":{"self":[{"href":"https:\/\/www.headshop.nl\/it\/wp-json\/wp\/v2\/product\/41666","targetHints":{"allow":["GET"]}}],"collection":[{"href":"https:\/\/www.headshop.nl\/it\/wp-json\/wp\/v2\/product"}],"about":[{"href":"https:\/\/www.headshop.nl\/it\/wp-json\/wp\/v2\/types\/product"}],"wp:featuredmedia":[{"embeddable":true,"href":"https:\/\/www.headshop.nl\/it\/wp-json\/wp\/v2\/media\/45090"}],"wp:attachment":[{"href":"https:\/\/www.headshop.nl\/it\/wp-json\/wp\/v2\/media?parent=41666"}],"wp:term":[{"taxonomy":"product_brand","embeddable":true,"href":"https:\/\/www.headshop.nl\/it\/wp-json\/wp\/v2\/product_brand?post=41666"},{"taxonomy":"product_cat","embeddable":true,"href":"https:\/\/www.headshop.nl\/it\/wp-json\/wp\/v2\/product_cat?post=41666"},{"taxonomy":"product_tag","embeddable":true,"href":"https:\/\/www.headshop.nl\/it\/wp-json\/wp\/v2\/product_tag?post=41666"}],"curies":[{"name":"wp","href":"https:\/\/api.w.org\/{rel}","templated":true}]}}