{"id":41665,"date":"2022-03-14T10:03:29","date_gmt":"2022-03-14T10:03:29","guid":{"rendered":"https:\/\/www.headshop.nl\/?post_type=product&#038;p=41665"},"modified":"2025-05-23T09:46:55","modified_gmt":"2025-05-23T09:46:55","slug":"elements-king-size-thin","status":"publish","type":"product","link":"https:\/\/www.headshop.nl\/it\/elements-king-size-thin\/","title":{"rendered":"Elements King Size Sottile"},"content":{"rendered":"<h2>Elements Sottile Rolling Papers<\/h2>\n<p>Con migliaia di anni di esperienza, l'umanit\u00e0 \u00e8 in grado di produrre carta di quasi tutti i materiali. I prodotti per fumatori Elements fanno tesoro di questa esperienza umana e la applicano nella produzione di carta da rollare di qualit\u00e0. Ecco perch\u00e9 le loro carte da rollare di origine biologica hanno cos\u00ec tanti fan entusiasti in tutto il mondo! Provatela, siamo sicuri che vi piacer\u00e0.<\/p>","protected":false},"excerpt":{"rendered":"<p>Carte da rollare king size realizzate con il riso che vi faranno vivere un'esperienza di combustione lenta! Questo \u00e8 uno dei motivi per cui la maggior parte degli amanti delle carte sottili sceglie gli elementi, perch\u00e9 sanno come usare i materiali organici nel modo giusto per ottenere la carta ideale che porta gioia sul viso quando si fuma lo spinello.<\/p>","protected":false},"featured_media":45120,"template":"","meta":[],"product_brand":[],"product_cat":[421,297,414,801,446],"product_tag":[],"class_list":{"0":"post-41665","1":"product","2":"type-product","3":"status-publish","4":"has-post-thumbnail","6":"product_cat-rolling-papers","7":"product_cat-all-products","8":"product_cat-headshop","9":"product_cat-king-size","10":"product_cat-papers","11":"product_shipping_class-creditcard-on","13":"first","14":"instock","15":"taxable","16":"shipping-taxable","17":"purchasable","18":"product-type-variable","19":"has-default-attributes"},"_links":{"self":[{"href":"https:\/\/www.headshop.nl\/it\/wp-json\/wp\/v2\/product\/41665","targetHints":{"allow":["GET"]}}],"collection":[{"href":"https:\/\/www.headshop.nl\/it\/wp-json\/wp\/v2\/product"}],"about":[{"href":"https:\/\/www.headshop.nl\/it\/wp-json\/wp\/v2\/types\/product"}],"wp:featuredmedia":[{"embeddable":true,"href":"https:\/\/www.headshop.nl\/it\/wp-json\/wp\/v2\/media\/45120"}],"wp:attachment":[{"href":"https:\/\/www.headshop.nl\/it\/wp-json\/wp\/v2\/media?parent=41665"}],"wp:term":[{"taxonomy":"product_brand","embeddable":true,"href":"https:\/\/www.headshop.nl\/it\/wp-json\/wp\/v2\/product_brand?post=41665"},{"taxonomy":"product_cat","embeddable":true,"href":"https:\/\/www.headshop.nl\/it\/wp-json\/wp\/v2\/product_cat?post=41665"},{"taxonomy":"product_tag","embeddable":true,"href":"https:\/\/www.headshop.nl\/it\/wp-json\/wp\/v2\/product_tag?post=41665"}],"curies":[{"name":"wp","href":"https:\/\/api.w.org\/{rel}","templated":true}]}}