{"id":41642,"date":"2022-03-14T10:03:18","date_gmt":"2022-03-14T10:03:18","guid":{"rendered":"https:\/\/www.headshop.nl\/?post_type=product&#038;p=41642"},"modified":"2025-05-23T09:50:26","modified_gmt":"2025-05-23T09:50:26","slug":"tattoo-movie-flipbook-tips","status":"publish","type":"product","link":"https:\/\/www.headshop.nl\/it\/tattoo-movie-flipbook-tips\/","title":{"rendered":"Tattoo Movie Flipbook Tips"},"content":{"rendered":"<h2>Rolling Tips<\/h2>\n<p>Un tempo si arrotolavano le canne mentre si creavano suggerimenti con biglietti da visita, riviste e qualsiasi carta robusta su cui si potesse mettere le mani. Quel tempo \u00e8 passato! Ogni fumatore dovrebbe ora utilizzare l'invenzione pi\u00f9 semplice e geniale, il libretto delle punte dei filtri. Basta strappare una punta, arrotolarla e usarla per il vostro spinello. Dite addio all'uso accidentale di quell'importante biglietto da visita per qualche spinello. Dite ciao alle punte di dimensioni perfette e robuste fatte apposta per rollare le canne!<\/p>","protected":false},"excerpt":{"rendered":"<p>Questi consigli non sono solo perfetti per rollare le canne, ma sono anche un argomento di conversazione con i vostri amici. Perch\u00e9? Perch\u00e9 questo libretto \u00e8 anche un piccolo filmato flipbook. Se sfogliate il libretto molto velocemente, vedrete una piccola animazione: ogni punta ha un disegno diverso che crea una sequenza di film!<\/p>","protected":false},"featured_media":44871,"template":"","meta":[],"product_brand":[],"product_cat":[445,297,414,421],"product_tag":[],"class_list":{"0":"post-41642","1":"product","2":"type-product","3":"status-publish","4":"has-post-thumbnail","6":"product_cat-rolling-tips","7":"product_cat-all-products","8":"product_cat-headshop","9":"product_cat-rolling-papers","10":"product_shipping_class-creditcard-on","12":"first","13":"instock","14":"taxable","15":"shipping-taxable","16":"purchasable","17":"product-type-variable","18":"has-default-attributes"},"_links":{"self":[{"href":"https:\/\/www.headshop.nl\/it\/wp-json\/wp\/v2\/product\/41642","targetHints":{"allow":["GET"]}}],"collection":[{"href":"https:\/\/www.headshop.nl\/it\/wp-json\/wp\/v2\/product"}],"about":[{"href":"https:\/\/www.headshop.nl\/it\/wp-json\/wp\/v2\/types\/product"}],"wp:featuredmedia":[{"embeddable":true,"href":"https:\/\/www.headshop.nl\/it\/wp-json\/wp\/v2\/media\/44871"}],"wp:attachment":[{"href":"https:\/\/www.headshop.nl\/it\/wp-json\/wp\/v2\/media?parent=41642"}],"wp:term":[{"taxonomy":"product_brand","embeddable":true,"href":"https:\/\/www.headshop.nl\/it\/wp-json\/wp\/v2\/product_brand?post=41642"},{"taxonomy":"product_cat","embeddable":true,"href":"https:\/\/www.headshop.nl\/it\/wp-json\/wp\/v2\/product_cat?post=41642"},{"taxonomy":"product_tag","embeddable":true,"href":"https:\/\/www.headshop.nl\/it\/wp-json\/wp\/v2\/product_tag?post=41642"}],"curies":[{"name":"wp","href":"https:\/\/api.w.org\/{rel}","templated":true}]}}