{"id":41633,"date":"2022-03-14T10:03:09","date_gmt":"2022-03-14T10:03:09","guid":{"rendered":"https:\/\/www.headshop.nl\/?post_type=product&#038;p=41633"},"modified":"2025-05-23T09:52:26","modified_gmt":"2025-05-23T09:52:26","slug":"cyclones-hemp-wonderberry-blunt-cones","status":"publish","type":"product","link":"https:\/\/www.headshop.nl\/it\/cyclones-hemp-wonderberry-blunt-cones\/","title":{"rendered":"Cyclones Canapa Wonderberry Blunt Cones"},"content":{"rendered":"<h2>Canapa Blunt Cones<\/h2>\n<p>Sebbene l'uso di una foglia di tabacco per rollare un blunt vecchio stile possa essere ancora di classe, si pu\u00f2 avere un'esperienza di fumo ancora migliore quando si usano involucri di blunt fatti con le vere piante di cannabis. E poich\u00e9 questi involucri vengono forniti in coni, non c'\u00e8 nemmeno bisogno di faticare per arrotolarli. Aggiungete la vostra erba e fumate!<\/p>","protected":false},"excerpt":{"rendered":"<p>Sappiamo tutti che la cosa pi\u00f9 fastidiosa del rollare un blunt... \u00e8 la parte del rollare! Perch\u00e9 non usare un cono pre-arrotolato realizzato con canapa organica e con una bella punta di legno? Basta inserire l'erba e fumarla. Semplice! L'esperienza di fumare un blunt a combustione lenta senza la fatica di rollare!<\/p>","protected":false},"featured_media":44984,"template":"","meta":[],"product_brand":[],"product_cat":[483,297,443,414,444,421],"product_tag":[],"class_list":{"0":"post-41633","1":"product","2":"type-product","3":"status-publish","4":"has-post-thumbnail","6":"product_cat-cones","7":"product_cat-all-products","8":"product_cat-blunts","9":"product_cat-headshop","10":"product_cat-hemp-wraps","11":"product_cat-rolling-papers","12":"product_shipping_class-creditcard-on","14":"first","15":"instock","16":"taxable","17":"shipping-taxable","18":"purchasable","19":"product-type-variable","20":"has-default-attributes"},"_links":{"self":[{"href":"https:\/\/www.headshop.nl\/it\/wp-json\/wp\/v2\/product\/41633","targetHints":{"allow":["GET"]}}],"collection":[{"href":"https:\/\/www.headshop.nl\/it\/wp-json\/wp\/v2\/product"}],"about":[{"href":"https:\/\/www.headshop.nl\/it\/wp-json\/wp\/v2\/types\/product"}],"wp:featuredmedia":[{"embeddable":true,"href":"https:\/\/www.headshop.nl\/it\/wp-json\/wp\/v2\/media\/44984"}],"wp:attachment":[{"href":"https:\/\/www.headshop.nl\/it\/wp-json\/wp\/v2\/media?parent=41633"}],"wp:term":[{"taxonomy":"product_brand","embeddable":true,"href":"https:\/\/www.headshop.nl\/it\/wp-json\/wp\/v2\/product_brand?post=41633"},{"taxonomy":"product_cat","embeddable":true,"href":"https:\/\/www.headshop.nl\/it\/wp-json\/wp\/v2\/product_cat?post=41633"},{"taxonomy":"product_tag","embeddable":true,"href":"https:\/\/www.headshop.nl\/it\/wp-json\/wp\/v2\/product_tag?post=41633"}],"curies":[{"name":"wp","href":"https:\/\/api.w.org\/{rel}","templated":true}]}}