{"id":41629,"date":"2022-03-14T10:03:08","date_gmt":"2022-03-14T10:03:08","guid":{"rendered":"https:\/\/www.headshop.nl\/?post_type=product&#038;p=41629"},"modified":"2025-05-23T09:53:01","modified_gmt":"2025-05-23T09:53:01","slug":"mascotte-extra-slim-filters","status":"publish","type":"product","link":"https:\/\/www.headshop.nl\/it\/mascotte-extra-slim-filters\/","title":{"rendered":"Mascotte Extra Slim Filters"},"content":{"rendered":"<h2>Mascotte Forniture per rotolamento<\/h2>\n<p>Mascotte \u00e8 un produttore olandese di cartine da rollare e forniture per fumatori, ben radicato nella comunit\u00e0 dei fumatori dei Paesi Bassi. \u00c8 possibile trovare queste carte da rollare di qualit\u00e0 di Mascotte in quasi tutti i negozi all'angolo. E per un motivo! Mascotte produce carte da rollare di alta qualit\u00e0 che soddisfano le esigenze di qualsiasi fumatore. La collezione di forniture per fumatori di Mascotte \u00e8 ricca di prodotti diversi che si adattano a qualsiasi preferenza dei fumatori!<\/p>","protected":false},"excerpt":{"rendered":"<p>I fumatori di shag conoscono questi filtri di alta qualit\u00e0 e li amano in tutta Europa. E per un motivo! Mascotte \u00e8 un marchio leader nelle forniture per fumatori nei Paesi Bassi da decenni, ecco perch\u00e9 cos\u00ec tanti fumatori si fidano dei loro filtri di alta qualit\u00e0 e li usano ogni giorno. Se non avete mai provato questi filtri, questo \u00e8 il momento giusto!<\/p>","protected":false},"featured_media":75277,"template":"","meta":[],"product_brand":[],"product_cat":[445,297,414,627,816,421],"product_tag":[],"class_list":{"0":"post-41629","1":"product","2":"type-product","3":"status-publish","4":"has-post-thumbnail","6":"product_cat-rolling-tips","7":"product_cat-all-products","8":"product_cat-headshop","9":"product_cat-headshop-top-10","10":"product_cat-mascotte","11":"product_cat-rolling-papers","12":"product_shipping_class-creditcard-on","14":"first","15":"instock","16":"taxable","17":"shipping-taxable","18":"purchasable","19":"product-type-variable","20":"has-default-attributes"},"_links":{"self":[{"href":"https:\/\/www.headshop.nl\/it\/wp-json\/wp\/v2\/product\/41629","targetHints":{"allow":["GET"]}}],"collection":[{"href":"https:\/\/www.headshop.nl\/it\/wp-json\/wp\/v2\/product"}],"about":[{"href":"https:\/\/www.headshop.nl\/it\/wp-json\/wp\/v2\/types\/product"}],"wp:featuredmedia":[{"embeddable":true,"href":"https:\/\/www.headshop.nl\/it\/wp-json\/wp\/v2\/media\/75277"}],"wp:attachment":[{"href":"https:\/\/www.headshop.nl\/it\/wp-json\/wp\/v2\/media?parent=41629"}],"wp:term":[{"taxonomy":"product_brand","embeddable":true,"href":"https:\/\/www.headshop.nl\/it\/wp-json\/wp\/v2\/product_brand?post=41629"},{"taxonomy":"product_cat","embeddable":true,"href":"https:\/\/www.headshop.nl\/it\/wp-json\/wp\/v2\/product_cat?post=41629"},{"taxonomy":"product_tag","embeddable":true,"href":"https:\/\/www.headshop.nl\/it\/wp-json\/wp\/v2\/product_tag?post=41629"}],"curies":[{"name":"wp","href":"https:\/\/api.w.org\/{rel}","templated":true}]}}