{"id":41626,"date":"2022-03-14T10:03:08","date_gmt":"2022-03-14T10:03:08","guid":{"rendered":"https:\/\/www.headshop.nl\/?post_type=product&#038;p=41626"},"modified":"2025-05-23T09:52:35","modified_gmt":"2025-05-23T09:52:35","slug":"ocb-premium-slim-with-tips","status":"publish","type":"product","link":"https:\/\/www.headshop.nl\/it\/ocb-premium-slim-with-tips\/","title":{"rendered":"OCB Premium Slim con Tips"},"content":{"rendered":"<h2>OCB Carta da rotolo<\/h2>\n<p>Sebbene sia una marca di carta da rollare molto popolare in alcuni paesi, non molte persone conoscono le carte da rollare OCB dalla Francia. Questo \u00e8 un peccato, perch\u00e9 quando si tratta di qualit\u00e0 della carta e di qualit\u00e0 della gomma, non ci sono molti esempi di qualit\u00e0 in giro. Vale la pena di provarle soprattutto se svapate sempre poco o troppo. Queste carte risolveranno automaticamente il problema!<\/p>","protected":false},"excerpt":{"rendered":"<p>Se siete fan dei rotoli OCB o semplicemente non siete soddisfatti della qualit\u00e0 della vostra carta da rollare, questa \u00e8 la prima cosa da provare! Una delle carte pi\u00f9 pregiate provenienti dalla Francia con una delle gomme pi\u00f9 affidabili del mercato. Il tutto abbinato a qualche consiglio e alla migliore esperienza di fumo della vostra vita. Davvero, provatela!<\/p>","protected":false},"featured_media":45009,"template":"","meta":[],"product_brand":[],"product_cat":[421,297,414,447],"product_tag":[],"class_list":{"0":"post-41626","1":"product","2":"type-product","3":"status-publish","4":"has-post-thumbnail","6":"product_cat-rolling-papers","7":"product_cat-all-products","8":"product_cat-headshop","9":"product_cat-papers-with-tips","10":"product_shipping_class-creditcard-on","12":"first","13":"instock","14":"taxable","15":"shipping-taxable","16":"purchasable","17":"product-type-variable","18":"has-default-attributes"},"_links":{"self":[{"href":"https:\/\/www.headshop.nl\/it\/wp-json\/wp\/v2\/product\/41626","targetHints":{"allow":["GET"]}}],"collection":[{"href":"https:\/\/www.headshop.nl\/it\/wp-json\/wp\/v2\/product"}],"about":[{"href":"https:\/\/www.headshop.nl\/it\/wp-json\/wp\/v2\/types\/product"}],"wp:featuredmedia":[{"embeddable":true,"href":"https:\/\/www.headshop.nl\/it\/wp-json\/wp\/v2\/media\/45009"}],"wp:attachment":[{"href":"https:\/\/www.headshop.nl\/it\/wp-json\/wp\/v2\/media?parent=41626"}],"wp:term":[{"taxonomy":"product_brand","embeddable":true,"href":"https:\/\/www.headshop.nl\/it\/wp-json\/wp\/v2\/product_brand?post=41626"},{"taxonomy":"product_cat","embeddable":true,"href":"https:\/\/www.headshop.nl\/it\/wp-json\/wp\/v2\/product_cat?post=41626"},{"taxonomy":"product_tag","embeddable":true,"href":"https:\/\/www.headshop.nl\/it\/wp-json\/wp\/v2\/product_tag?post=41626"}],"curies":[{"name":"wp","href":"https:\/\/api.w.org\/{rel}","templated":true}]}}