{"id":41591,"date":"2022-03-14T10:02:52","date_gmt":"2022-03-14T10:02:52","guid":{"rendered":"https:\/\/www.headshop.nl\/?post_type=product&#038;p=41591"},"modified":"2025-09-08T01:26:16","modified_gmt":"2025-09-08T01:26:16","slug":"watermelon-prerolled-juicy-jones-cone","status":"publish","type":"product","link":"https:\/\/www.headshop.nl\/it\/watermelon-prerolled-juicy-jones-cone\/","title":{"rendered":"Watermelon Prerollato Juicy Jones Cone"},"content":{"rendered":"<h2>Giunto Juicy Jay Cones<\/h2>\n<p>Juicy Jay's o semplicemente Juicy \u00e8 uno di quei marchi di carta da rollare che si amano o si odiano. La loro collezione di carta da rollare \u00e8 unica grazie al fatto che tutte le carte Juicy sono dotate di un aroma e di un design colorato. Qualsiasi gusto possiate immaginare, loro ce l'hanno!<\/p>\n<p>Questo fa s\u00ec che rollare spinelli con carte aromatizzate sia un'attivit\u00e0 entusiasmante, perch\u00e9 la carta scelta influisce sul gusto e sull'odore dello spinello. Scegliete il vostro gusto preferito e fumate i vostri spinelli con stile!<\/p>","protected":false},"excerpt":{"rendered":"<p>Cosa vi serve per fare una canna al gusto di anguria? Solo uno di questi coni! Mettete un po' di erba all'interno e fumate. Preparatevi a gustare l'aroma e il sapore succoso dell'anguria. Viene fornito con una robusta punta di legno per rendere la vostra esperienza di fumo ancora pi\u00f9 piacevole. Uno spinello rosso che sa di anguria? Conta su di me!<\/p>","protected":false},"featured_media":45447,"template":"","meta":[],"product_brand":[],"product_cat":[483,297,809,414,421],"product_tag":[],"class_list":{"0":"post-41591","1":"product","2":"type-product","3":"status-publish","4":"has-post-thumbnail","6":"product_cat-cones","7":"product_cat-all-products","8":"product_cat-flavored-papers","9":"product_cat-headshop","10":"product_cat-rolling-papers","11":"product_shipping_class-creditcard-on","13":"first","14":"instock","15":"taxable","16":"shipping-taxable","17":"purchasable","18":"product-type-variable","19":"has-default-attributes"},"_links":{"self":[{"href":"https:\/\/www.headshop.nl\/it\/wp-json\/wp\/v2\/product\/41591","targetHints":{"allow":["GET"]}}],"collection":[{"href":"https:\/\/www.headshop.nl\/it\/wp-json\/wp\/v2\/product"}],"about":[{"href":"https:\/\/www.headshop.nl\/it\/wp-json\/wp\/v2\/types\/product"}],"wp:featuredmedia":[{"embeddable":true,"href":"https:\/\/www.headshop.nl\/it\/wp-json\/wp\/v2\/media\/45447"}],"wp:attachment":[{"href":"https:\/\/www.headshop.nl\/it\/wp-json\/wp\/v2\/media?parent=41591"}],"wp:term":[{"taxonomy":"product_brand","embeddable":true,"href":"https:\/\/www.headshop.nl\/it\/wp-json\/wp\/v2\/product_brand?post=41591"},{"taxonomy":"product_cat","embeddable":true,"href":"https:\/\/www.headshop.nl\/it\/wp-json\/wp\/v2\/product_cat?post=41591"},{"taxonomy":"product_tag","embeddable":true,"href":"https:\/\/www.headshop.nl\/it\/wp-json\/wp\/v2\/product_tag?post=41591"}],"curies":[{"name":"wp","href":"https:\/\/api.w.org\/{rel}","templated":true}]}}