{"id":41587,"date":"2022-03-14T10:02:52","date_gmt":"2022-03-14T10:02:52","guid":{"rendered":"https:\/\/www.headshop.nl\/?post_type=product&#038;p=41587"},"modified":"2025-05-23T09:57:12","modified_gmt":"2025-05-23T09:57:12","slug":"raw-black-king-size-slim-rolling-papers","status":"publish","type":"product","link":"https:\/\/www.headshop.nl\/it\/raw-black-king-size-slim-rolling-papers\/","title":{"rendered":"Raw Nero King Size Slim Papers"},"content":{"rendered":"<h2>GREZZO Classic Rolling Papers<\/h2>\n<p>Raw classic presenta prodotti che ogni fumatore amer\u00e0 e apprezzer\u00e0! Tutte le cartine RAW sono realizzate con materiali organici, non sono sbiancate e non sono trattate con sostanze chimiche, per questo l'esperienza di fumare RAW \u00e8 pura e il gusto \u00e8 sorprendente! Tutte le carte da fumo RAW Classic e gli altri prodotti per fumatori sono amati da milioni di persone e saranno amati da ogni fumatore che li prover\u00e0!<\/p>\n<h2>Raw Smoking Materiali di consumo<\/h2>\n<p>Raw \u00e8 noto per le sue forniture per fumatori autentiche e di alta qualit\u00e0, amate da milioni di fumatori in tutto il mondo. Raw \u00e8 uno dei marchi di carta per fumatori pi\u00f9 riconosciuti, di cui ci si pu\u00f2 fidare con la carta per fumatori pi\u00f9 organica, naturale e di alta qualit\u00e0. Le migliori forniture che possiate trovare come fumatori!<\/p>","protected":false},"excerpt":{"rendered":"<p>Non molti fumatori lo sanno, ma RAW ha anche una linea di carta da rollare sottile! Questo \u00e8 uno di quei prodotti con cui avrete un rapporto di amore o odio. Se amate rollare le vostre canne con carta da rollare sottile, dovete provare queste carte da rollare sottili king-size di RAW. La qualit\u00e0 \u00e8 pazzesca!<\/p>","protected":false},"featured_media":43621,"template":"","meta":[],"product_brand":[],"product_cat":[421,297,414,446,771],"product_tag":[],"class_list":{"0":"post-41587","1":"product","2":"type-product","3":"status-publish","4":"has-post-thumbnail","6":"product_cat-rolling-papers","7":"product_cat-all-products","8":"product_cat-headshop","9":"product_cat-papers","10":"product_cat-raw","11":"product_shipping_class-creditcard-on","13":"first","14":"instock","15":"taxable","16":"shipping-taxable","17":"purchasable","18":"product-type-variable","19":"has-default-attributes"},"_links":{"self":[{"href":"https:\/\/www.headshop.nl\/it\/wp-json\/wp\/v2\/product\/41587","targetHints":{"allow":["GET"]}}],"collection":[{"href":"https:\/\/www.headshop.nl\/it\/wp-json\/wp\/v2\/product"}],"about":[{"href":"https:\/\/www.headshop.nl\/it\/wp-json\/wp\/v2\/types\/product"}],"wp:featuredmedia":[{"embeddable":true,"href":"https:\/\/www.headshop.nl\/it\/wp-json\/wp\/v2\/media\/43621"}],"wp:attachment":[{"href":"https:\/\/www.headshop.nl\/it\/wp-json\/wp\/v2\/media?parent=41587"}],"wp:term":[{"taxonomy":"product_brand","embeddable":true,"href":"https:\/\/www.headshop.nl\/it\/wp-json\/wp\/v2\/product_brand?post=41587"},{"taxonomy":"product_cat","embeddable":true,"href":"https:\/\/www.headshop.nl\/it\/wp-json\/wp\/v2\/product_cat?post=41587"},{"taxonomy":"product_tag","embeddable":true,"href":"https:\/\/www.headshop.nl\/it\/wp-json\/wp\/v2\/product_tag?post=41587"}],"curies":[{"name":"wp","href":"https:\/\/api.w.org\/{rel}","templated":true}]}}