{"id":41577,"date":"2022-03-14T10:02:50","date_gmt":"2022-03-14T10:02:50","guid":{"rendered":"https:\/\/www.headshop.nl\/?post_type=product&#038;p=41577"},"modified":"2025-05-23T10:00:07","modified_gmt":"2025-05-23T10:00:07","slug":"actitube-activated-charcoal-filter-tip","status":"publish","type":"product","link":"https:\/\/www.headshop.nl\/it\/actitube-activated-charcoal-filter-tip\/","title":{"rendered":"ActiTube carbone attivo Filter Punta"},"content":{"rendered":"<h2>ActiTube carbone attivo Filters<\/h2>\n<p>L'ingegno tedesco incontra l'esperienza di fumare erba di maggior qualit\u00e0 della vostra vita! ActiTube semplifica la vita del fumatore utilizzando il carbone attivo per filtrare ogni fumo, boccata e sniffata. Questi filtri rendono l'esperienza di fumare pi\u00f9 pulita senza togliere nulla di buono o ridurre gli effetti. Pi\u00f9 si scopre cosa possono fare queste piccole punte speciali per canne, pi\u00f9 si vuole usare solo loro per ogni singola canna che si tira!<\/p>","protected":false},"excerpt":{"rendered":"<p>Ideali per una canna king size, queste punte di carbone attivo hanno all'incirca le stesse dimensioni del filtro di una sigaretta media. Ma fanno molto di pi\u00f9 e gli speciali carboni attivi filtrano il fumo molto meglio di quanto potrebbe fare qualsiasi punta di filtro. A differenza delle loro controparti sottili, queste punte consentono di rollare un robusto spinello dritto o di usare carta king size per rollare uno spinello spesso. Uno dei migliori prodotti da provare per ogni amante delle canne!<\/p>","protected":false},"featured_media":44957,"template":"","meta":[],"product_brand":[],"product_cat":[445,297,414,421],"product_tag":[],"class_list":{"0":"post-41577","1":"product","2":"type-product","3":"status-publish","4":"has-post-thumbnail","6":"product_cat-rolling-tips","7":"product_cat-all-products","8":"product_cat-headshop","9":"product_cat-rolling-papers","10":"product_shipping_class-creditcard-on","12":"first","13":"instock","14":"taxable","15":"shipping-taxable","16":"purchasable","17":"product-type-variable","18":"has-default-attributes"},"_links":{"self":[{"href":"https:\/\/www.headshop.nl\/it\/wp-json\/wp\/v2\/product\/41577","targetHints":{"allow":["GET"]}}],"collection":[{"href":"https:\/\/www.headshop.nl\/it\/wp-json\/wp\/v2\/product"}],"about":[{"href":"https:\/\/www.headshop.nl\/it\/wp-json\/wp\/v2\/types\/product"}],"wp:featuredmedia":[{"embeddable":true,"href":"https:\/\/www.headshop.nl\/it\/wp-json\/wp\/v2\/media\/44957"}],"wp:attachment":[{"href":"https:\/\/www.headshop.nl\/it\/wp-json\/wp\/v2\/media?parent=41577"}],"wp:term":[{"taxonomy":"product_brand","embeddable":true,"href":"https:\/\/www.headshop.nl\/it\/wp-json\/wp\/v2\/product_brand?post=41577"},{"taxonomy":"product_cat","embeddable":true,"href":"https:\/\/www.headshop.nl\/it\/wp-json\/wp\/v2\/product_cat?post=41577"},{"taxonomy":"product_tag","embeddable":true,"href":"https:\/\/www.headshop.nl\/it\/wp-json\/wp\/v2\/product_tag?post=41577"}],"curies":[{"name":"wp","href":"https:\/\/api.w.org\/{rel}","templated":true}]}}