{"id":41575,"date":"2022-03-14T10:02:49","date_gmt":"2022-03-14T10:02:49","guid":{"rendered":"https:\/\/www.headshop.nl\/?post_type=product&#038;p=41575"},"modified":"2025-05-23T10:00:36","modified_gmt":"2025-05-23T10:00:36","slug":"raw-rolls-3m","status":"publish","type":"product","link":"https:\/\/www.headshop.nl\/it\/raw-rolls-3m\/","title":{"rendered":"Raw Rolls 3m"},"content":{"rendered":"<h2>Raw Rolls<\/h2>\n<p>Raw produce carta di alta qualit\u00e0 con i migliori materiali che si possano immaginare! Questo rende la carta per rotoli Raw uno dei migliori prodotti di carta per rotoli sul mercato. Non c'\u00e8 niente di meglio di una canna di alta qualit\u00e0 rollata da un rotolo Raw.<\/p>\n<h2>Raw Smoking Materiali di consumo<\/h2>\n<p>Raw \u00e8 noto per le sue forniture per fumatori autentiche e di alta qualit\u00e0, amate da milioni di fumatori in tutto il mondo. Raw \u00e8 uno dei marchi di carta per fumatori pi\u00f9 riconosciuti, di cui ci si pu\u00f2 fidare con la carta per fumatori pi\u00f9 organica, naturale e di alta qualit\u00e0.<\/p>","protected":false},"excerpt":{"rendered":"<p>La migliore confezione da 3 metri di carta da rollare di qualit\u00e0? Questa \u00e8 quella giusta! Non sbiancata e non raffinata, questa carta da rollare \u00e8 tutto ci\u00f2 di cui avete bisogno per un tiro lento e uniforme. La migliore qualit\u00e0 \u00e8 ci\u00f2 che fa Raw e questo rotolo di carta da rollare non fa eccezione!<\/p>","protected":false},"featured_media":43310,"template":"","meta":[],"product_brand":[],"product_cat":[421,297,414,446,771,803],"product_tag":[],"class_list":{"0":"post-41575","1":"product","2":"type-product","3":"status-publish","4":"has-post-thumbnail","6":"product_cat-rolling-papers","7":"product_cat-all-products","8":"product_cat-headshop","9":"product_cat-papers","10":"product_cat-raw","11":"product_cat-rolls","12":"product_shipping_class-creditcard-on","14":"first","15":"instock","16":"taxable","17":"shipping-taxable","18":"purchasable","19":"product-type-variable","20":"has-default-attributes"},"_links":{"self":[{"href":"https:\/\/www.headshop.nl\/it\/wp-json\/wp\/v2\/product\/41575","targetHints":{"allow":["GET"]}}],"collection":[{"href":"https:\/\/www.headshop.nl\/it\/wp-json\/wp\/v2\/product"}],"about":[{"href":"https:\/\/www.headshop.nl\/it\/wp-json\/wp\/v2\/types\/product"}],"wp:featuredmedia":[{"embeddable":true,"href":"https:\/\/www.headshop.nl\/it\/wp-json\/wp\/v2\/media\/43310"}],"wp:attachment":[{"href":"https:\/\/www.headshop.nl\/it\/wp-json\/wp\/v2\/media?parent=41575"}],"wp:term":[{"taxonomy":"product_brand","embeddable":true,"href":"https:\/\/www.headshop.nl\/it\/wp-json\/wp\/v2\/product_brand?post=41575"},{"taxonomy":"product_cat","embeddable":true,"href":"https:\/\/www.headshop.nl\/it\/wp-json\/wp\/v2\/product_cat?post=41575"},{"taxonomy":"product_tag","embeddable":true,"href":"https:\/\/www.headshop.nl\/it\/wp-json\/wp\/v2\/product_tag?post=41575"}],"curies":[{"name":"wp","href":"https:\/\/api.w.org\/{rel}","templated":true}]}}