{"id":41572,"date":"2022-03-14T10:02:42","date_gmt":"2022-03-14T10:02:42","guid":{"rendered":"https:\/\/www.headshop.nl\/?post_type=product&#038;p=41572"},"modified":"2025-05-23T10:20:00","modified_gmt":"2025-05-23T10:20:00","slug":"raw-wide-tips-booklet","status":"publish","type":"product","link":"https:\/\/www.headshop.nl\/it\/raw-wide-tips-booklet\/","title":{"rendered":"Raw Largo Tips Libretto"},"content":{"rendered":"<h2>Raw Tips per Smoking<\/h2>\n<p>Raw produce carte da fumo di altissima qualit\u00e0, per questo \u00e8 un'ottima idea abbinare le sue carte a delle punte da rollare di qualit\u00e0. Tutte le punte da rollare Raw sono non raffinate e ci sono diverse fantastiche confezioni di libretti di punte tra cui scegliere. Da quelli perforati a quelli pre-arrotolati, da quelli da 100 punte a quelli da 480 punte. Ogni fumatore trover\u00e0 ci\u00f2 di cui ha bisogno!<\/p>\n<h2>Raw Smoking Materiali di consumo<\/h2>\n<p>Raw \u00e8 noto per le sue forniture per fumatori autentiche e di alta qualit\u00e0, amate da milioni di fumatori in tutto il mondo. Raw \u00e8 una delle marche di carta da fumo pi\u00f9 riconosciute, di cui ci si pu\u00f2 fidare con la carta da fumo pi\u00f9 organica, naturale e di alta qualit\u00e0.<\/p>","protected":false},"excerpt":{"rendered":"<p>Punte Classic dal miglior produttore di forniture per fumatori del pianeta! Salutate le punte da rollare di Raw, il marchio di forniture per fumatori preferito al mondo. Queste punte rendono facile rollare spinelli perfetti e si abbinano a tutti i formati di carta da rollare Raw pi\u00f9 popolari!<\/p>","protected":false},"featured_media":43480,"template":"","meta":[],"product_brand":[],"product_cat":[445,297,414,771,421],"product_tag":[],"class_list":{"0":"post-41572","1":"product","2":"type-product","3":"status-publish","4":"has-post-thumbnail","6":"product_cat-rolling-tips","7":"product_cat-all-products","8":"product_cat-headshop","9":"product_cat-raw","10":"product_cat-rolling-papers","11":"product_shipping_class-creditcard-on","13":"first","14":"onbackorder","15":"taxable","16":"shipping-taxable","17":"purchasable","18":"product-type-variable","19":"has-default-attributes"},"_links":{"self":[{"href":"https:\/\/www.headshop.nl\/it\/wp-json\/wp\/v2\/product\/41572","targetHints":{"allow":["GET"]}}],"collection":[{"href":"https:\/\/www.headshop.nl\/it\/wp-json\/wp\/v2\/product"}],"about":[{"href":"https:\/\/www.headshop.nl\/it\/wp-json\/wp\/v2\/types\/product"}],"wp:featuredmedia":[{"embeddable":true,"href":"https:\/\/www.headshop.nl\/it\/wp-json\/wp\/v2\/media\/43480"}],"wp:attachment":[{"href":"https:\/\/www.headshop.nl\/it\/wp-json\/wp\/v2\/media?parent=41572"}],"wp:term":[{"taxonomy":"product_brand","embeddable":true,"href":"https:\/\/www.headshop.nl\/it\/wp-json\/wp\/v2\/product_brand?post=41572"},{"taxonomy":"product_cat","embeddable":true,"href":"https:\/\/www.headshop.nl\/it\/wp-json\/wp\/v2\/product_cat?post=41572"},{"taxonomy":"product_tag","embeddable":true,"href":"https:\/\/www.headshop.nl\/it\/wp-json\/wp\/v2\/product_tag?post=41572"}],"curies":[{"name":"wp","href":"https:\/\/api.w.org\/{rel}","templated":true}]}}