{"id":41567,"date":"2022-03-14T10:02:41","date_gmt":"2022-03-14T10:02:41","guid":{"rendered":"https:\/\/www.headshop.nl\/?post_type=product&#038;p=41567"},"modified":"2024-09-17T11:01:17","modified_gmt":"2024-09-17T11:01:17","slug":"bubblegum-flavored-rolls","status":"publish","type":"product","link":"https:\/\/www.headshop.nl\/it\/bubblegum-flavored-rolls\/","title":{"rendered":"Al gusto di gomma da masticare Rolls"},"content":{"rendered":"<h2>Juicy Jay's Rolls<\/h2>\n<p>Juicy Jay's o semplicemente Juicy \u00e8 uno di quei marchi di carta da rollare che si amano o si odiano. La loro collezione di carta da rollare \u00e8 unica grazie al fatto che tutte le carte Juicy sono dotate di un aroma e di un design colorato. Qualsiasi gusto possiate immaginare, loro ce l'hanno!<\/p>\n<p>Questo fa s\u00ec che rollare spinelli con carte aromatizzate sia un'attivit\u00e0 entusiasmante, perch\u00e9 la carta scelta influisce sul gusto e sull'odore dello spinello. Scegliete il vostro gusto preferito e fumate i vostri spinelli con stile!<\/p>","protected":false},"excerpt":{"rendered":"<p>Stupite i vostri amici portando alla festa uno spinello al gusto di bubblegum! Questi rotoli rendono qualsiasi spinello al gusto di bubblegum e sono dotati di un design rosa sfacciato. Non c'\u00e8 bisogno di magia: basta prendere una carta, arrotolare lo spinello e godersi l'odore e il sapore di bubblegum.<\/p>","protected":false},"featured_media":45455,"template":"","meta":[],"product_brand":[],"product_cat":[297,793,809,414,421,803],"product_tag":[],"class_list":{"0":"post-41567","1":"product","2":"type-product","3":"status-publish","4":"has-post-thumbnail","6":"product_cat-all-products","7":"product_cat-color-papers","8":"product_cat-flavored-papers","9":"product_cat-headshop","10":"product_cat-rolling-papers","11":"product_cat-rolls","12":"product_shipping_class-creditcard-on","14":"first","15":"instock","16":"taxable","17":"shipping-taxable","18":"purchasable","19":"product-type-variable","20":"has-default-attributes"},"_links":{"self":[{"href":"https:\/\/www.headshop.nl\/it\/wp-json\/wp\/v2\/product\/41567","targetHints":{"allow":["GET"]}}],"collection":[{"href":"https:\/\/www.headshop.nl\/it\/wp-json\/wp\/v2\/product"}],"about":[{"href":"https:\/\/www.headshop.nl\/it\/wp-json\/wp\/v2\/types\/product"}],"wp:featuredmedia":[{"embeddable":true,"href":"https:\/\/www.headshop.nl\/it\/wp-json\/wp\/v2\/media\/45455"}],"wp:attachment":[{"href":"https:\/\/www.headshop.nl\/it\/wp-json\/wp\/v2\/media?parent=41567"}],"wp:term":[{"taxonomy":"product_brand","embeddable":true,"href":"https:\/\/www.headshop.nl\/it\/wp-json\/wp\/v2\/product_brand?post=41567"},{"taxonomy":"product_cat","embeddable":true,"href":"https:\/\/www.headshop.nl\/it\/wp-json\/wp\/v2\/product_cat?post=41567"},{"taxonomy":"product_tag","embeddable":true,"href":"https:\/\/www.headshop.nl\/it\/wp-json\/wp\/v2\/product_tag?post=41567"}],"curies":[{"name":"wp","href":"https:\/\/api.w.org\/{rel}","templated":true}]}}