{"id":41558,"date":"2022-03-14T10:02:39","date_gmt":"2022-03-14T10:02:39","guid":{"rendered":"https:\/\/www.headshop.nl\/?post_type=product&#038;p=41558"},"modified":"2024-09-17T11:01:25","modified_gmt":"2024-09-17T11:01:25","slug":"strawberry-kiwi-flavored-papers","status":"publish","type":"product","link":"https:\/\/www.headshop.nl\/it\/strawberry-kiwi-flavored-papers\/","title":{"rendered":"Fragola-Kiwi Flavored Papers"},"content":{"rendered":"<h2>Rolling Papers di Juicy Jay<\/h2>\n<p>Juicy Jay's o semplicemente Juicy \u00e8 uno di quei marchi di carta da rollare che si amano o si odiano. La loro collezione di carta da rollare \u00e8 unica grazie al fatto che tutte le carte Juicy sono dotate di un aroma e di un design colorato. Qualsiasi gusto possiate immaginare, loro ce l'hanno!<\/p>\n<p>Questo fa s\u00ec che rollare spinelli con carte aromatizzate sia un'attivit\u00e0 entusiasmante, perch\u00e9 la carta scelta influisce sul gusto e sull'odore dello spinello. Scegliete il vostro gusto preferito e fumate i vostri spinelli con stile!<\/p>","protected":false},"excerpt":{"rendered":"<p>Per i golosi che cercano lo spinello pi\u00f9 dolce della citt\u00e0, questo \u00e8 quello giusto! Le carte aromatizzate alla fragola e al kiwi rendono i vostri spinelli dal sapore e dall'odore straordinari. Rollate uno spinello e aspettatevi delle vere e proprie esplosioni di sapore ad ogni boccata. Il sapore \u00e8 cos\u00ec buono!<\/p>","protected":false},"featured_media":45511,"template":"","meta":[],"product_brand":[],"product_cat":[297,793,809,414,446,421,802],"product_tag":[],"class_list":{"0":"post-41558","1":"product","2":"type-product","3":"status-publish","4":"has-post-thumbnail","6":"product_cat-all-products","7":"product_cat-color-papers","8":"product_cat-flavored-papers","9":"product_cat-headshop","10":"product_cat-papers","11":"product_cat-rolling-papers","12":"product_cat-slim-size","13":"product_shipping_class-creditcard-on","15":"first","16":"instock","17":"taxable","18":"shipping-taxable","19":"purchasable","20":"product-type-variable","21":"has-default-attributes"},"_links":{"self":[{"href":"https:\/\/www.headshop.nl\/it\/wp-json\/wp\/v2\/product\/41558","targetHints":{"allow":["GET"]}}],"collection":[{"href":"https:\/\/www.headshop.nl\/it\/wp-json\/wp\/v2\/product"}],"about":[{"href":"https:\/\/www.headshop.nl\/it\/wp-json\/wp\/v2\/types\/product"}],"wp:featuredmedia":[{"embeddable":true,"href":"https:\/\/www.headshop.nl\/it\/wp-json\/wp\/v2\/media\/45511"}],"wp:attachment":[{"href":"https:\/\/www.headshop.nl\/it\/wp-json\/wp\/v2\/media?parent=41558"}],"wp:term":[{"taxonomy":"product_brand","embeddable":true,"href":"https:\/\/www.headshop.nl\/it\/wp-json\/wp\/v2\/product_brand?post=41558"},{"taxonomy":"product_cat","embeddable":true,"href":"https:\/\/www.headshop.nl\/it\/wp-json\/wp\/v2\/product_cat?post=41558"},{"taxonomy":"product_tag","embeddable":true,"href":"https:\/\/www.headshop.nl\/it\/wp-json\/wp\/v2\/product_tag?post=41558"}],"curies":[{"name":"wp","href":"https:\/\/api.w.org\/{rel}","templated":true}]}}