{"id":41545,"date":"2022-03-14T10:02:36","date_gmt":"2022-03-14T10:02:36","guid":{"rendered":"https:\/\/www.headshop.nl\/?post_type=product&#038;p=41545"},"modified":"2025-02-03T08:10:08","modified_gmt":"2025-02-03T08:10:08","slug":"mangonpapaya-flavored-hemp-wraps","status":"publish","type":"product","link":"https:\/\/www.headshop.nl\/it\/mangonpapaya-flavored-hemp-wraps\/","title":{"rendered":"Al gusto di mango e papaia Hemp Wraps"},"content":{"rendered":"<h2>Juicy Jay's Hemp Wraps<\/h2>\n<p>Juicy Jay's o semplicemente Juicy \u00e8 uno di quei marchi di carta da rollare che si amano o si odiano. La loro collezione di carta da rollare \u00e8 unica grazie al fatto che tutte le carte Juicy sono dotate di un aroma e di un design colorato. Qualsiasi gusto possiate immaginare, loro ce l'hanno!<\/p>\n<p>Questo fa s\u00ec che rollare spinelli con carte aromatizzate sia un'attivit\u00e0 entusiasmante, perch\u00e9 la carta scelta influisce sul gusto e sull'odore dello spinello. Scegliete il vostro gusto preferito e fumate i vostri spinelli con stile!<\/p>","protected":false},"excerpt":{"rendered":"<p>Il pi\u00f9 dolce blunt in circolazione e non \u00e8 nemmeno un blunt! \u00c8 un involucro di canapa, il che significa che \u00e8 fatto di canapa organica. Ci\u00f2 significa che il vostro blunt avr\u00e0 un sapore estremamente gradevole e non fumerete tabacco. Aspettatevi la stessa esperienza di combustione lenta del vostro blunt medio, ma con un gusto e un profumo migliori!<\/p>","protected":false},"featured_media":45625,"template":"","meta":[],"product_brand":[],"product_cat":[297,443,414,444,421],"product_tag":[],"class_list":{"0":"post-41545","1":"product","2":"type-product","3":"status-publish","4":"has-post-thumbnail","6":"product_cat-all-products","7":"product_cat-blunts","8":"product_cat-headshop","9":"product_cat-hemp-wraps","10":"product_cat-rolling-papers","11":"product_shipping_class-creditcard-on","13":"first","14":"instock","15":"taxable","16":"shipping-taxable","17":"purchasable","18":"product-type-variable","19":"has-default-attributes"},"_links":{"self":[{"href":"https:\/\/www.headshop.nl\/it\/wp-json\/wp\/v2\/product\/41545","targetHints":{"allow":["GET"]}}],"collection":[{"href":"https:\/\/www.headshop.nl\/it\/wp-json\/wp\/v2\/product"}],"about":[{"href":"https:\/\/www.headshop.nl\/it\/wp-json\/wp\/v2\/types\/product"}],"wp:featuredmedia":[{"embeddable":true,"href":"https:\/\/www.headshop.nl\/it\/wp-json\/wp\/v2\/media\/45625"}],"wp:attachment":[{"href":"https:\/\/www.headshop.nl\/it\/wp-json\/wp\/v2\/media?parent=41545"}],"wp:term":[{"taxonomy":"product_brand","embeddable":true,"href":"https:\/\/www.headshop.nl\/it\/wp-json\/wp\/v2\/product_brand?post=41545"},{"taxonomy":"product_cat","embeddable":true,"href":"https:\/\/www.headshop.nl\/it\/wp-json\/wp\/v2\/product_cat?post=41545"},{"taxonomy":"product_tag","embeddable":true,"href":"https:\/\/www.headshop.nl\/it\/wp-json\/wp\/v2\/product_tag?post=41545"}],"curies":[{"name":"wp","href":"https:\/\/api.w.org\/{rel}","templated":true}]}}