{"id":38234,"date":"2021-10-26T07:46:42","date_gmt":"2021-10-26T07:46:42","guid":{"rendered":"https:\/\/www.headshop.nl\/?post_type=product&#038;p=38234"},"modified":"2025-02-14T08:06:30","modified_gmt":"2025-02-14T08:06:30","slug":"wild-lettuce-50x-extract","status":"publish","type":"product","link":"https:\/\/www.headshop.nl\/it\/wild-lettuce-50x-extract\/","title":{"rendered":"Wild Lettuce 50X Extract"},"content":{"rendered":"<h2 data-start=\"0\" data-end=\"40\">Che cos'\u00e8 Wild Lettuce - 50x Extract?<\/h2>\n<p data-start=\"42\" data-end=\"317\">Wild Lettuce - 50x Extract \u00e8 una forma altamente concentrata di <em data-start=\"102\" data-end=\"118\">Lactuca Virosa<\/em>una pianta nota per le sue propriet\u00e0 calmanti e lenitive. Questo estratto \u00e8 50 volte pi\u00f9 potente della Wild Lettuce grezza, il che lo rende una scelta efficace per chi cerca un'esperienza forte ma naturale.<\/p>\n<p data-start=\"319\" data-end=\"550\">Ricco di composti attivi come la lattucopicrina e la lattucina, si ritiene che l'Wild Lettuce favorisca il rilassamento e la tranquillit\u00e0. Molti utenti riferiscono di un effetto lieve e calmante senza il rischio di assuefazione, il che lo rende un rimedio naturale popolare.<\/p>\n<p data-start=\"552\" data-end=\"778\">Questo estratto pu\u00f2 essere consumato come tisana o utilizzato in un vaporizzatore, consentendo un'esperienza personalizzabile. Sia che venga preparato un t\u00e8 rilassante o inalato come vapore, Wild Lettuce - 50x Extract offre un modo naturale per rilassarsi.<\/p>\n<h2 data-start=\"780\" data-end=\"822\">Storia di Wild Lettuce - 50x Extract<\/h2>\n<p data-start=\"824\" data-end=\"1068\">Il Wild Lettuce \u00e8 apprezzato da secoli, con un uso storico che risale all'antico Egitto e alla Grecia, dove era apprezzato per le sue propriet\u00e0 sedative e medicinali. Gli erboristi tradizionali la usavano spesso per favorire il rilassamento e il benessere.<\/p>\n<p data-start=\"1070\" data-end=\"1316\">Nel XIX secolo, gli scienziati tedeschi hanno studiato a fondo la pianta, identificando nella lattucopicrina e nella lattucina i composti chiave responsabili dei suoi effetti. La loro ricerca ha convalidato l'uso di lunga data dell'Wild Lettuce come rilassante naturale.<\/p>\n<p data-start=\"1318\" data-end=\"1562\">Oggi, Wild Lettuce - 50x Extract ha guadagnato popolarit\u00e0 come alternativa potente e non assuefacente ad altre erbe calmanti. La sua forma concentrata consente agli utenti di sperimentare i suoi benefici in modo pi\u00f9 efficace, rendendolo un prodotto botanico ricercato.<\/p>\n<h2 data-start=\"1564\" data-end=\"1606\">Come utilizzare Wild Lettuce - 50x Extract<\/h2>\n<p data-start=\"1608\" data-end=\"1756\">Wild Lettuce - 50x Extract \u00e8 un prodotto erboristico versatile che pu\u00f2 essere consumato in modi diversi, con dosaggi che variano in base alle preferenze personali.<\/p>\n<ul data-start=\"1758\" data-end=\"2194\">\n<li data-start=\"1758\" data-end=\"1930\"><strong data-start=\"1760\" data-end=\"1775\">Tisana:<\/strong> Aggiungere da 1 a 2 grammi di estratto all'acqua calda, mescolare e lasciare in infusione per qualche minuto prima di bere. Questo metodo fornisce un effetto delicato e lenitivo.<\/li>\n<li data-start=\"1931\" data-end=\"2194\"><strong data-start=\"1933\" data-end=\"1950\">Vaporizzazione:<\/strong> L'estratto pu\u00f2 essere utilizzato in un vaporizzatore, anche se, a causa della sua consistenza appiccicosa quando viene riscaldato, si raccomanda di utilizzare fibra di canapa degommata (lana da vape) per evitare intasamenti e garantire una vaporizzazione omogenea. La vaporizzazione consente una pi\u00f9 rapida comparsa degli effetti.<\/li>\n<\/ul>\n<p data-start=\"2196\" data-end=\"2332\">Poich\u00e9 l'Wild Lettuce \u00e8 un estratto concentrato, \u00e8 meglio iniziare con una piccola dose e regolare gradualmente in base all'esperienza personale.<\/p>\n<h2 data-start=\"2334\" data-end=\"2380\">Ingredienti di Wild Lettuce - 50x Extract<\/h2>\n<p data-start=\"2382\" data-end=\"2530\">Wild Lettuce - 50x Extract deriva da <em data-start=\"2425\" data-end=\"2441\">Lactuca Virosa<\/em>, una variet\u00e0 di lattuga selvatica ricca di composti naturali. I suoi principi attivi chiave includono:<\/p>\n<ul data-start=\"2532\" data-end=\"2678\">\n<li data-start=\"2532\" data-end=\"2607\"><strong data-start=\"2534\" data-end=\"2551\">Lattucopicrina<\/strong> - Conosciuto per i suoi effetti calmanti e lievemente psicoattivi<\/li>\n<li data-start=\"2608\" data-end=\"2678\"><strong data-start=\"2610\" data-end=\"2622\">Lattucina<\/strong> - Si ritiene che contribuisca al rilassamento e al benessere<\/li>\n<\/ul>\n<p data-start=\"2680\" data-end=\"2875\">Questo estratto \u00e8 interamente di origine vegetale e viene sottoposto a un attento processo di estrazione per massimizzarne la potenza. La sua concentrazione 50x assicura che sia sufficiente una piccola quantit\u00e0 per sperimentare i suoi benefici.<\/p>\n<p data-start=\"2877\" data-end=\"2889\"><strong>Avvertenze<\/strong><\/p>\n<p data-start=\"2891\" data-end=\"2984\">Wild Lettuce - 50x Extract \u00e8 un prodotto altamente concentrato e deve essere usato in modo responsabile.<\/p>\n<ul data-start=\"2986\" data-end=\"3343\" data-is-last-node=\"\">\n<li data-start=\"2986\" data-end=\"3037\">Non destinato a persone di et\u00e0 inferiore ai 18 anni<\/li>\n<li data-start=\"3038\" data-end=\"3190\">Le donne in gravidanza o in allattamento, i soggetti con condizioni mediche o che assumono farmaci devono consultare un operatore sanitario prima dell'uso.<\/li>\n<li data-start=\"3191\" data-end=\"3280\">Evitare un consumo eccessivo, poich\u00e9 dosi elevate possono causare vertigini, nausea o sonnolenza.<\/li>\n<li data-start=\"3281\" data-end=\"3343\" data-is-last-node=\"\">Conservare in un luogo fresco e asciutto e tenere fuori dalla portata dei bambini.<\/li>\n<\/ul>","protected":false},"excerpt":{"rendered":"<p>Wild Lettuce - 50x Extract (2,5 g) \u00e8 un potente concentrato di erbe proveniente da <em data-start=\"78\" data-end=\"94\">Lactuca Virosa<\/em>, una pianta storicamente apprezzata per le sue propriet\u00e0 medicinali. Ricca di composti attivi, questo rimedio naturale \u00e8 noto per i suoi effetti calmanti e le sue lievi propriet\u00e0 psicoattive, senza il rischio di dipendenza. Tradizionalmente gustata in t\u00e8 o attraverso la vaporizzazione, la Wild Lettuce offre un'esperienza unica e rilassante che favorisce il benessere generale.<\/p>","protected":false},"featured_media":81903,"template":"","meta":[],"product_brand":[],"product_cat":[384,297,391,389,457,818,406],"product_tag":[],"class_list":{"0":"post-38234","1":"product","2":"type-product","3":"status-publish","4":"has-post-thumbnail","6":"product_cat-smartshop","7":"product_cat-all-products","8":"product_cat-extracts","9":"product_cat-herbs","10":"product_cat-herbs-healthshop","11":"product_cat-mcmystic","12":"product_cat-psychedelic-herbs","14":"first","15":"instock","16":"taxable","17":"shipping-taxable","18":"purchasable","19":"product-type-variable","20":"has-default-attributes"},"_links":{"self":[{"href":"https:\/\/www.headshop.nl\/it\/wp-json\/wp\/v2\/product\/38234","targetHints":{"allow":["GET"]}}],"collection":[{"href":"https:\/\/www.headshop.nl\/it\/wp-json\/wp\/v2\/product"}],"about":[{"href":"https:\/\/www.headshop.nl\/it\/wp-json\/wp\/v2\/types\/product"}],"wp:featuredmedia":[{"embeddable":true,"href":"https:\/\/www.headshop.nl\/it\/wp-json\/wp\/v2\/media\/81903"}],"wp:attachment":[{"href":"https:\/\/www.headshop.nl\/it\/wp-json\/wp\/v2\/media?parent=38234"}],"wp:term":[{"taxonomy":"product_brand","embeddable":true,"href":"https:\/\/www.headshop.nl\/it\/wp-json\/wp\/v2\/product_brand?post=38234"},{"taxonomy":"product_cat","embeddable":true,"href":"https:\/\/www.headshop.nl\/it\/wp-json\/wp\/v2\/product_cat?post=38234"},{"taxonomy":"product_tag","embeddable":true,"href":"https:\/\/www.headshop.nl\/it\/wp-json\/wp\/v2\/product_tag?post=38234"}],"curies":[{"name":"wp","href":"https:\/\/api.w.org\/{rel}","templated":true}]}}