{"id":38221,"date":"2021-10-26T07:07:31","date_gmt":"2021-10-26T07:07:31","guid":{"rendered":"https:\/\/www.headshop.nl\/?post_type=product&#038;p=38221"},"modified":"2025-11-18T14:37:56","modified_gmt":"2025-11-18T14:37:56","slug":"kratom-15x-extract","status":"publish","type":"product","link":"https:\/\/www.headshop.nl\/it\/kratom-15x-extract\/","title":{"rendered":"Kratom 15X Extract"},"content":{"rendered":"<h2 data-pm-slice=\"1 3 []\">Che cos'\u00e8 Thaise Mitragyna Speciosa - Kratom 15x?<\/h2>\n<p>Thaise Mitragyna Speciosa - Kratom L'estratto 15x \u00e8 una forma altamente concentrata di kratom, derivata da foglie di Mitragyna Speciosa di prima qualit\u00e0 originarie delle Thailande. Questo estratto \u00e8 significativamente pi\u00f9 potente delle normali foglie di kratom essiccate, offrendo un effetto potente e duraturo. L'Kratom contiene diversi alcaloidi attivi, principalmente mitraginina e 7-idrossimetraginina, che interagiscono con l'organismo per offrire un equilibrio unico di stimolazione e rilassamento.<\/p>\n<p>Gli effetti di Thaise Mitragyna Speciosa - Kratom 15x variano a seconda del dosaggio. A dosi pi\u00f9 basse, migliora la concentrazione, aumenta l'energia e promuove un umore positivo. A dosi pi\u00f9 elevate, fornisce relax e sollievo dallo stress. Grazie alla sua natura concentrata, \u00e8 sufficiente una piccola quantit\u00e0 per ottenere gli effetti desiderati, il che la rende un'opzione efficace sia per i consumatori esperti che per i principianti.<\/p>\n<h2>Storia di Thaise Mitragyna Speciosa - Kratom 15x<\/h2>\n<p>Kratom ha una ricca storia nel sud-est asiatico, in particolare in Thailandia, Indonesia e Malesia, dove \u00e8 stata utilizzata per secoli. Tradizionalmente, braccianti e contadini masticavano foglie crude di Mitragyna Speciosa per combattere la fatica, alleviare il dolore e aumentare la resistenza durante le lunghe ore di lavoro. Con il tempo, il kratom \u00e8 diventato una parte essenziale della medicina tradizionale, apprezzato per la sua capacit\u00e0 di favorire il rilassamento, migliorare la chiarezza mentale e promuovere il benessere generale.<\/p>\n<p>Quando il kratom \u00e8 stato riconosciuto al di fuori dell'Asia, i ricercatori e gli appassionati di erbe hanno sviluppato estratti potenti come Thaise Mitragyna Speciosa - Kratom 15x. Questi estratti offrono effetti pi\u00f9 forti in dosi minori, rendendo il kratom pi\u00f9 accessibile e comodo da consumare, pur mantenendo la sua potenza naturale.<\/p>\n<p>Oggi il kratom \u00e8 ampiamente utilizzato in Occidente per il rilassamento, il miglioramento dell'umore e come stimolante energetico naturale. La sua capacit\u00e0 di fornire effetti sia stimolanti che calmanti lo ha reso uno dei prodotti botanici pi\u00f9 richiesti in tutto il mondo.<\/p>\n<h2>Come utilizzare Thaise Mitragyna Speciosa - Kratom 15x<\/h2>\n<p>A causa della sua elevata potenza, l'estratto Thaise Mitragyna Speciosa - Kratom 15x deve essere usato con cautela. Il metodo di consumo pi\u00f9 comune \u00e8 la preparazione di un t\u00e8. Per preparare il t\u00e8 al kratom, sciogliere circa 0,2 grammi di estratto in acqua calda e mescolare bene. Lasciare in infusione per qualche minuto aiuta a rilasciare gli alcaloidi attivi, migliorando l'esperienza complessiva.<\/p>\n<p>Per coloro che trovano sgradevole l'amarezza naturale del kratom, la miscelazione con succo di frutta, come il succo d'arancia, pu\u00f2 aiutare a mascherare il sapore senza influenzare gli effetti. A dosi pi\u00f9 basse, Thaise Mitragyna Speciosa - Kratom 15x fornisce una spinta energizzante, che lo rende ideale per l'uso diurno. A dosi pi\u00f9 elevate, induce rilassamento e pu\u00f2 essere pi\u00f9 adatta all'uso serale.<\/p>\n<p>Gli effetti variano a seconda della tolleranza individuale, del metabolismo e della chimica del corpo. Alcuni utenti riferiscono un aumento della concentrazione e della motivazione, mentre altri la trovano efficace per alleviare lo stress e il benessere generale. Si consiglia di iniziare con una dose bassa e di adattarsi gradualmente per trovare la quantit\u00e0 ideale che funziona meglio per le esigenze personali.<\/p>\n<h2>Ingredienti di Thaise Mitragyna Speciosa - Kratom 15x<\/h2>\n<p>Thaise Mitragyna Speciosa - Kratom L'estratto 15x \u00e8 ottenuto da foglie di kratom accuratamente selezionate, provenienti da alberi di Mitragyna Speciosa di alta qualit\u00e0 situati nel Thailand. Questo estratto contiene una quantit\u00e0 concentrata di mitraginina e 7-idrossimetraginina, i due principali alcaloidi responsabili degli effetti del kratom.<\/p>\n<ul data-spread=\"false\">\n<li><strong>Mitragina<\/strong>: L'alcaloide dominante noto per le sue propriet\u00e0 stimolanti e di miglioramento dell'umore. In dosi minori, favorisce la vigilanza, la concentrazione e un senso di benessere generale.<\/li>\n<li><strong>7-idrossimetrina<\/strong>: Un potente alcaloide con effetti pi\u00f9 rilassanti e calmanti, utile per alleviare lo stress e rilassarsi.<\/li>\n<\/ul>\n<p>A differenza della polvere di kratom tradizionale, questo estratto 15x viene sottoposto a un processo di estrazione specializzato che ne aumenta notevolmente la potenza. Di conseguenza, sono necessarie dosi molto pi\u00f9 ridotte rispetto alla normale polvere di kratom, rendendo Thaise Mitragyna Speciosa - Kratom 15x un'opzione efficiente e conveniente per chi cerca tutti i benefici del kratom in forma concentrata.<\/p>\n<h2>Avvertenze<\/h2>\n<p>Thaise Mitragyna Speciosa - Kratom L'estratto 15x \u00e8 un prodotto altamente concentrato e deve essere usato in modo responsabile.<\/p>\n<ul data-spread=\"false\">\n<li>Non adatto a persone di et\u00e0 inferiore ai 18 anni.<\/li>\n<li>Evitare un consumo eccessivo, poich\u00e9 dosi elevate possono causare nausea, vertigini o secchezza delle fauci.<\/li>\n<li>Le donne in gravidanza o in fase di allattamento, i soggetti affetti da patologie cardiache o che assumono farmaci devono consultare un operatore sanitario prima dell'uso.<\/li>\n<li>Conservare in un luogo fresco e asciutto e tenere fuori dalla portata dei bambini.<\/li>\n<\/ul>","protected":false},"excerpt":{"rendered":"<p>Si \u00e8 scoperto che le popolazioni del sud-est asiatico hanno esplorato modi per migliorare la propria vita con l'Kratom per centinaia di anni! Potete godere di molti effetti sorprendenti, come livelli di energia pi\u00f9 elevati e una migliore concentrazione. Oppure, se avete bisogno di un po' di relax o di ridurre il dolore, l'Kratom \u00e8 felice di aiutarvi. Tutto inizia con la comprensione della versatilit\u00e0 di questa affascinante pianta!<\/p>","protected":false},"featured_media":81915,"template":"","meta":[],"product_brand":[],"product_cat":[390,297,391,389,818,396,405,384],"product_tag":[],"class_list":{"0":"post-38221","1":"product","2":"type-product","3":"status-publish","4":"has-post-thumbnail","6":"product_cat-kratom","7":"product_cat-all-products","8":"product_cat-extracts","9":"product_cat-herbs","10":"product_cat-mcmystic","11":"product_cat-relax","12":"product_cat-relax-herbs","13":"product_cat-smartshop","14":"product_shipping_class-group-7","16":"first","17":"instock","18":"taxable","19":"shipping-taxable","20":"purchasable","21":"product-type-variable","22":"has-default-attributes"},"_links":{"self":[{"href":"https:\/\/www.headshop.nl\/it\/wp-json\/wp\/v2\/product\/38221","targetHints":{"allow":["GET"]}}],"collection":[{"href":"https:\/\/www.headshop.nl\/it\/wp-json\/wp\/v2\/product"}],"about":[{"href":"https:\/\/www.headshop.nl\/it\/wp-json\/wp\/v2\/types\/product"}],"wp:featuredmedia":[{"embeddable":true,"href":"https:\/\/www.headshop.nl\/it\/wp-json\/wp\/v2\/media\/81915"}],"wp:attachment":[{"href":"https:\/\/www.headshop.nl\/it\/wp-json\/wp\/v2\/media?parent=38221"}],"wp:term":[{"taxonomy":"product_brand","embeddable":true,"href":"https:\/\/www.headshop.nl\/it\/wp-json\/wp\/v2\/product_brand?post=38221"},{"taxonomy":"product_cat","embeddable":true,"href":"https:\/\/www.headshop.nl\/it\/wp-json\/wp\/v2\/product_cat?post=38221"},{"taxonomy":"product_tag","embeddable":true,"href":"https:\/\/www.headshop.nl\/it\/wp-json\/wp\/v2\/product_tag?post=38221"}],"curies":[{"name":"wp","href":"https:\/\/api.w.org\/{rel}","templated":true}]}}