{"id":37913,"date":"2021-10-16T10:42:42","date_gmt":"2021-10-16T10:42:42","guid":{"rendered":"https:\/\/www.headshop.nl\/?post_type=product&#038;p=37913"},"modified":"2025-11-18T14:37:57","modified_gmt":"2025-11-18T14:37:57","slug":"bali-kratom-white-capsules","status":"publish","type":"product","link":"https:\/\/www.headshop.nl\/it\/bali-kratom-white-capsules\/","title":{"rendered":"Bali Kratom Bianco Capsules"},"content":{"rendered":"<h2 data-start=\"0\" data-end=\"31\">Cosa sono le Kratom Capsules?<\/h2>\n<p data-start=\"32\" data-end=\"581\">Kratom Capsules offrono un modo conveniente ed efficace per sperimentare i benefici naturali di <em data-start=\"123\" data-end=\"143\">Mitragyna speciosa<\/em>, una pianta originaria del sud-est asiatico. Queste capsule contengono una potente miscela di <em data-start=\"222\" data-end=\"242\">Mitragyna speciosa<\/em> estratto 15x, polvere di White Bali e una piccola quantit\u00e0 di caffeina, creando un mix equilibrato di energia e relax. L'estratto concentrato garantisce un effetto pi\u00f9 potente e pi\u00f9 rapido rispetto alle foglie tradizionali di Kratom. La polvere di White Bali potenzia le propriet\u00e0 calmanti, mentre la caffeina fornisce una leggera spinta per promuovere la vigilanza.<\/p>\n<p data-start=\"583\" data-end=\"973\">Progettate per essere facili da usare, le Kratom Capsules sono ideali sia per i principianti che per gli utenti esperti. Ogni capsula contiene una dose da 505 mg misurata con precisione, eliminando la necessit\u00e0 di misurare le polveri o di preparare il t\u00e8. Che siate alla ricerca di un leggero rilassamento o di un effetto pi\u00f9 forte, queste capsule rappresentano un modo semplice e affidabile per godere dei benefici unici dell'Kratom senza ulteriori preparazioni.<\/p>\n<h2 data-start=\"975\" data-end=\"1007\">Storia di Kratom Capsules<\/h2>\n<p data-start=\"1008\" data-end=\"1419\">La Kratom ha una storia molto radicata nel Sud-Est asiatico, dove \u00e8 stata usata per secoli da contadini e lavoratori in cerca di sollievo dalla fatica e dal dolore. Le foglie della <em data-start=\"1191\" data-end=\"1211\">Mitragyna speciosa<\/em> Spesso gli alberi venivano masticati o trasformati in t\u00e8 per i loro effetti energizzanti e calmanti. Nel corso del tempo, la reputazione dell'Kratom si \u00e8 diffusa al di l\u00e0 delle regioni di origine, guadagnando popolarit\u00e0 in Occidente come integratore a base di erbe.<\/p>\n<p data-start=\"1421\" data-end=\"1951\">Lo sviluppo di Kratom Capsules \u00e8 stata un'innovazione moderna progettata per rendere Kratom pi\u00f9 accessibile e conveniente. Invece di richiedere agli utenti di misurare le polveri o preparare i t\u00e8, le capsule rappresentano un'alternativa portatile e facile da dosare. L'introduzione di estratti altamente concentrati, come l'estratto 15x utilizzato in queste capsule, ne ha ulteriormente migliorato la potenza e l'efficacia. Oggi le capsule Kratom Capsules sono uno dei prodotti Kratom pi\u00f9 diffusi, in grado di offrire un'esperienza costante e controllata agli utenti di tutto il mondo.<\/p>\n<h2 data-start=\"1953\" data-end=\"1985\">Come utilizzare Kratom Capsules<\/h2>\n<p data-start=\"1986\" data-end=\"2338\">L'uso di Kratom Capsules \u00e8 semplice e non richiede alcuna preparazione aggiuntiva. Il dosaggio consigliato varia a seconda della tolleranza individuale e degli effetti desiderati. I principianti dovrebbero iniziare con 1 capsula per un'esperienza leggera, mentre gli utenti pi\u00f9 esperti possono assumere 2-3 capsule per un effetto moderato. Un effetto pi\u00f9 forte si ottiene in genere con 3-5 capsule.<\/p>\n<p data-start=\"2340\" data-end=\"2771\">Per assumere Kratom Capsules \u00e8 sufficiente deglutirli con un bicchiere d'acqua. Possono essere assunte con o senza cibo, anche se l'assunzione a stomaco vuoto pu\u00f2 portare a risultati pi\u00f9 rapidi. Poich\u00e9 queste capsule contengono un estratto concentrato, \u00e8 fondamentale iniziare con una dose bassa e aumentare gradualmente secondo le necessit\u00e0. \u00c8 necessario evitare un uso eccessivo per evitare effetti collaterali indesiderati. Per ottenere risultati ottimali, utilizzare Kratom Capsules in modo responsabile e con moderazione.<\/p>\n<h2 data-start=\"2773\" data-end=\"2809\">Ingredienti di Bali Kratom Bianco Capsules<\/h2>\n<p data-start=\"2810\" data-end=\"2920\">Ogni capsula di Kratom \u00e8 formulata con una precisa miscela di ingredienti studiati per potenziarne l'efficacia:<\/p>\n<ul data-start=\"2922\" data-end=\"3349\">\n<li data-start=\"2922\" data-end=\"3084\"><strong data-start=\"2924\" data-end=\"2958\">Estratto di Mitragyna speciosa 15x<\/strong> - Un estratto di Kratom altamente concentrato che fornisce effetti potenti con un dosaggio minore rispetto alle foglie crude o alla polvere.<\/li>\n<li data-start=\"3085\" data-end=\"3235\"><strong data-start=\"3087\" data-end=\"3115\">Polvere bianca Bali Kratom<\/strong> - Conosciuta per le sue propriet\u00e0 edificanti e che migliorano l'umore, questa variet\u00e0 di Kratom contribuisce a un'esperienza equilibrata.<\/li>\n<li data-start=\"3236\" data-end=\"3349\"><strong data-start=\"3238\" data-end=\"3256\">Caffeina (5 mg)<\/strong> - Uno stimolante leggero che aumenta l'attenzione e la vigilanza, integrando gli effetti dell'Kratom.<\/li>\n<\/ul>\n<p data-start=\"3351\" data-end=\"3505\">Questi ingredienti accuratamente selezionati lavorano insieme per fornire una combinazione unica di rilassamento, energia e chiarezza mentale in un'unica capsula facile da usare.<\/p>\n<p data-start=\"3507\" data-end=\"3913\" data-is-last-node=\"\"><strong data-start=\"3507\" data-end=\"3518\">Avvertenze<\/strong><br data-start=\"3518\" data-end=\"3521\" \/>Usare con cautela. Kratom Capsules non sono destinati a persone di et\u00e0 inferiore ai 18 anni. Non utilizzare durante l'uso di veicoli o macchinari. Evitare l'uso in caso di gravidanza, allattamento o assunzione di farmaci con o senza prescrizione medica. Tenere fuori dalla portata dei bambini. Questo prodotto non \u00e8 stato valutato dalla FDA e non \u00e8 destinato a diagnosticare, trattare, curare o prevenire alcuna malattia.<\/p>","protected":false},"excerpt":{"rendered":"<p>I nostri Kratom Capsules sono sapientemente formulati con una miscela potente di <em data-start=\"69\" data-end=\"89\">Mitragyna speciosa<\/em> 15x, White Bali in polvere e un pizzico di caffeina, per una combinazione equilibrata di energia e relax. Ogni capsula contiene 505 mg, offrendo un modo comodo e preciso di sperimentare i benefici della Kratom senza la necessit\u00e0 di una preparazione tradizionale. Progettate sia per i principianti che per gli utenti esperti, queste capsule offrono un'esperienza personalizzabile che va da effetti lievi a forti. Confezionate in un set da 20 capsule, sono un'opzione facile ed efficace per chi cerca una spinta naturale.<\/p>","protected":false},"featured_media":82191,"template":"","meta":[],"product_brand":[],"product_cat":[390,297,389,817,396,405,384],"product_tag":[],"class_list":{"0":"post-37913","1":"product","2":"type-product","3":"status-publish","4":"has-post-thumbnail","6":"product_cat-kratom","7":"product_cat-all-products","8":"product_cat-herbs","9":"product_cat-kratopia","10":"product_cat-relax","11":"product_cat-relax-herbs","12":"product_cat-smartshop","13":"product_shipping_class-group-7","15":"first","16":"instock","17":"taxable","18":"shipping-taxable","19":"purchasable","20":"product-type-variable","21":"has-default-attributes"},"_links":{"self":[{"href":"https:\/\/www.headshop.nl\/it\/wp-json\/wp\/v2\/product\/37913","targetHints":{"allow":["GET"]}}],"collection":[{"href":"https:\/\/www.headshop.nl\/it\/wp-json\/wp\/v2\/product"}],"about":[{"href":"https:\/\/www.headshop.nl\/it\/wp-json\/wp\/v2\/types\/product"}],"wp:featuredmedia":[{"embeddable":true,"href":"https:\/\/www.headshop.nl\/it\/wp-json\/wp\/v2\/media\/82191"}],"wp:attachment":[{"href":"https:\/\/www.headshop.nl\/it\/wp-json\/wp\/v2\/media?parent=37913"}],"wp:term":[{"taxonomy":"product_brand","embeddable":true,"href":"https:\/\/www.headshop.nl\/it\/wp-json\/wp\/v2\/product_brand?post=37913"},{"taxonomy":"product_cat","embeddable":true,"href":"https:\/\/www.headshop.nl\/it\/wp-json\/wp\/v2\/product_cat?post=37913"},{"taxonomy":"product_tag","embeddable":true,"href":"https:\/\/www.headshop.nl\/it\/wp-json\/wp\/v2\/product_tag?post=37913"}],"curies":[{"name":"wp","href":"https:\/\/api.w.org\/{rel}","templated":true}]}}