{"id":37911,"date":"2021-10-16T10:42:41","date_gmt":"2021-10-16T10:42:41","guid":{"rendered":"https:\/\/www.headshop.nl\/?post_type=product&#038;p=37911"},"modified":"2025-11-18T14:37:58","modified_gmt":"2025-11-18T14:37:58","slug":"maeng-da-kratom-capsules-copy","status":"publish","type":"product","link":"https:\/\/www.headshop.nl\/it\/maeng-da-kratom-capsules-copy\/","title":{"rendered":"Thai Kratom Rosso Capsules"},"content":{"rendered":"<h2 data-start=\"0\" data-end=\"31\">Cosa sono le Kratom Capsules?<\/h2>\n<p data-start=\"32\" data-end=\"517\">Kratom Capsules forniscono un modo semplice e conveniente per sperimentare i vantaggi di <em data-start=\"114\" data-end=\"134\">Mitragyna speciosa<\/em>una pianta originaria del sud-est asiatico. Ogni capsula contiene un potente estratto di Kratom 15x, che offre un effetto pi\u00f9 concentrato ed efficace rispetto alle tradizionali polveri o foglie di Kratom. Inoltre, queste capsule contengono l'estratto di Thai Kratom rosso, noto per le sue propriet\u00e0 calmanti, insieme a una piccola dose di caffeina che fornisce una sottile spinta energetica, creando un'esperienza ben bilanciata.<\/p>\n<p data-start=\"519\" data-end=\"873\">Progettati per la massima facilit\u00e0 d'uso, i Kratom Capsules offrono una dose pre-misurata, eliminando la necessit\u00e0 di preparazione o misurazione. Sono ideali per chi \u00e8 alla ricerca di un'alternativa portatile e senza problemi al consumo tradizionale di Kratom. Che siate utenti nuovi o esperti, queste capsule offrono un modo controllato e accessibile per godere degli effetti unici della Kratom.<\/p>\n<h2 data-start=\"875\" data-end=\"907\">Storia di Kratom Capsules<\/h2>\n<p data-start=\"908\" data-end=\"1341\">L'Kratom \u00e8 stato usato per secoli nel sud-est asiatico, dove le comunit\u00e0 locali hanno tradizionalmente masticato le sue foglie o ne hanno fatto un t\u00e8 per le sue propriet\u00e0 stimolanti e antidolorifiche. I lavoratori si affidavano spesso all'Kratom per aumentare l'energia, ridurre la fatica e migliorare la concentrazione durante le lunghe ore di lavoro. Con il tempo, anche gli effetti rilassanti dell'Kratom sono stati riconosciuti, rendendolo popolare per promuovere la chiarezza mentale e la riduzione dello stress.<\/p>\n<p data-start=\"1343\" data-end=\"1809\">L'introduzione di Kratom Capsules \u00e8 un'innovazione moderna volta a migliorare la convenienza e l'accessibilit\u00e0 del consumo di Kratom. Grazie ai progressi delle tecniche di estrazione, gli estratti concentrati di Kratom, come la versione 15x utilizzata in queste capsule, hanno una maggiore potenza pur mantenendo un dosaggio controllato. Con l'aumento della popolarit\u00e0 dell'Kratom a livello mondiale, le capsule sono diventate l'opzione preferita dagli utenti che cercano un modo coerente e non disordinato per sperimentare i suoi benefici.<\/p>\n<h2 data-start=\"1811\" data-end=\"1843\">Come utilizzare Kratom Capsules<\/h2>\n<p data-start=\"1844\" data-end=\"1960\">L'uso di Kratom Capsules \u00e8 semplice. Il dosaggio consigliato dipende dalla sensibilit\u00e0 individuale e dagli effetti desiderati:<\/p>\n<ul data-start=\"1961\" data-end=\"2192\">\n<li data-start=\"1961\" data-end=\"2025\"><strong data-start=\"1963\" data-end=\"1977\">Principianti:<\/strong> Iniziare con <strong data-start=\"1989\" data-end=\"2004\">una capsula<\/strong> per ottenere un effetto delicato.<\/li>\n<li data-start=\"2026\" data-end=\"2112\"><strong data-start=\"2028\" data-end=\"2047\">Utenti moderati:<\/strong> Prendere <strong data-start=\"2053\" data-end=\"2069\">2-3 capsule<\/strong> per una stimolazione e un rilassamento equilibrati.<\/li>\n<li data-start=\"2113\" data-end=\"2192\"><strong data-start=\"2115\" data-end=\"2137\">Utenti esperti:<\/strong> Fino a <strong data-start=\"2144\" data-end=\"2160\">4-5 capsule<\/strong> pu\u00f2 fornire effetti pi\u00f9 incisivi.<\/li>\n<\/ul>\n<p data-start=\"2194\" data-end=\"2552\">Per l'uso, deglutire le capsule con acqua. L'assunzione a stomaco vuoto pu\u00f2 portare a un assorbimento pi\u00f9 rapido, mentre il consumo con il cibo pu\u00f2 rallentare l'insorgenza degli effetti, ma pu\u00f2 fornire un'esperienza pi\u00f9 costante. Poich\u00e9 ogni capsula contiene una dose pre-misurata, non \u00e8 necessario pesarla o mescolarla, il che le rende un'opzione facile e coerente per il consumo di Kratom.<\/p>\n<p data-start=\"2554\" data-end=\"2722\">\u00c8 importante evitare di superare il dosaggio consigliato per prevenire effetti collaterali indesiderati. Iniziare con una dose pi\u00f9 bassa e regolare in base alla risposta dell'organismo.<\/p>\n<h2 data-start=\"2724\" data-end=\"2760\">Ingredienti in Thai Kratom Rosso Capsules<\/h2>\n<p data-start=\"2761\" data-end=\"2817\">Ogni capsula contiene una miscela accuratamente formulata di:<\/p>\n<ul data-start=\"2818\" data-end=\"3217\">\n<li data-start=\"2818\" data-end=\"2957\"><strong data-start=\"2820\" data-end=\"2854\">Mitragyna speciosa 15x Extract<\/strong> - Un estratto concentrato di Kratom, che offre un effetto pi\u00f9 potente ed efficace rispetto alla polvere di Kratom grezza.<\/li>\n<li data-start=\"2958\" data-end=\"3098\"><strong data-start=\"2960\" data-end=\"2986\">Rosso Thai Kratom Polvere<\/strong> - Conosciuto per le sue propriet\u00e0 calmanti e antidolorifiche, completa gli effetti stimolanti dell'estratto.<\/li>\n<li data-start=\"3099\" data-end=\"3217\"><strong data-start=\"3101\" data-end=\"3131\">Caffeina (5 mg per capsula)<\/strong> - Fornisce una leggera carica di energia, contribuendo a bilanciare gli effetti complessivi di Kratom.<\/li>\n<\/ul>\n<p data-start=\"3219\" data-end=\"3346\">Con <strong data-start=\"3224\" data-end=\"3245\">505 mg per capsula<\/strong>Questa miscela offre una combinazione unica di rilassamento ed energia in un formato preciso e facile da usare.<\/p>\n<h3 data-start=\"3348\" data-end=\"3361\">Avvertenze<\/h3>\n<p data-start=\"3362\" data-end=\"3731\" data-is-last-node=\"\">Utilizzare in modo responsabile. Questo prodotto \u00e8 <strong data-start=\"3395\" data-end=\"3442\">non per la vendita o l'uso da parte di minori di 18 anni<\/strong>. Non consumare durante la guida, l'uso di macchinari o in caso di gravidanza, allattamento o assunzione di farmaci con o senza prescrizione medica. Tenere fuori dalla portata dei bambini. Questo prodotto non \u00e8 stato valutato dalla FDA e non \u00e8 destinato a diagnosticare, trattare, curare o prevenire alcuna malattia.<\/p>","protected":false},"excerpt":{"rendered":"<p>Ehi, calma. Rallenta con quel caff\u00e8 e prendi invece un po' di Kratom Thai Red Capsule. Ok, state calmi mentre vi parliamo di queste capsule rosse: questa potente variet\u00e0 proviene dalla foresta pluviale dell'Thailandia; offre tutto il meglio del kratom Thai e, quando viene utilizzata, produce un effetto euforico e di concentrazione che eleva il vostro umore e vi d\u00e0 grandi idee. Perfetto per dare il via alla vostra stanchezza!<\/p>","protected":false},"featured_media":82192,"template":"","meta":[],"product_brand":[],"product_cat":[390,297,389,817,396,405,384],"product_tag":[],"class_list":{"0":"post-37911","1":"product","2":"type-product","3":"status-publish","4":"has-post-thumbnail","6":"product_cat-kratom","7":"product_cat-all-products","8":"product_cat-herbs","9":"product_cat-kratopia","10":"product_cat-relax","11":"product_cat-relax-herbs","12":"product_cat-smartshop","13":"product_shipping_class-group-7","15":"first","16":"instock","17":"taxable","18":"shipping-taxable","19":"purchasable","20":"product-type-variable","21":"has-default-attributes"},"_links":{"self":[{"href":"https:\/\/www.headshop.nl\/it\/wp-json\/wp\/v2\/product\/37911","targetHints":{"allow":["GET"]}}],"collection":[{"href":"https:\/\/www.headshop.nl\/it\/wp-json\/wp\/v2\/product"}],"about":[{"href":"https:\/\/www.headshop.nl\/it\/wp-json\/wp\/v2\/types\/product"}],"wp:featuredmedia":[{"embeddable":true,"href":"https:\/\/www.headshop.nl\/it\/wp-json\/wp\/v2\/media\/82192"}],"wp:attachment":[{"href":"https:\/\/www.headshop.nl\/it\/wp-json\/wp\/v2\/media?parent=37911"}],"wp:term":[{"taxonomy":"product_brand","embeddable":true,"href":"https:\/\/www.headshop.nl\/it\/wp-json\/wp\/v2\/product_brand?post=37911"},{"taxonomy":"product_cat","embeddable":true,"href":"https:\/\/www.headshop.nl\/it\/wp-json\/wp\/v2\/product_cat?post=37911"},{"taxonomy":"product_tag","embeddable":true,"href":"https:\/\/www.headshop.nl\/it\/wp-json\/wp\/v2\/product_tag?post=37911"}],"curies":[{"name":"wp","href":"https:\/\/api.w.org\/{rel}","templated":true}]}}