{"id":37907,"date":"2021-10-16T09:00:42","date_gmt":"2021-10-16T09:00:42","guid":{"rendered":"https:\/\/www.headshop.nl\/?post_type=product&#038;p=37907"},"modified":"2026-04-17T13:26:15","modified_gmt":"2026-04-17T13:26:15","slug":"maeng-da-kratom-capsules","status":"publish","type":"product","link":"https:\/\/www.headshop.nl\/it\/maeng-da-kratom-capsules\/","title":{"rendered":"Maeng Da Kratom Capsules"},"content":{"rendered":"<h2 data-start=\"0\" data-end=\"30\">Cosa sono le Kratom Capsules?<\/h2>\n<p data-start=\"32\" data-end=\"432\">Kratom Capsules offrono un modo semplice e conveniente per godere dei vantaggi di <em data-start=\"107\" data-end=\"127\">Mitragyna speciosa<\/em>, una pianta tropicale originaria del sud-est asiatico. Ogni capsula contiene una potente miscela di <strong data-start=\"212\" data-end=\"246\">Estratto di Mitragyna speciosa 15x<\/strong> e <strong data-start=\"251\" data-end=\"281\">Polvere di Maeng Da Red Kratom<\/strong>, entrambi noti per le loro propriet\u00e0 energizzanti e calmanti. Una piccola quantit\u00e0 di <strong data-start=\"357\" data-end=\"369\">caffeina<\/strong> aumenta gli effetti complessivi, favorendo la concentrazione e la vigilanza.<\/p>\n<p data-start=\"434\" data-end=\"782\">Con <strong data-start=\"439\" data-end=\"460\">500 mg per capsula<\/strong>Queste dosi pre-misurate eliminano la necessit\u00e0 di mescolare o misurare le polveri, rendendole una scelta eccellente per chi preferisce un'esperienza controllata e costante con Kratom. Sia che si cerchi un leggero rilassamento o un effetto stimolante pi\u00f9 forte, queste capsule consentono di regolare facilmente il dosaggio in base alle proprie esigenze.<\/p>\n<h2 data-start=\"784\" data-end=\"815\">Storia di Kratom Capsules<\/h2>\n<p data-start=\"817\" data-end=\"1099\">L'Kratom \u00e8 stato usato per secoli nel sud-est asiatico, dove gli abitanti del luogo tradizionalmente masticavano le foglie o le preparavano in t\u00e8 per aumentare l'energia, la concentrazione e alleviare il dolore. Nel corso del tempo, l'uso dell'Kratom si \u00e8 evoluto ed \u00e8 diventato disponibile in varie forme, tra cui polveri, t\u00e8 ed estratti.<\/p>\n<p data-start=\"1101\" data-end=\"1566\">Le capsule Kratom sono emerse come un'alternativa moderna e conveniente ai metodi di assunzione tradizionali, offrendo dosi premisurate per una maggiore facilit\u00e0 d'uso. L'introduzione di <strong data-start=\"1262\" data-end=\"1278\">Estratti 15x<\/strong>come quello utilizzato in queste capsule, ha aumentato in modo significativo la potenza dell'Kratom, consentendo dosi pi\u00f9 piccole ed efficaci. Oggi le capsule di Kratom sono tra i modi pi\u00f9 popolari di consumare l'Kratom, offrendo tutti i vantaggi delle forme tradizionali con una maggiore comodit\u00e0 e precisione.<\/p>\n<h2 data-start=\"1568\" data-end=\"1599\">Come utilizzare Kratom Capsules<\/h2>\n<p data-start=\"1601\" data-end=\"1746\">L'assunzione di Kratom Capsules \u00e8 rapida e senza problemi. Il <strong data-start=\"1654\" data-end=\"1676\">dosaggio consigliato<\/strong> dipende dal livello di esperienza, dal peso corporeo e dagli effetti desiderati:<\/p>\n<ul data-start=\"1748\" data-end=\"1972\">\n<li data-start=\"1748\" data-end=\"1810\"><strong data-start=\"1750\" data-end=\"1764\">Principianti:<\/strong> Iniziare con <strong data-start=\"1776\" data-end=\"1789\">1 capsula<\/strong> per ottenere un effetto delicato.<\/li>\n<li data-start=\"1811\" data-end=\"1892\"><strong data-start=\"1813\" data-end=\"1832\">Utenti moderati:<\/strong> Prendere <strong data-start=\"1838\" data-end=\"1854\">2-3 capsule<\/strong> per un rilassamento e un'energia equilibrati.<\/li>\n<li data-start=\"1893\" data-end=\"1972\"><strong data-start=\"1895\" data-end=\"1917\">Utenti esperti:<\/strong> Fino a <strong data-start=\"1924\" data-end=\"1940\">3-5 capsule<\/strong> pu\u00f2 fornire effetti pi\u00f9 incisivi.<\/li>\n<\/ul>\n<p data-start=\"1974\" data-end=\"2296\">\u00c8 sufficiente deglutire le capsule con acqua. Assumere le capsule su un <strong data-start=\"2032\" data-end=\"2049\">stomaco vuoto<\/strong> pu\u00f2 portare a un assorbimento pi\u00f9 rapido, mentre l'assunzione con il cibo pu\u00f2 determinare un effetto pi\u00f9 lento e costante. Il <strong data-start=\"2157\" data-end=\"2180\">dosaggio predeterminato<\/strong> garantisce la consistenza, rendendoli ideali per chi preferisce un'alternativa facile da usare alle polveri Kratom.<\/p>\n<p data-start=\"2298\" data-end=\"2486\">Per garantire un'esperienza sicura e piacevole, attenersi sempre al dosaggio consigliato e ascoltare la risposta del proprio corpo. Evitare di superare la dose suggerita per evitare effetti collaterali indesiderati.<\/p>\n<h2 data-start=\"2488\" data-end=\"2523\">Ingredienti in Maeng Da Kratom Capsules<\/h2>\n<p data-start=\"2525\" data-end=\"2659\">Ogni capsula \u00e8 formulata con una miscela accuratamente selezionata di ingredienti per fornire <strong data-start=\"2610\" data-end=\"2656\">un'esperienza equilibrata ed efficace Kratom<\/strong>:<\/p>\n<ul data-start=\"2661\" data-end=\"3095\">\n<li data-start=\"2661\" data-end=\"2829\"><strong data-start=\"2663\" data-end=\"2697\">Mitragyna speciosa 15x Extract<\/strong> - A <strong data-start=\"2702\" data-end=\"2740\">estratto Kratom altamente concentrato<\/strong>, garantendo un effetto pi\u00f9 potente e rapido rispetto alla tradizionale polvere di Kratom.<\/li>\n<li data-start=\"2830\" data-end=\"2964\"><strong data-start=\"2832\" data-end=\"2862\">Polvere di Maeng Da Red Kratom<\/strong> - Conosciuto per la sua <strong data-start=\"2879\" data-end=\"2917\">propriet\u00e0 energizzanti e rilassanti<\/strong>, migliora la concentrazione e favorisce la calma.<\/li>\n<li data-start=\"2965\" data-end=\"3095\"><strong data-start=\"2967\" data-end=\"2997\">Caffeina (5 mg per capsula)<\/strong> - Offre una leggera spinta stimolante, <strong data-start=\"3031\" data-end=\"3064\">migliorare la vigilanza e la concentrazione<\/strong> senza provocare nervosismo.<\/li>\n<\/ul>\n<p data-start=\"3097\" data-end=\"3199\">Insieme, questi ingredienti creano un <strong data-start=\"3134\" data-end=\"3179\">esperienza unica e completa Kratom<\/strong> in ogni capsula.<\/p>\n<p data-start=\"3201\" data-end=\"3213\"><strong>Avvertenze<\/strong><\/p>\n<p data-start=\"3215\" data-end=\"3559\" data-is-last-node=\"\">Utilizzare in modo responsabile. Kratom Capsules sono <strong data-start=\"3252\" data-end=\"3299\">non per la vendita o l'uso da parte di minori di 18 anni<\/strong>. Non consumare durante la guida, l'uso di macchinari o in caso di gravidanza, allattamento o assunzione di farmaci. Tenere fuori dalla portata dei bambini. Questo prodotto non \u00e8 stato valutato dalla FDA e non \u00e8 destinato a diagnosticare, trattare, curare o prevenire alcuna malattia.<\/p>","protected":false},"excerpt":{"rendered":"<p>A volte \u00e8 necessario un buon risveglio. Queste capsule di kratom sono perfette per quei giorni in cui il caff\u00e8 non basta. Con una sensazione di energia ma di pace, queste pillole sono sicure di iniziare la giornata con il piede giusto. Tenetene qualcuna con voi per avere energia quando ne avete pi\u00f9 bisogno!<\/p>","protected":false},"featured_media":82193,"template":"","meta":[],"product_brand":[],"product_cat":[390,297,389,817,396,405,384],"product_tag":[],"class_list":{"0":"post-37907","1":"product","2":"type-product","3":"status-publish","4":"has-post-thumbnail","6":"product_cat-kratom","7":"product_cat-all-products","8":"product_cat-herbs","9":"product_cat-kratopia","10":"product_cat-relax","11":"product_cat-relax-herbs","12":"product_cat-smartshop","13":"product_shipping_class-group-7","15":"first","16":"instock","17":"taxable","18":"shipping-taxable","19":"purchasable","20":"product-type-variable","21":"has-default-attributes"},"_links":{"self":[{"href":"https:\/\/www.headshop.nl\/it\/wp-json\/wp\/v2\/product\/37907","targetHints":{"allow":["GET"]}}],"collection":[{"href":"https:\/\/www.headshop.nl\/it\/wp-json\/wp\/v2\/product"}],"about":[{"href":"https:\/\/www.headshop.nl\/it\/wp-json\/wp\/v2\/types\/product"}],"wp:featuredmedia":[{"embeddable":true,"href":"https:\/\/www.headshop.nl\/it\/wp-json\/wp\/v2\/media\/82193"}],"wp:attachment":[{"href":"https:\/\/www.headshop.nl\/it\/wp-json\/wp\/v2\/media?parent=37907"}],"wp:term":[{"taxonomy":"product_brand","embeddable":true,"href":"https:\/\/www.headshop.nl\/it\/wp-json\/wp\/v2\/product_brand?post=37907"},{"taxonomy":"product_cat","embeddable":true,"href":"https:\/\/www.headshop.nl\/it\/wp-json\/wp\/v2\/product_cat?post=37907"},{"taxonomy":"product_tag","embeddable":true,"href":"https:\/\/www.headshop.nl\/it\/wp-json\/wp\/v2\/product_tag?post=37907"}],"curies":[{"name":"wp","href":"https:\/\/api.w.org\/{rel}","templated":true}]}}