{"id":37834,"date":"2021-10-15T08:19:19","date_gmt":"2021-10-15T08:19:19","guid":{"rendered":"https:\/\/www.headshop.nl\/?post_type=product&#038;p=37834"},"modified":"2026-02-11T13:26:17","modified_gmt":"2026-02-11T13:26:17","slug":"white-maeng-da-kratom","status":"publish","type":"product","link":"https:\/\/www.headshop.nl\/it\/white-maeng-da-kratom\/","title":{"rendered":"White Maeng Da Kratom"},"content":{"rendered":"<h2 data-start=\"385\" data-end=\"420\">Che cos'\u00e8 il bianco Maeng Da Kratom?<\/h2>\n<p data-start=\"421\" data-end=\"957\">La Maeng Da Kratom bianca \u00e8 una variet\u00e0 popolare della Kratom, nota per le sue propriet\u00e0 energizzanti. Derivata dall'albero Mitragyna speciosa, questa variet\u00e0 si distingue per il suo elevato contenuto di alcaloidi, in particolare di mitraginina, responsabile dei suoi effetti stimolanti e di miglioramento dell'umore. Le foglie vengono raccolte con cura quando sono parzialmente mature, per garantire che conservino la massima quantit\u00e0 di alcaloidi psicoattivi. Questo speciale metodo di raccolta, unito al processo di essiccazione al buio, conferisce alla White Maeng Da il suo esclusivo colore bianco.<\/p>\n<p data-start=\"959\" data-end=\"1466\">Comunemente usato come stimolante energetico naturale, l'White Maeng Da \u00e8 ideale per chi cerca un'alternativa alla caffeina o ad altri stimolanti. Pu\u00f2 aiutare a migliorare l'attenzione, la concentrazione e la chiarezza mentale, rendendola una scelta privilegiata per coloro che hanno bisogno di una spinta mentale o di una sferzata di energia in pi\u00f9 durante la giornata. Per ottenere risultati ottimali, gli utilizzatori la preparano spesso in forma di t\u00e8, dove gli alcaloidi vengono assorbiti rapidamente dall'organismo. I suoi effetti iniziano in genere entro 15 minuti dal consumo e possono durare per diverse ore.<\/p>\n<h2 data-start=\"1473\" data-end=\"1510\">Storia di White Maeng Da Kratom<\/h2>\n<p data-start=\"1511\" data-end=\"1955\">L'Maeng Da Kratom bianco proviene dal sud-est asiatico, dove l'Kratom \u00e8 stato usato per secoli dalle comunit\u00e0 locali per le sue propriet\u00e0 medicinali. Il termine \"Maeng Da\" si riferisce a una variet\u00e0 pregiata e appositamente coltivata di Kratom, ed \u00e8 considerata una delle variet\u00e0 pi\u00f9 forti disponibili. A differenza delle altre variet\u00e0 di Kratom, l'Maeng Da Kratom viene raccolto in modo da massimizzare il contenuto di alcaloidi delle foglie, il che ne determina la particolare potenza.<\/p>\n<p data-start=\"1957\" data-end=\"2593\">La variet\u00e0 Maeng Da \u00e8 stata originariamente coltivata in Thailandia e si \u00e8 poi diffusa in altre parti del Sud-Est asiatico, dove \u00e8 diventata molto apprezzata per i suoi effetti tonificanti e di miglioramento dell'umore. Nel corso del tempo, la White Maeng Da Kratom ha guadagnato popolarit\u00e0 nei mercati occidentali, soprattutto negli Stati Uniti, dove \u00e8 riconosciuta per le sue propriet\u00e0 energizzanti e di stimolo alla concentrazione. In California viene spesso mescolata a frullati o t\u00e8 per ottenere una spinta energetica naturale e sostenibile. Le sue caratteristiche uniche, come lo speciale processo di essiccazione, la distinguono dalle altre variet\u00e0 Kratom e la sua continua richiesta ha contribuito alla sua diffusione globale.<\/p>\n<h2 data-start=\"2600\" data-end=\"2637\">Come utilizzare White Maeng Da Kratom<\/h2>\n<p data-start=\"2638\" data-end=\"3093\">Il modo pi\u00f9 comune ed efficace di utilizzare l'Maeng Da Kratom bianco \u00e8 la preparazione di un t\u00e8. Per la preparazione, sciogliere 4 o 5 grammi di Kratom in polvere in acqua calda (tra i 70 e i 95 gradi Celsius) e lasciare in infusione per circa 3 o 5 minuti. Non \u00e8 necessario filtrare il t\u00e8, poich\u00e9 si pu\u00f2 consumare l'intera miscela. Il dosaggio consigliato \u00e8 compreso tra 3 e 5 grammi per un effetto da lieve a moderato, ma gli utenti devono regolarsi in base alla loro sensibilit\u00e0 e al loro peso corporeo.<\/p>\n<p data-start=\"3095\" data-end=\"3672\">\u00c8 importante notare che gli effetti energizzanti dell'White Maeng Da possono richiedere circa 15 minuti per diventare evidenti, a seconda di fattori individuali come l'et\u00e0, la salute e il sesso. Gli utenti dovrebbero sempre iniziare con una dose bassa, soprattutto se sono alle prime armi con l'Kratom, e aumentare gradualmente in base all'esperienza personale. Alcuni utenti mescolano la polvere di Kratom in frullati o shake per facilitarne l'assunzione. Tuttavia, \u00e8 necessario prestare attenzione per evitare un'assunzione eccessiva, in quanto dosi pi\u00f9 elevate di White Maeng Da possono portare a effetti calmanti, piuttosto che alla spinta energizzante per cui \u00e8 noto.<\/p>\n<h2 data-start=\"3679\" data-end=\"3720\">Ingredienti di White Maeng Da Kratom<\/h2>\n<p data-start=\"3721\" data-end=\"4101\">L'ingrediente principale del White Maeng Da Kratom \u00e8 la foglia in polvere dell'albero Mitragyna speciosa. Le foglie vengono raccolte con cura al momento giusto, quando sono parzialmente mature, per garantire la conservazione del massimo numero di alcaloidi. Questi alcaloidi, tra cui la mitraginina e la 7-idrossimetraginina, sono responsabili degli effetti stimolanti e di miglioramento dell'umore di questa variet\u00e0.<\/p>\n<p data-start=\"4103\" data-end=\"4522\">Una volta raccolte, le foglie vengono sottoposte a un processo di essiccazione unico nel suo genere, in cui sono tenute al buio per preservare gli alcaloidi. Il processo di essiccazione contribuisce anche al caratteristico colore bianco di questa variet\u00e0. White Maeng Da Kratom non contiene additivi artificiali o sostanze chimiche, ed \u00e8 quindi un integratore naturale a base vegetale. Questa purezza garantisce agli utenti di ricevere tutti i benefici dei composti attivi dell'Kratom.<\/p>\n<p data-start=\"4524\" data-end=\"4879\">Il contenuto di alcaloidi della White Maeng Da Kratom \u00e8 uno dei pi\u00f9 alti tra le variet\u00e0 Kratom, il che la rende particolarmente efficace nell'aumentare i livelli di energia e nel migliorare la chiarezza mentale. Se usata in modo responsabile, questa variet\u00e0 offre un'alternativa naturale alla caffeina e ad altri stimolanti, senza gli effetti collaterali spesso associati agli stimolatori energetici sintetici.<\/p>\n<p data-start=\"4886\" data-end=\"5215\" data-is-last-node=\"\"><strong data-start=\"4886\" data-end=\"4898\">Attenzione:<\/strong><br data-start=\"4898\" data-end=\"4901\" \/>La vendita e l'uso di questo prodotto sono vietati ai minori di 18 anni. Tenere fuori dalla portata dei bambini. Non utilizzare in caso di pressione alta o bassa, problemi cardiaci o polmonari, diabete, gravidanza o assunzione di farmaci, droghe o alcol. Consultare sempre un medico prima dell'uso.<\/p>","protected":false},"excerpt":{"rendered":"<p>La White Maeng Da Kratom \u00e8 una variet\u00e0 potente ed energizzante di Kratom, nota per la sua alta concentrazione di alcaloidi psicoattivi. Questa variet\u00e0 \u00e8 ideale per chi cerca una spinta energetica naturale, chiarezza mentale e concentrazione. Con un processo di essiccazione attentamente controllato, la White Maeng Da offre effetti potenti e viene comunemente consumata come t\u00e8 per ottenere risultati ottimali.<\/p>","protected":false},"featured_media":82197,"template":"","meta":[],"product_brand":[],"product_cat":[390,297,389,817,396,405,384],"product_tag":[],"class_list":{"0":"post-37834","1":"product","2":"type-product","3":"status-publish","4":"has-post-thumbnail","6":"product_cat-kratom","7":"product_cat-all-products","8":"product_cat-herbs","9":"product_cat-kratopia","10":"product_cat-relax","11":"product_cat-relax-herbs","12":"product_cat-smartshop","13":"product_shipping_class-group-7","15":"first","16":"instock","17":"taxable","18":"shipping-taxable","19":"purchasable","20":"product-type-variable","21":"has-default-attributes"},"_links":{"self":[{"href":"https:\/\/www.headshop.nl\/it\/wp-json\/wp\/v2\/product\/37834","targetHints":{"allow":["GET"]}}],"collection":[{"href":"https:\/\/www.headshop.nl\/it\/wp-json\/wp\/v2\/product"}],"about":[{"href":"https:\/\/www.headshop.nl\/it\/wp-json\/wp\/v2\/types\/product"}],"wp:featuredmedia":[{"embeddable":true,"href":"https:\/\/www.headshop.nl\/it\/wp-json\/wp\/v2\/media\/82197"}],"wp:attachment":[{"href":"https:\/\/www.headshop.nl\/it\/wp-json\/wp\/v2\/media?parent=37834"}],"wp:term":[{"taxonomy":"product_brand","embeddable":true,"href":"https:\/\/www.headshop.nl\/it\/wp-json\/wp\/v2\/product_brand?post=37834"},{"taxonomy":"product_cat","embeddable":true,"href":"https:\/\/www.headshop.nl\/it\/wp-json\/wp\/v2\/product_cat?post=37834"},{"taxonomy":"product_tag","embeddable":true,"href":"https:\/\/www.headshop.nl\/it\/wp-json\/wp\/v2\/product_tag?post=37834"}],"curies":[{"name":"wp","href":"https:\/\/api.w.org\/{rel}","templated":true}]}}