{"id":37832,"date":"2021-10-15T08:19:16","date_gmt":"2021-10-15T08:19:16","guid":{"rendered":"https:\/\/www.headshop.nl\/?post_type=product&#038;p=37832"},"modified":"2025-11-18T14:38:00","modified_gmt":"2025-11-18T14:38:00","slug":"white-borneo-kratom","status":"publish","type":"product","link":"https:\/\/www.headshop.nl\/it\/white-borneo-kratom\/","title":{"rendered":"White Borneo Kratom"},"content":{"rendered":"<h2 data-start=\"426\" data-end=\"459\">Che cos'\u00e8 l'White Borneo Kratom?<\/h2>\n<p data-start=\"460\" data-end=\"870\">White Borneo Kratom \u00e8 un ceppo particolare di Kratom, un'erba naturale dell'albero Mitragyna speciosa. Nota per i suoi potenti effetti sensoriali, \u00e8 particolarmente efficace per aumentare la concentrazione e la chiarezza mentale. Il ceppo prende il nome dalla regione in cui viene coltivato - l'isola del Borneo - ed \u00e8 riconosciuto per il suo alto contenuto di alcaloidi, che ne influenza le propriet\u00e0 psicoattive.<\/p>\n<p data-start=\"872\" data-end=\"1417\">La White Borneo Kratom si distingue dalle altre variet\u00e0 per la sua capacit\u00e0 di migliorare la percezione sensoriale, in particolare la visione e la concentrazione. Gli utilizzatori riferiscono che questa sostanza acuisce la loro lucidit\u00e0 mentale e potenzia la loro capacit\u00e0 di concentrazione, rendendola una scelta popolare per coloro che sono alla ricerca di una spinta energetica e di concentrazione. Se consumato a basse dosi, l'White Borneo Kratom pu\u00f2 fornire un miglioramento cognitivo senza diventare eccessivo. Infatti, molti utenti trovano che una piccola quantit\u00e0 possa migliorare significativamente le loro prestazioni in compiti che richiedono un'attenzione prolungata.<\/p>\n<h2 data-start=\"1424\" data-end=\"1459\">Storia di White Borneo Kratom<\/h2>\n<p data-start=\"1460\" data-end=\"1968\">La storia dell'White Borneo Kratom affonda le sue radici nell'uso tradizionale dell'Kratom nel sud-est asiatico, dove l'albero della Mitragyna speciosa viene utilizzato da secoli. Le popolazioni di questa regione hanno usato a lungo l'Kratom per i suoi vari benefici medicinali, tra cui il sollievo dal dolore, l'aumento dell'energia e la regolazione dell'umore. Tuttavia, la variet\u00e0 White Borneo, con il suo caratteristico profilo alcaloide, \u00e8 relativamente nuova sul mercato globale e sta guadagnando popolarit\u00e0 soprattutto per i suoi effetti di chiarezza mentale e di miglioramento della concentrazione.<\/p>\n<p data-start=\"1970\" data-end=\"2567\">La White Borneo Kratom viene coltivata sull'isola del Borneo, dove il terreno e il clima offrono le condizioni ideali per la crescita degli alberi Kratom. Le propriet\u00e0 uniche di questa variet\u00e0 sono in gran parte dovute agli specifici metodi di essiccazione e lavorazione utilizzati dopo la raccolta delle foglie. Le foglie vengono essiccate in un modo particolare che aiuta a mantenere un'alta concentrazione di alcaloidi, dando alla White Borneo Kratom i suoi effetti caratteristici. Nel corso del tempo, questa variet\u00e0 si \u00e8 fatta strada nei mercati occidentali, dove \u00e8 diventata rapidamente una delle preferite da chi cerca un'alternativa naturale agli stimolanti sintetici.<\/p>\n<h2 data-start=\"2574\" data-end=\"2609\">Come utilizzare White Borneo Kratom<\/h2>\n<p data-start=\"2610\" data-end=\"3008\">Per utilizzare l'White Borneo Kratom, il metodo pi\u00f9 comune e consigliato \u00e8 la preparazione di un t\u00e8. Il processo \u00e8 semplice: sciogliere 4 o 5 grammi di Kratom in polvere in acqua calda (tra i 70 e i 95 gradi Celsius) e lasciare in infusione per 3 o 5 minuti. Il risultato \u00e8 un t\u00e8 delicato e piacevole che fornisce all'organismo gli effetti desiderati dell'White Borneo Kratom senza bisogno di ulteriori preparazioni.<\/p>\n<p data-start=\"3010\" data-end=\"3684\">Per ottenere risultati ottimali, iniziare con un dosaggio basso per valutare la risposta del corpo, soprattutto se si \u00e8 alle prime armi con l'Kratom. White Borneo Kratom \u00e8 spesso descritto come in grado di fornire un aumento graduale della concentrazione, con effetti evidenti a partire da circa 15 minuti dopo il consumo. Alcuni utenti preferiscono mescolarlo con succhi di frutta, come il succo d'arancia, per potenziarne gli effetti sensoriali e il sapore. \u00c8 importante notare che gli effetti di White Borneo Kratom possono variare a seconda dell'individuo, con fattori quali il peso, l'et\u00e0 e lo stato di salute generale che ne influenzano l'efficacia. Si raccomanda sempre di usare l'Kratom in modo responsabile, iniziando con piccole dosi per garantire l'effetto desiderato.<\/p>\n<h2 data-start=\"3691\" data-end=\"3730\">Ingredienti di White Borneo Kratom<\/h2>\n<p data-start=\"3731\" data-end=\"4200\">L'ingrediente principale di White Borneo Kratom \u00e8 la foglia in polvere dell'albero Mitragyna speciosa, coltivato nell'isola del Borneo. Le foglie di quest'albero vengono raccolte con cura al momento giusto, quando stanno appena iniziando a maturare, per garantire la conservazione della massima quantit\u00e0 di alcaloidi. Questi alcaloidi, principalmente la mitraginina e la 7-idrossimetraginina, sono i composti attivi responsabili degli effetti stimolanti e di concentrazione dell'White Borneo Kratom.<\/p>\n<p data-start=\"4202\" data-end=\"4810\">Una volta raccolte, le foglie vengono sottoposte a uno specifico processo di essiccazione in cui sono mantenute in condizioni controllate per conservare i massimi livelli possibili di alcaloidi. Questo processo \u00e8 fondamentale per conferire alla White Borneo Kratom le sue propriet\u00e0 uniche, che comprendono una maggiore chiarezza mentale, una maggiore concentrazione e una migliore percezione sensoriale. A differenza di altri ceppi di Kratom, il processo di essiccazione dell'White Borneo aiuta a mantenere il suo colore bianco e i suoi potenti effetti. Essendo un prodotto naturale, White Borneo Kratom non contiene sostanze chimiche o conservanti aggiunti, il che lo rende un integratore puro, a base vegetale, per chi cerca una spinta cognitiva.<\/p>\n<p data-start=\"4817\" data-end=\"5151\" data-is-last-node=\"\"><strong data-start=\"4817\" data-end=\"4829\">Attenzione:<\/strong><br data-start=\"4829\" data-end=\"4832\" \/>Questo prodotto non \u00e8 destinato alla vendita o all'uso da parte di persone di et\u00e0 inferiore ai 18 anni. Tenere fuori dalla portata dei bambini. Non utilizzare in caso di pressione alta o bassa, problemi cardiaci o polmonari, diabete, gravidanza o assunzione di farmaci, droghe o alcol. Consultare sempre un medico prima di utilizzare qualsiasi integratore.<\/p>","protected":false},"excerpt":{"rendered":"<p data-start=\"0\" data-end=\"419\">White Borneo Kratom \u00e8 una variet\u00e0 nota per migliorare la concentrazione, la chiarezza mentale e la percezione sensoriale. Grazie alla sua capacit\u00e0 unica di acuire la concentrazione, \u00e8 spesso preferita da chi ha bisogno di una spinta cognitiva. A dosi pi\u00f9 basse, gli utenti riferiscono di aver migliorato la concentrazione, mentre dosi pi\u00f9 elevate tendono a offrire effetti pi\u00f9 calmanti. Questa variet\u00e0 viene comunemente consumata sotto forma di t\u00e8, il che la rende facile da incorporare nella routine quotidiana.<\/p>","protected":false},"featured_media":82201,"template":"","meta":[],"product_brand":[],"product_cat":[390,297,389,817,396,405,384],"product_tag":[],"class_list":{"0":"post-37832","1":"product","2":"type-product","3":"status-publish","4":"has-post-thumbnail","6":"product_cat-kratom","7":"product_cat-all-products","8":"product_cat-herbs","9":"product_cat-kratopia","10":"product_cat-relax","11":"product_cat-relax-herbs","12":"product_cat-smartshop","13":"product_shipping_class-group-7","15":"first","16":"instock","17":"taxable","18":"shipping-taxable","19":"purchasable","20":"product-type-variable","21":"has-default-attributes"},"_links":{"self":[{"href":"https:\/\/www.headshop.nl\/it\/wp-json\/wp\/v2\/product\/37832","targetHints":{"allow":["GET"]}}],"collection":[{"href":"https:\/\/www.headshop.nl\/it\/wp-json\/wp\/v2\/product"}],"about":[{"href":"https:\/\/www.headshop.nl\/it\/wp-json\/wp\/v2\/types\/product"}],"wp:featuredmedia":[{"embeddable":true,"href":"https:\/\/www.headshop.nl\/it\/wp-json\/wp\/v2\/media\/82201"}],"wp:attachment":[{"href":"https:\/\/www.headshop.nl\/it\/wp-json\/wp\/v2\/media?parent=37832"}],"wp:term":[{"taxonomy":"product_brand","embeddable":true,"href":"https:\/\/www.headshop.nl\/it\/wp-json\/wp\/v2\/product_brand?post=37832"},{"taxonomy":"product_cat","embeddable":true,"href":"https:\/\/www.headshop.nl\/it\/wp-json\/wp\/v2\/product_cat?post=37832"},{"taxonomy":"product_tag","embeddable":true,"href":"https:\/\/www.headshop.nl\/it\/wp-json\/wp\/v2\/product_tag?post=37832"}],"curies":[{"name":"wp","href":"https:\/\/api.w.org\/{rel}","templated":true}]}}