{"id":37828,"date":"2021-10-15T08:19:08","date_gmt":"2021-10-15T08:19:08","guid":{"rendered":"https:\/\/www.headshop.nl\/?post_type=product&#038;p=37828"},"modified":"2025-11-18T14:38:01","modified_gmt":"2025-11-18T14:38:01","slug":"super-bali-gold-kratom","status":"publish","type":"product","link":"https:\/\/www.headshop.nl\/it\/super-bali-gold-kratom\/","title":{"rendered":"Super Bali Gold Kratom"},"content":{"rendered":"<h2 data-start=\"328\" data-end=\"371\">Che cos'\u00e8 l'Kratopia Super Bali Gold Kratom?<\/h2>\n<p data-start=\"373\" data-end=\"1311\">Kratopia Super Bali Gold Kratom \u00e8 una miscela appositamente creata per ottenere effetti specifici, come il miglioramento dell'umore e il sollievo dal dolore. Nota per le sue propriet\u00e0 rilassanti, questa variet\u00e0 di kratom \u00e8 la pi\u00f9 amara tra le variet\u00e0, motivo per cui viene spesso consumata con un dolcificante, come il miele, per mascherarne il sapore. La miscela deriva da un mix di foglie di kratom provenienti da varie regioni, offrendo una combinazione unica di benefici calmanti e terapeutici. Super Bali Gold Kratom non viene utilizzato solo per i suoi effetti fisici, ma anche per la sua capacit\u00e0 di migliorare il benessere mentale, aiutando gli individui a trovare sollievo da stress, ansia e disagio. Sebbene sia originario di Bali, dove gli alberi di kratom non sono nativi, il nome viene mantenuto per riflettere le sue radici storiche nella regione. Oggi la maggior parte del kratom viene esportato da Kalimantan, in Indonesia, ma Super Bali Gold Kratom rimane una scelta popolare per chi cerca un'esperienza equilibrata e rilassante.<\/p>\n<h2 data-start=\"1313\" data-end=\"1358\">Storia di Kratopia Super Bali Gold Kratom<\/h2>\n<p data-start=\"1360\" data-end=\"2329\">Kratopia Super Bali Gold Kratom ha una ricca storia che risale a Bali, dove un tempo era un importante esportatore di prodotti a base di kratom. Tuttavia, a Bali non esistono alberi di kratom autoctoni. Invece, i commercianti locali mescolavano le foglie di kratom provenienti da diversi Paesi e regioni per creare miscele che si concentravano su effetti specifici. Queste miscele, tra cui la Super Bali Gold, divennero note per la loro capacit\u00e0 di rispondere a particolari esigenze, come il rilassamento e il sollievo dal dolore. Nel tempo, il nome \"Bali\" \u00e8 diventato sinonimo di kratom di alta qualit\u00e0, anche se oggi l'esportazione di kratom proviene principalmente da Kalimantan, in Indonesia, dove gli alberi di kratom sono abbondanti. Il processo di selezione delle foglie e di creazione di queste miscele uniche ha permesso a Bali di mantenere la sua reputazione nel commercio del kratom per molti anni. Oggi, l'Super Bali Gold Kratom continua a essere venerato per i suoi effetti calmanti, e molti consumatori vi si rivolgono per la sua capacit\u00e0 di ridurre lo stress e promuovere un senso di benessere.<\/p>\n<h2 data-start=\"2331\" data-end=\"2376\">Come utilizzare Kratopia Super Bali Gold Kratom<\/h2>\n<p data-start=\"2378\" data-end=\"3263\">L'uso di Kratopia Super Bali Gold Kratom \u00e8 semplice e immediato. Per preparare questo integratore a base di erbe, si consiglia di preparare una tazza di t\u00e8 sciogliendo da 4 a 5 grammi di polvere di kratom in acqua calda, tra i 70 e i 95 gradi Celsius. Lasciare in infusione il t\u00e8 per 3-5 minuti per ottenere risultati ottimali. Non \u00e8 necessario filtrare il t\u00e8, in quanto tutto il contenuto pu\u00f2 essere consumato. Come per qualsiasi prodotto a base di kratom, \u00e8 importante iniziare con una dose pi\u00f9 bassa per valutare la risposta del corpo prima di regolare il dosaggio. Mentre il dosaggio tipico per i nuovi utenti \u00e8 di 3-5 grammi di polvere, gli utenti pi\u00f9 esperti possono scoprire di aver bisogno di un dosaggio leggermente superiore per ottenere gli effetti desiderati. Il consumo di Super Bali Gold Kratom \u00e8 consigliabile in modo responsabile e con moderazione, poich\u00e9 dosi pi\u00f9 elevate possono portare a effetti pi\u00f9 sedativi. Assicurarsi sempre di seguire il dosaggio raccomandato per le proprie esigenze personali e il proprio peso corporeo.<\/p>\n<h2 data-start=\"3265\" data-end=\"3314\">Ingredienti di Kratopia Super Bali Gold Kratom<\/h2>\n<p data-start=\"3316\" data-end=\"4288\">L'ingrediente principale di Kratopia Super Bali Gold Kratom \u00e8 <strong data-start=\"3377\" data-end=\"3399\">Mitragyna speciosa<\/strong>, un albero tropicale originario del sud-est asiatico. Le foglie di questo albero vengono raccolte e lavorate per creare la polvere di kratom. Le diverse variet\u00e0 di kratom sono note per i loro profili alcaloidi unici, che contribuiscono ai loro effetti. Nel caso dell'Super Bali Gold, la combinazione di foglie provenienti da diverse regioni consente di ottenere una miscela equilibrata con maggiori propriet\u00e0 di migliorare l'umore e alleviare il dolore. Questa specifica variet\u00e0 di kratom \u00e8 nota per il suo sapore forte e amaro, motivo per cui molti utenti la mescolano con miele o altri dolcificanti. Sebbene l'esatta miscela di foglie utilizzata nell'Super Bali Gold sia proprietaria, l'ingrediente \u00e8 sempre la Mitragyna speciosa, utilizzata da secoli per i suoi benefici medicinali. \u00c8 importante notare che Kratopia Super Bali Gold \u00e8 un integratore a base di erbe e deve essere usato con cautela, soprattutto se si \u00e8 alle prime armi con il kratom o se si hanno condizioni di salute esistenti.<\/p>\n<p data-start=\"4290\" data-end=\"4302\"><strong data-start=\"4290\" data-end=\"4302\">Attenzione:<\/strong><\/p>\n<p data-start=\"4304\" data-end=\"4631\">La vendita e l'uso di Kratopia Super Bali Gold Kratom sono vietati ai minori di 18 anni. Tenere fuori dalla portata dei bambini. Non utilizzare in caso di pressione alta o bassa, problemi cardiaci o polmonari, diabete, gravidanza o assunzione di farmaci, droghe o alcol. Consultare sempre un medico prima dell'uso.<\/p>","protected":false},"excerpt":{"rendered":"<p>Kratopia Super Bali Gold Kratom \u00e8 una miscela unica e potente, nota per le sue propriet\u00e0 che migliorano l'umore e alleviano il dolore. Questo kratom ha effetti rilassanti ed \u00e8 ideale per chi vuole rilassarsi. A causa della sua amarezza, viene comunemente mescolato con miele o un altro dolcificante per un gusto migliore.<\/p>","protected":false},"featured_media":82207,"template":"","meta":[],"product_brand":[],"product_cat":[390,297,389,817,396,405,384],"product_tag":[],"class_list":{"0":"post-37828","1":"product","2":"type-product","3":"status-publish","4":"has-post-thumbnail","6":"product_cat-kratom","7":"product_cat-all-products","8":"product_cat-herbs","9":"product_cat-kratopia","10":"product_cat-relax","11":"product_cat-relax-herbs","12":"product_cat-smartshop","13":"product_shipping_class-group-7","15":"first","16":"instock","17":"taxable","18":"shipping-taxable","19":"purchasable","20":"product-type-variable","21":"has-default-attributes"},"_links":{"self":[{"href":"https:\/\/www.headshop.nl\/it\/wp-json\/wp\/v2\/product\/37828","targetHints":{"allow":["GET"]}}],"collection":[{"href":"https:\/\/www.headshop.nl\/it\/wp-json\/wp\/v2\/product"}],"about":[{"href":"https:\/\/www.headshop.nl\/it\/wp-json\/wp\/v2\/types\/product"}],"wp:featuredmedia":[{"embeddable":true,"href":"https:\/\/www.headshop.nl\/it\/wp-json\/wp\/v2\/media\/82207"}],"wp:attachment":[{"href":"https:\/\/www.headshop.nl\/it\/wp-json\/wp\/v2\/media?parent=37828"}],"wp:term":[{"taxonomy":"product_brand","embeddable":true,"href":"https:\/\/www.headshop.nl\/it\/wp-json\/wp\/v2\/product_brand?post=37828"},{"taxonomy":"product_cat","embeddable":true,"href":"https:\/\/www.headshop.nl\/it\/wp-json\/wp\/v2\/product_cat?post=37828"},{"taxonomy":"product_tag","embeddable":true,"href":"https:\/\/www.headshop.nl\/it\/wp-json\/wp\/v2\/product_tag?post=37828"}],"curies":[{"name":"wp","href":"https:\/\/api.w.org\/{rel}","templated":true}]}}