{"id":37824,"date":"2021-10-15T08:18:58","date_gmt":"2021-10-15T08:18:58","guid":{"rendered":"https:\/\/www.headshop.nl\/?post_type=product&#038;p=37824"},"modified":"2025-12-24T01:26:28","modified_gmt":"2025-12-24T01:26:28","slug":"red-borneo-kratom","status":"publish","type":"product","link":"https:\/\/www.headshop.nl\/it\/red-borneo-kratom\/","title":{"rendered":"Red Borneo Kratom"},"content":{"rendered":"<h2 data-start=\"379\" data-end=\"408\">Che cos'\u00e8 l'Red Borneo Kratom?<\/h2>\n<p data-start=\"410\" data-end=\"1455\">Red Borneo Kratom \u00e8 una variet\u00e0 unica che proviene dall'isola del Borneo, in particolare dalla parte indonesiana nota come Kalimantan. Questa variet\u00e0 \u00e8 profondamente radicata nella cultura locale, dove \u00e8 venerata come rimedio naturale per molti problemi di salute comuni. Gli abitanti di Kalimantan hanno storicamente usato il kratom in varie forme, compreso il fumo delle foglie essiccate. Tuttavia, l'uso moderno pi\u00f9 comune \u00e8 la preparazione di un t\u00e8 rilassante ed energizzante. Le foglie di kratom vengono essiccate per un periodo pi\u00f9 lungo, seguite da un leggero processo di fermentazione, che esalta gli alcaloidi naturali presenti nella pianta. Red Borneo Kratom \u00e8 particolarmente noto per il suo equilibrio tra effetti energizzanti e qualit\u00e0 di sollevamento dell'umore. Offre una spinta energetica pi\u00f9 blanda e rilassata rispetto ad altri ceppi, rendendola una delle preferite da chi \u00e8 alla ricerca di un'iniezione naturale di energia senza l'intensit\u00e0 delle variet\u00e0 pi\u00f9 forti. Se state cercando di alleviare lo stress, migliorare la concentrazione o semplicemente ottenere una leggera spinta energetica, Red Borneo Kratom \u00e8 una scelta eccellente per una soluzione naturale e a base di erbe.<\/p>\n<h2 data-start=\"1457\" data-end=\"1488\">Storia di Red Borneo Kratom<\/h2>\n<p data-start=\"1490\" data-end=\"2583\">La storia del Red Borneo Kratom risale alle popolazioni indigene di Kalimantan, la parte indonesiana dell'isola del Borneo. Per secoli, gli abitanti del luogo hanno utilizzato il kratom come medicina tradizionale, considerandolo un rimedio naturale per una variet\u00e0 di disturbi. Spesso si riferivano alle foglie dell'albero del kratom come \"foglie celesti\", sottolineando la loro fiducia nelle potenti propriet\u00e0 curative della pianta. Tradizionalmente, le foglie venivano consumate in molti modi, anche fumate in sigarette fatte in casa. Tuttavia, con il passare del tempo, i consumatori moderni di Kalimantan si sono largamente orientati verso la preparazione di t\u00e8 per un'esperienza pi\u00f9 controllata e rilassante. Le foglie utilizzate per produrre l'Red Borneo Kratom sono selezionate specificamente per il loro processo di essiccazione pi\u00f9 lungo e sono sottoposte a una leggera fase di fermentazione. Questa preparazione unica contribuisce a migliorare il contenuto di alcaloidi, conferendo al ceppo i suoi effetti distinti. Nel corso degli anni, la Red Borneo Kratom ha ottenuto un riconoscimento internazionale per le sue qualit\u00e0 equilibrate ed efficaci e molte persone in tutto il mondo l'hanno adottata come parte della loro routine quotidiana.<\/p>\n<h2 data-start=\"2585\" data-end=\"2616\">Come utilizzare Red Borneo Kratom<\/h2>\n<p data-start=\"2618\" data-end=\"3675\">L'Red Borneo Kratom si consuma preferibilmente sotto forma di t\u00e8 rilassante, che \u00e8 facile da preparare e permette di sperimentare tutta la gamma di benefici. Per preparare una tazza di t\u00e8 Red Borneo Kratom, sciogliere da 4 a 5 grammi di polvere di kratom in acqua calda a una temperatura compresa tra 70 e 95 gradi Celsius. Si consiglia di lasciare in infusione il t\u00e8 per 3-5 minuti per estrarre completamente gli alcaloidi benefici dalle foglie di kratom. Non \u00e8 necessario filtrare il t\u00e8, poich\u00e9 tutte le parti del kratom possono essere consumate. Quando si utilizza Red Borneo Kratom per la prima volta, \u00e8 consigliabile iniziare con una dose minore per valutare la risposta del proprio corpo, poich\u00e9 gli effetti possono variare a seconda della tolleranza e della sensibilit\u00e0 individuale. Molti utenti trovano che da 3 a 5 grammi di Red Borneo Kratom forniscano un effetto lieve, mentre gli utenti pi\u00f9 esperti potrebbero aver bisogno di una dose leggermente superiore. Questa variet\u00e0 \u00e8 nota per il suo equilibrio tra energia e calma, che la rende perfetta per l'uso diurno o come stimolante naturale dell'umore. Usare sempre il kratom in modo responsabile per evitare di sviluppare una tolleranza o sperimentare effetti collaterali.<\/p>\n<h2 data-start=\"3677\" data-end=\"3712\">Ingredienti di Red Borneo Kratom<\/h2>\n<p data-start=\"3714\" data-end=\"4763\">L'ingrediente chiave di Red Borneo Kratom \u00e8 <strong data-start=\"3757\" data-end=\"3779\">Mitragyna speciosa<\/strong>un albero tropicale originario del sud-est asiatico. Le foglie dell'albero Mitragyna speciosa vengono raccolte, essiccate e poi lavorate per creare la polvere di kratom. Red Borneo Kratom subisce uno specifico processo di essiccazione e leggera fermentazione che gli conferisce le sue qualit\u00e0 uniche. Il tempo di essiccazione pi\u00f9 lungo e la fermentazione leggera migliorano il contenuto di alcaloidi nelle foglie, che si traduce in un effetto pi\u00f9 potente ma equilibrato. Gli alcaloidi principali della Red Borneo Kratom sono la mitraginina e la 7-idrossimetraginina, che interagiscono con i recettori dell'organismo per promuovere un senso di benessere, un aumento dell'energia e un sollievo dal disagio. Se il processo di fermentazione \u00e8 fondamentale per sviluppare gli effetti distintivi dell'Red Borneo, la qualit\u00e0 complessiva delle foglie \u00e8 essenziale per garantire che il kratom mantenga la sua potenza. Consumato come t\u00e8 o in altre forme, gli ingredienti accuratamente lavorati di Red Borneo Kratom lo rendono un'opzione eccellente per coloro che cercano una spinta energetica naturale con un effetto calmante.<\/p>\n<p data-start=\"4765\" data-end=\"4777\"><strong data-start=\"4765\" data-end=\"4777\">Attenzione:<\/strong><\/p>\n<p data-start=\"4779\" data-end=\"5092\">La vendita e l'uso di Red Borneo Kratom sono vietati ai minori di 18 anni. Tenere fuori dalla portata dei bambini. Non utilizzare in caso di pressione alta o bassa, problemi cardiaci o polmonari, diabete, gravidanza o assunzione di farmaci, droghe o alcol. Consultare sempre un medico prima dell'uso.<\/p>\n<hr data-start=\"5094\" data-end=\"5097\" \/>\n<p data-start=\"5099\" data-end=\"5250\" data-is-last-node=\"\">","protected":false},"excerpt":{"rendered":"<p>Quindi, se siete alla ricerca di una spinta energetica di lunga durata, questo kratom ha le carte in regola per garantirvi una carica costante. E non ha alcuno di quegli effetti collaterali sgradevoli, come i sapori sgradevoli o l'eccessiva stimolazione che vi porta via troppo dalla giornata. Tenete d'occhio Red Borneo Kratom, straordinario super-energetico!<\/p>","protected":false},"featured_media":82213,"template":"","meta":[],"product_brand":[],"product_cat":[390,297,389,817,396,405,384],"product_tag":[],"class_list":{"0":"post-37824","1":"product","2":"type-product","3":"status-publish","4":"has-post-thumbnail","6":"product_cat-kratom","7":"product_cat-all-products","8":"product_cat-herbs","9":"product_cat-kratopia","10":"product_cat-relax","11":"product_cat-relax-herbs","12":"product_cat-smartshop","13":"product_shipping_class-group-7","15":"first","16":"instock","17":"taxable","18":"shipping-taxable","19":"purchasable","20":"product-type-variable","21":"has-default-attributes"},"_links":{"self":[{"href":"https:\/\/www.headshop.nl\/it\/wp-json\/wp\/v2\/product\/37824","targetHints":{"allow":["GET"]}}],"collection":[{"href":"https:\/\/www.headshop.nl\/it\/wp-json\/wp\/v2\/product"}],"about":[{"href":"https:\/\/www.headshop.nl\/it\/wp-json\/wp\/v2\/types\/product"}],"wp:featuredmedia":[{"embeddable":true,"href":"https:\/\/www.headshop.nl\/it\/wp-json\/wp\/v2\/media\/82213"}],"wp:attachment":[{"href":"https:\/\/www.headshop.nl\/it\/wp-json\/wp\/v2\/media?parent=37824"}],"wp:term":[{"taxonomy":"product_brand","embeddable":true,"href":"https:\/\/www.headshop.nl\/it\/wp-json\/wp\/v2\/product_brand?post=37824"},{"taxonomy":"product_cat","embeddable":true,"href":"https:\/\/www.headshop.nl\/it\/wp-json\/wp\/v2\/product_cat?post=37824"},{"taxonomy":"product_tag","embeddable":true,"href":"https:\/\/www.headshop.nl\/it\/wp-json\/wp\/v2\/product_tag?post=37824"}],"curies":[{"name":"wp","href":"https:\/\/api.w.org\/{rel}","templated":true}]}}