{"id":37822,"date":"2021-10-15T08:18:56","date_gmt":"2021-10-15T08:18:56","guid":{"rendered":"https:\/\/www.headshop.nl\/?post_type=product&#038;p=37822"},"modified":"2025-11-18T14:38:03","modified_gmt":"2025-11-18T14:38:03","slug":"red-bali-kratom","status":"publish","type":"product","link":"https:\/\/www.headshop.nl\/it\/red-bali-kratom\/","title":{"rendered":"Red Bali Kratom"},"content":{"rendered":"<h2 data-start=\"502\" data-end=\"538\">Che cos'\u00e8 l'Kratopia Red Bali Kratom?<\/h2>\n<p data-start=\"540\" data-end=\"1603\">Kratopia Red Bali Kratom \u00e8 una variet\u00e0 popolare che \u00e8 diventata una delle preferite dai principianti grazie ai suoi effetti completi e al suo gusto pi\u00f9 delicato. Nota per la sua capacit\u00e0 di migliorare le interazioni sociali, la Red Bali Kratom fa sentire gli utenti pi\u00f9 empatici e connessi, migliorando le loro esperienze sociali complessive. Ha una composizione unica di alcaloidi, che fornisce un effetto equilibrato che funziona sia come sollevatore dell'umore che come leggero antidolorifico. Questa variet\u00e0 \u00e8 particolarmente apprezzata per il suo gusto pi\u00f9 morbido, che la rende pi\u00f9 appetibile rispetto ad altre variet\u00e0 pi\u00f9 amare. Spesso, gli utilizzatori trovano che la Red Bali Kratom li aiuta a sentirsi pi\u00f9 rilassati e a proprio agio nei contesti sociali, fornendo al contempo sollievo dal disagio fisico. La combinazione dei suoi effetti sociali e calmanti la rende un'opzione versatile per chi cerca di migliorare il proprio benessere generale. La Red Bali Kratom \u00e8 particolarmente adatta ai neofiti, in quanto permette di sperimentare i benefici del kratom senza effetti eccessivi, rendendola un ottimo punto di partenza per esplorare questa potente pianta.<\/p>\n<h2 data-start=\"1605\" data-end=\"1643\">Storia di Kratopia Rosso Bali Kratom<\/h2>\n<p data-start=\"1645\" data-end=\"2780\">Il rosso Bali Kratom, compresa la variante Kratopia, ha profonde radici storiche nel Sud-Est asiatico. Viene tradizionalmente utilizzata in Indonesia, soprattutto nella regione di Bali, da cui prende il nome. Sebbene a Bali non crescano alberi di kratom, la variet\u00e0 \u00e8 una miscela di foglie provenienti da alberi di kratom presenti in varie regioni del sud-est asiatico. Storicamente, la Red Bali Kratom \u00e8 stata venerata per le sue propriet\u00e0 calmanti e medicinali, utilizzate dai locali per gestire il dolore, migliorare l'umore e alleviare lo stress. Essendo una variet\u00e0 versatile, la Red Bali Kratom veniva utilizzata anche come stimolante sociale, promuovendo un senso di facilit\u00e0 e di connessione tra gli individui. Nel corso del tempo, con la crescita della popolarit\u00e0 del kratom in Occidente, l'Red Bali \u00e8 diventata una delle variet\u00e0 pi\u00f9 riconosciute grazie ai suoi effetti blandi e ai benefici per il benessere generale. In tempi moderni, molti utenti si rivolgono alla Red Bali Kratom per la sua capacit\u00e0 di fornire sollievo dal dolore e di migliorare l'umore senza dover ricorrere a farmaci aggressivi. Con le sue radici storiche e il suo crescente fascino globale, la Kratopia Red Bali Kratom continua a essere la scelta migliore per chi cerca un'esperienza di kratom equilibrata e piacevole.<\/p>\n<h2 data-start=\"2782\" data-end=\"2820\">Come utilizzare Kratopia Rosso Bali Kratom<\/h2>\n<p data-start=\"2822\" data-end=\"3892\">L'uso di Kratopia Red Bali Kratom \u00e8 semplice e pu\u00f2 essere gustato sotto forma di t\u00e8. Per la preparazione, sciogliere da 4 a 5 grammi di polvere di Kratopia Red Bali Kratom in acqua calda, mantenendo la temperatura tra i 70 e i 95 gradi Celsius. Lasciare in infusione il t\u00e8 per circa 3-5 minuti per consentire al kratom di rilasciare i suoi alcaloidi benefici nell'acqua. Una volta preparato, non \u00e8 necessario filtrare il t\u00e8, poich\u00e9 l'intera miscela \u00e8 sicura da consumare. Per chi si avvicina per la prima volta al kratom, \u00e8 consigliabile iniziare con un dosaggio minore per capire come il corpo risponde a questa variet\u00e0 di kratom. La Red Bali Kratom \u00e8 nota per il suo gusto morbido, che la rende pi\u00f9 accessibile per coloro che sono nuovi al kratom. Con il tempo, gli utenti possono regolare il loro dosaggio a seconda della loro sensibilit\u00e0 e degli effetti desiderati. Per un effetto leggero, pu\u00f2 essere sufficiente un dosaggio inferiore a 3 grammi, mentre chi cerca un effetto pi\u00f9 forte pu\u00f2 aumentare il dosaggio a 5-6 grammi. Indipendentemente dal dosaggio, la Kratopia Red Bali Kratom offre un'esperienza sociale e di miglioramento dell'umore, delicata e adatta a chi \u00e8 alle prime armi con il kratom.<\/p>\n<h2 data-start=\"3894\" data-end=\"3936\">Ingredienti di Kratopia Rosso Bali Kratom<\/h2>\n<p data-start=\"3938\" data-end=\"5137\">L'ingrediente chiave dell'Kratopia Red Bali Kratom \u00e8 <strong data-start=\"3988\" data-end=\"4010\">Mitragyna speciosa<\/strong>un albero tropicale originario del sud-est asiatico. Le foglie dell'albero Mitragyna speciosa vengono raccolte, essiccate e poi trasformate in polvere di kratom. Il Red Bali Kratom proviene da foglie accuratamente selezionate da vari alberi di kratom presenti in diverse regioni del Sud-Est asiatico. Dopo essere state essiccate, le foglie vengono sottoposte a uno speciale processo di fermentazione leggera, che ne aumenta il contenuto di alcaloidi e conferisce alla Red Bali i suoi effetti caratteristici. I due alcaloidi principali presenti nella Red Bali Kratom sono la mitraginina e la 7-idrossimetraginina. Questi composti interagiscono con i recettori dell'organismo per promuovere un senso di benessere, aumentare l'energia e alleviare il dolore. La natura equilibrata di Kratopia Red Bali Kratom deriva dalla combinazione di questi alcaloidi, che insieme forniscono un'esperienza dolce e delicata, ideale per chi cerca un'alternativa naturale per alleviare il dolore e ridurre lo stress. Grazie alla sua composizione equilibrata, la Red Bali Kratom \u00e8 particolarmente efficace nel promuovere le interazioni sociali e nell'alleviare il disagio fisico. I suoi effetti a tutto tondo la rendono una scelta popolare tra i consumatori di kratom, sia nuovi che esperti.<\/p>\n<p data-start=\"5139\" data-end=\"5151\"><strong data-start=\"5139\" data-end=\"5151\">Attenzione:<\/strong><\/p>\n<p data-start=\"5153\" data-end=\"5473\">La vendita e l'uso di Kratopia Red Bali Kratom sono vietati ai minori di 18 anni. Tenere fuori dalla portata dei bambini. Non utilizzare in caso di pressione alta o bassa, problemi cardiaci o polmonari, diabete, gravidanza o assunzione di farmaci, droghe o alcol. Consultare sempre un medico prima dell'uso.<\/p>","protected":false},"excerpt":{"rendered":"<p>Kratopia Red Bali Kratom \u00e8 una variet\u00e0 ben bilanciata nota per le sue propriet\u00e0 di miglioramento sociale. Con il suo gusto morbido e la sua forza moderata, \u00e8 perfetta per i principianti che cercano un'esperienza edificante. Questa Red Bali Kratom \u00e8 particolarmente riconosciuta per i suoi potenziali effetti antidolorifici ed \u00e8 spesso usata da chi cerca un'alternativa naturale agli oppioidi. Ideale per migliorare le interazioni sociali e l'umore, la Red Bali Kratom \u00e8 un ottimo punto di partenza per i consumatori alle prime armi.<\/p>","protected":false},"featured_media":82216,"template":"","meta":[],"product_brand":[],"product_cat":[390,297,389,817,396,405,384],"product_tag":[],"class_list":{"0":"post-37822","1":"product","2":"type-product","3":"status-publish","4":"has-post-thumbnail","6":"product_cat-kratom","7":"product_cat-all-products","8":"product_cat-herbs","9":"product_cat-kratopia","10":"product_cat-relax","11":"product_cat-relax-herbs","12":"product_cat-smartshop","13":"product_shipping_class-group-7","15":"first","16":"instock","17":"taxable","18":"shipping-taxable","19":"purchasable","20":"product-type-variable","21":"has-default-attributes"},"_links":{"self":[{"href":"https:\/\/www.headshop.nl\/it\/wp-json\/wp\/v2\/product\/37822","targetHints":{"allow":["GET"]}}],"collection":[{"href":"https:\/\/www.headshop.nl\/it\/wp-json\/wp\/v2\/product"}],"about":[{"href":"https:\/\/www.headshop.nl\/it\/wp-json\/wp\/v2\/types\/product"}],"wp:featuredmedia":[{"embeddable":true,"href":"https:\/\/www.headshop.nl\/it\/wp-json\/wp\/v2\/media\/82216"}],"wp:attachment":[{"href":"https:\/\/www.headshop.nl\/it\/wp-json\/wp\/v2\/media?parent=37822"}],"wp:term":[{"taxonomy":"product_brand","embeddable":true,"href":"https:\/\/www.headshop.nl\/it\/wp-json\/wp\/v2\/product_brand?post=37822"},{"taxonomy":"product_cat","embeddable":true,"href":"https:\/\/www.headshop.nl\/it\/wp-json\/wp\/v2\/product_cat?post=37822"},{"taxonomy":"product_tag","embeddable":true,"href":"https:\/\/www.headshop.nl\/it\/wp-json\/wp\/v2\/product_tag?post=37822"}],"curies":[{"name":"wp","href":"https:\/\/api.w.org\/{rel}","templated":true}]}}