{"id":37820,"date":"2021-10-15T08:18:54","date_gmt":"2021-10-15T08:18:54","guid":{"rendered":"https:\/\/www.headshop.nl\/?post_type=product&#038;p=37820"},"modified":"2025-11-18T14:38:03","modified_gmt":"2025-11-18T14:38:03","slug":"green-maeng-da-kratom","status":"publish","type":"product","link":"https:\/\/www.headshop.nl\/it\/green-maeng-da-kratom\/","title":{"rendered":"Green Maeng Da Kratom"},"content":{"rendered":"<h2 data-start=\"491\" data-end=\"533\">Che cos'\u00e8 l'Kratopia Green Maeng Da Kratom?<\/h2>\n<p data-start=\"535\" data-end=\"1627\">Kratopia Green Maeng Da Kratom \u00e8 una variante particolare e pi\u00f9 mite della popolare variet\u00e0 Maeng Da. Conosciuto per le sue propriet\u00e0 energizzanti, l'Green Maeng Da \u00e8 spesso gustato sotto forma di t\u00e8, il che lo rende un modo conveniente e piacevole per sperimentare i benefici del kratom. A differenza delle sue controparti rosse e bianche, pi\u00f9 intense, l'Green Maeng Da \u00e8 apprezzato per i suoi effetti delicati, che forniscono comunque un'esperienza stimolante e rinvigorente. Il profilo alcaloide dell'Green Maeng Da \u00e8 ricco, con la mitraginina come alcaloide dominante. Questo composto contribuisce agli effetti edificanti della variet\u00e0, aiutando ad aumentare l'energia, la concentrazione e la motivazione. Gli utenti consumano tipicamente il t\u00e8 Green Maeng Da nel pomeriggio, in quanto \u00e8 in grado di fornire una spinta energetica sostenuta senza sovrastimolazione. Uno dei vantaggi principali di questa variet\u00e0 \u00e8 la sua versatilit\u00e0: pu\u00f2 essere adattata alle preferenze personali sperimentando diversi dosaggi. Ideale per chi \u00e8 alle prime armi con il kratom o per chi cerca un'esperienza pi\u00f9 sottile, la Kratopia Green Maeng Da \u00e8 la preferita da chi cerca un equilibrio di energia, concentrazione e leggera euforia.<\/p>\n<h2 data-start=\"1629\" data-end=\"1673\">Storia di Kratopia Verde Maeng Da Kratom<\/h2>\n<p data-start=\"1675\" data-end=\"2865\">Il Green Maeng Da Kratom ha una ricca storia che affonda le sue radici nel sud-est asiatico, dove \u00e8 ampiamente utilizzato sia per scopi medicinali che ricreativi. La stessa variet\u00e0 Maeng Da \u00e8 nota per essere nata nel Thailand, dove gli agricoltori locali allevavano selettivamente gli alberi di kratom per migliorarne la potenza e la qualit\u00e0 complessiva. Il nome \"Maeng Da\", che in Thai significa \"qualit\u00e0 da pappone\", si riferisce alla qualit\u00e0 e alla forza superiori di questa variet\u00e0 di kratom. A differenza dei ceppi di kratom tradizionali, che vengono raccolti ed essiccati in condizioni naturali, l'Green Maeng Da subisce un processo di fermentazione unico che ne migliora il profilo alcaloide. L'aggiunta dell'Green Maeng Da al mercato del kratom ha cambiato le carte in tavola, in quanto fornisce un'alternativa pi\u00f9 moderata ma potente ai ceppi rossi e bianchi pi\u00f9 forti. L'Green Maeng Da si distingue per i suoi effetti lievi, che lo rendono un ottimo punto di partenza per chi \u00e8 alle prime armi con il kratom. Negli ultimi anni, l'Green Maeng Da ha guadagnato popolarit\u00e0 nel mercato occidentale, poich\u00e9 sempre pi\u00f9 persone hanno scoperto le sue propriet\u00e0 energizzanti e di miglioramento dell'umore. Il suo equilibrio tra energia e calma la rende una variet\u00e0 ideale per gli utenti che cercano un'esperienza edificante senza gli effetti pi\u00f9 intensi di altre variet\u00e0 di kratom.<\/p>\n<h2 data-start=\"2867\" data-end=\"2911\">Come utilizzare Kratopia Verde Maeng Da Kratom<\/h2>\n<p data-start=\"2913\" data-end=\"4058\">Il modo pi\u00f9 comune di gustare il Kratopia verde Maeng Da Kratom \u00e8 quello di prepararlo come t\u00e8. Per preparare una tazza di t\u00e8 Green Maeng Da, sciogliere 4 o 5 grammi di polvere di kratom in acqua calda, assicurandosi che la temperatura rimanga tra i 70 e i 95 gradi Celsius. Il tempo di macerazione deve essere di circa 3-5 minuti, per consentire agli alcaloidi di infondersi nell'acqua. Dopo l'infusione, non \u00e8 necessario filtrare il t\u00e8: \u00e8 sufficiente consumare l'intera miscela. Molti utenti amano aggiungere miele o sciroppo al t\u00e8 per esaltarne il sapore e renderlo pi\u00f9 gradevole. Per i principianti, si consiglia di iniziare con un dosaggio pi\u00f9 basso e di aumentarlo gradualmente per trovare la quantit\u00e0 ideale per il proprio organismo. Il Green Maeng Da Kratom \u00e8 noto per il suo gusto delicato e morbido, che lo rende una scelta ideale per coloro che trovano altre variet\u00e0 di kratom troppo amare. Offre un'esperienza edificante, che la rende perfetta per il pomeriggio, quando si ha bisogno di una spinta di energia e concentrazione. Gli effetti si manifestano in genere dopo circa un'ora e l'esperienza dura diverse ore. Con un po' di sperimentazione, gli utenti possono trovare il giusto dosaggio e il momento di consumo pi\u00f9 adatto alle loro esigenze personali.<\/p>\n<h2 data-start=\"4060\" data-end=\"4108\">Ingredienti di Kratopia Verde Maeng Da Kratom<\/h2>\n<p data-start=\"4110\" data-end=\"5300\">L'ingrediente principale di Kratopia Green Maeng Da Kratom \u00e8 <strong data-start=\"4170\" data-end=\"4192\">Mitragyna speciosa<\/strong>, un albero tropicale originario del sud-est asiatico. Le foglie di questo albero contengono potenti alcaloidi, responsabili degli effetti del kratom sul corpo e sulla mente. L'Maeng Da Kratom verde \u00e8 particolarmente ricco di <strong data-start=\"4405\" data-end=\"4420\">Mitragina<\/strong>, un alcaloide noto per le sue propriet\u00e0 stimolanti ed energizzanti. Questo lo rende diverso da altre variet\u00e0 di kratom che possono avere un effetto pi\u00f9 sedativo. Le foglie utilizzate per produrre l'Green Maeng Da vengono raccolte e lavorate con cura per conservarne la potenza. Dopo la raccolta, le foglie vengono essiccate e sottoposte a un leggero processo di fermentazione, che aumenta il contenuto di alcaloidi e conferisce alla variet\u00e0 le sue propriet\u00e0 uniche. L'Green Maeng Da \u00e8 considerato uno dei ceppi Maeng Da pi\u00f9 blandi, in grado di fornire una combinazione equilibrata di stimolazione, concentrazione e miglioramento dell'umore. Come per tutti i ceppi di kratom, il contenuto specifico di alcaloidi pu\u00f2 variare a seconda di fattori quali l'ambiente in cui il kratom \u00e8 stato coltivato, i metodi di lavorazione utilizzati e l'et\u00e0 delle foglie. Tuttavia, il profilo alcaloide costante della Green Maeng Da la rende una scelta affidabile e popolare tra i consumatori di kratom.<\/p>\n<p data-start=\"5302\" data-end=\"5314\"><strong data-start=\"5302\" data-end=\"5314\">Attenzione:<\/strong><\/p>\n<p data-start=\"5316\" data-end=\"5642\">La vendita e l'uso di Kratopia Green Maeng Da Kratom sono vietati ai minori di 18 anni. Tenere fuori dalla portata dei bambini. Non utilizzare in caso di pressione alta o bassa, problemi cardiaci o polmonari, diabete, gravidanza o assunzione di farmaci, droghe o alcol. Consultare sempre un medico prima dell'uso.<\/p>\n<hr data-start=\"5644\" data-end=\"5647\" \/>\n<p data-start=\"5649\" data-end=\"6136\" data-is-last-node=\"\">","protected":false},"excerpt":{"rendered":"<p>Kratopia Green Maeng Da Kratom \u00e8 una variet\u00e0 mite ed equilibrata nota per le sue propriet\u00e0 energizzanti. Consumata tipicamente come t\u00e8, questa variet\u00e0 offre un effetto morbido e stimolante, che la rende una scelta perfetta per coloro che cercano di aumentare l'energia e la concentrazione durante il pomeriggio. Con il suo ricco profilo di alcaloidi, tra cui alti livelli di mitraginina, Green Maeng Da Kratom offre un'esperienza delicata ma efficace, adatta sia ai principianti che ai consumatori esperti.<\/p>","protected":false},"featured_media":82220,"template":"","meta":[],"product_brand":[],"product_cat":[390,297,389,817,396,405,384],"product_tag":[],"class_list":{"0":"post-37820","1":"product","2":"type-product","3":"status-publish","4":"has-post-thumbnail","6":"product_cat-kratom","7":"product_cat-all-products","8":"product_cat-herbs","9":"product_cat-kratopia","10":"product_cat-relax","11":"product_cat-relax-herbs","12":"product_cat-smartshop","13":"product_shipping_class-group-7","15":"first","16":"instock","17":"taxable","18":"shipping-taxable","19":"purchasable","20":"product-type-variable","21":"has-default-attributes"},"_links":{"self":[{"href":"https:\/\/www.headshop.nl\/it\/wp-json\/wp\/v2\/product\/37820","targetHints":{"allow":["GET"]}}],"collection":[{"href":"https:\/\/www.headshop.nl\/it\/wp-json\/wp\/v2\/product"}],"about":[{"href":"https:\/\/www.headshop.nl\/it\/wp-json\/wp\/v2\/types\/product"}],"wp:featuredmedia":[{"embeddable":true,"href":"https:\/\/www.headshop.nl\/it\/wp-json\/wp\/v2\/media\/82220"}],"wp:attachment":[{"href":"https:\/\/www.headshop.nl\/it\/wp-json\/wp\/v2\/media?parent=37820"}],"wp:term":[{"taxonomy":"product_brand","embeddable":true,"href":"https:\/\/www.headshop.nl\/it\/wp-json\/wp\/v2\/product_brand?post=37820"},{"taxonomy":"product_cat","embeddable":true,"href":"https:\/\/www.headshop.nl\/it\/wp-json\/wp\/v2\/product_cat?post=37820"},{"taxonomy":"product_tag","embeddable":true,"href":"https:\/\/www.headshop.nl\/it\/wp-json\/wp\/v2\/product_tag?post=37820"}],"curies":[{"name":"wp","href":"https:\/\/api.w.org\/{rel}","templated":true}]}}