{"id":37818,"date":"2021-10-15T08:18:51","date_gmt":"2021-10-15T08:18:51","guid":{"rendered":"https:\/\/www.headshop.nl\/?post_type=product&#038;p=37818"},"modified":"2025-11-18T14:38:04","modified_gmt":"2025-11-18T14:38:04","slug":"green-borneo-kratom","status":"publish","type":"product","link":"https:\/\/www.headshop.nl\/it\/green-borneo-kratom\/","title":{"rendered":"Green Borneo Kratom"},"content":{"rendered":"<h2 data-start=\"489\" data-end=\"529\">Che cos'\u00e8 l'Kratopia Green Borneo Kratom?<\/h2>\n<p data-start=\"531\" data-end=\"1625\">Kratopia Green Borneo Kratom \u00e8 una variet\u00e0 originaria della lussureggiante regione del Borneo. \u00c8 apprezzata per le sue leggere propriet\u00e0 energizzanti, che la rendono una scelta popolare sia per i nuovi consumatori che per quelli pi\u00f9 esperti. Spesso consumato come t\u00e8, questo kratom offre una stimolazione efficace ma delicata. A differenza delle sue controparti rosse e bianche pi\u00f9 intense, la Green Borneo Kratom \u00e8 nota per i suoi effetti equilibrati che aumentano la concentrazione e la motivazione senza essere troppo opprimenti. Questa variet\u00e0 \u00e8 particolarmente apprezzata per il suo complesso profilo alcaloide, con composti chiave che contribuiscono ai suoi effetti stimolanti. La Green Borneo \u00e8 la scelta ideale per chi vuole rimanere vigile e impegnato durante la giornata. Questa variet\u00e0 \u00e8 particolarmente apprezzata da chi desidera una spinta energetica naturale e un senso di benessere, che la rendono una perfetta alternativa alla caffeina. Kratopia Green Borneo Kratom si distingue come una variet\u00e0 versatile, adatta all'uso sia in contesti ricreativi che di ricerca. Sia che siate alle prime armi con il kratom o che siate utenti esperti, la Green Borneo offre un'esperienza fluida ed efficace che pu\u00f2 essere adattata alle vostre preferenze personali.<\/p>\n<h2 data-start=\"1627\" data-end=\"1669\">Storia di Kratopia Green Borneo Kratom<\/h2>\n<p data-start=\"1671\" data-end=\"2851\">La storia del Green Borneo Kratom affonda le sue radici negli usi tradizionali del kratom nel sud-est asiatico, in particolare nell'isola del Borneo. Le popolazioni indigene si affidano da tempo al kratom per le sue propriet\u00e0 medicinali, utilizzandolo per una serie di disturbi. I ricercatori si sono concentrati sul kratom del Borneo per la sua composizione alcaloide unica, che lo distingue da altri ceppi. Il ceppo Green Borneo, in particolare, \u00e8 riconosciuto per il suo equilibrio tra effetti stimolanti e rilassanti. L'isola del Borneo, con il suo clima umido e tropicale, offre un ambiente ideale per la coltivazione di kratom di alta qualit\u00e0. La regione ha visto un notevole interesse da parte della comunit\u00e0 mondiale del kratom, in particolare grazie agli effetti positivi attribuiti alla Green Borneo. Mentre le variet\u00e0 rosse e bianche di kratom sono pi\u00f9 comunemente conosciute, l'Green Borneo ha guadagnato terreno nei mercati della ricerca e dei consumatori per la sua natura equilibrata. Nel corso del tempo, l'Green Borneo ha trovato un seguito dedicato di utenti che ne apprezzano le propriet\u00e0 versatili e moderate. Sia che venga consumata per rilassarsi che per concentrarsi, questa variet\u00e0 \u00e8 diventata un punto fermo nel mondo del kratom grazie alla sua consistenza ed efficacia.<\/p>\n<h2 data-start=\"2853\" data-end=\"2895\">Come usare Kratopia Green Borneo Kratom<\/h2>\n<p data-start=\"2897\" data-end=\"4015\">L'Kratopia Green Borneo Kratom viene consumato principalmente come t\u00e8, il che lo rende facile e piacevole da incorporare nella routine quotidiana. Per preparare il t\u00e8, sciogliere da 4 a 5 grammi di polvere di Green Borneo Kratom in acqua riscaldata a una temperatura compresa tra 70 e 95 gradi. Il tempo di infusione consigliato \u00e8 compreso tra i 3 e i 5 minuti per consentire agli alcaloidi di infondersi nell'acqua. Una volta che il t\u00e8 \u00e8 stato messo in infusione, non \u00e8 necessario filtrarlo: si pu\u00f2 consumare nella sua interezza. Molti utenti preferiscono aggiungere miele o sciroppo al t\u00e8 per esaltarne il sapore e renderlo pi\u00f9 gradevole. Quando si usa per la prima volta Green Borneo Kratom, si consiglia di iniziare con un dosaggio pi\u00f9 basso e di regolarsi gradualmente per trovare la quantit\u00e0 che funziona meglio per voi. La maggior parte delle persone trova che un dosaggio di circa 4-5 grammi fornisca un effetto blando ed energizzante. Tuttavia, gli effetti possono variare a seconda di fattori quali il peso corporeo, la sensibilit\u00e0 al kratom e la potenza del lotto. Iniziate sempre lentamente e aumentate gradualmente per trovare il vostro dosaggio ideale. Green Borneo Kratom \u00e8 perfetto per coloro che cercano una spinta di energia naturale senza il nervosismo spesso associato alla caffeina.<\/p>\n<h2 data-start=\"4017\" data-end=\"4063\">Ingredienti di Kratopia Green Borneo Kratom<\/h2>\n<p data-start=\"4065\" data-end=\"5273\">L'ingrediente chiave di Kratopia Green Borneo Kratom \u00e8 <strong data-start=\"4119\" data-end=\"4141\">Mitragyna speciosa<\/strong>, un albero tropicale originario del sud-est asiatico. Le foglie di questo albero sono ricche di alcaloidi, in particolare di <strong data-start=\"4245\" data-end=\"4260\">Mitragina<\/strong>che \u00e8 responsabile degli effetti energizzanti e stimolanti della variet\u00e0. Green Borneo Kratom \u00e8 unica nel suo profilo alcaloide, offrendo un equilibrio di effetti n\u00e9 troppo sedativi n\u00e9 troppo stimolanti. La variet\u00e0 verde di kratom del Borneo contiene concentrazioni pi\u00f9 elevate di mitraginina rispetto ad altri ceppi, conferendo un impatto moderato ma efficace. Anche se il contenuto specifico di alcaloidi pu\u00f2 variare, la Green Borneo \u00e8 nota per i suoi effetti dolci e costanti. Le foglie di kratom utilizzate per l'Green Borneo Kratom sono raccolte con cura e subiscono una lavorazione minima per preservare il contenuto naturale di alcaloidi. Questa variet\u00e0 viene spesso scelta dagli utenti che desiderano un effetto energizzante senza l'intensa scarica che si verifica con altre variet\u00e0 di kratom. La natura equilibrata della Green Borneo la rende una scelta perfetta sia per i principianti che per i consumatori esperti di kratom. Grazie alla sua ricca composizione di composti attivi, \u00e8 una variet\u00e0 affidabile per una variet\u00e0 di scopi, dal miglioramento della concentrazione alla promozione di un senso di benessere.<\/p>\n<p data-start=\"5275\" data-end=\"5287\"><strong data-start=\"5275\" data-end=\"5287\">Attenzione:<\/strong><\/p>\n<p data-start=\"5289\" data-end=\"5613\">La vendita e l'uso di Kratopia Green Borneo Kratom sono vietati ai minori di 18 anni. Tenere fuori dalla portata dei bambini. Non utilizzare in caso di pressione alta o bassa, problemi cardiaci o polmonari, diabete, gravidanza o assunzione di farmaci, droghe o alcol. Consultare sempre un medico prima dell'uso.<\/p>","protected":false},"excerpt":{"rendered":"<p>Il kratom Green Borneo \u00e8 un leggero stimolante dell'umore e un riduttore dello stress. Ricco di antiossidanti, aumenta anche le sostanze chimiche del benessere nel cervello. A basse dosi ha propriet\u00e0 energizzanti e pu\u00f2 aiutare a ridurre la stanchezza quando se ne ha pi\u00f9 bisogno, ad esempio al mattino.<\/p>","protected":false},"featured_media":82222,"template":"","meta":[],"product_brand":[],"product_cat":[390,297,389,817,396,405,384],"product_tag":[],"class_list":{"0":"post-37818","1":"product","2":"type-product","3":"status-publish","4":"has-post-thumbnail","6":"product_cat-kratom","7":"product_cat-all-products","8":"product_cat-herbs","9":"product_cat-kratopia","10":"product_cat-relax","11":"product_cat-relax-herbs","12":"product_cat-smartshop","13":"product_shipping_class-group-7","15":"first","16":"instock","17":"taxable","18":"shipping-taxable","19":"purchasable","20":"product-type-variable","21":"has-default-attributes"},"_links":{"self":[{"href":"https:\/\/www.headshop.nl\/it\/wp-json\/wp\/v2\/product\/37818","targetHints":{"allow":["GET"]}}],"collection":[{"href":"https:\/\/www.headshop.nl\/it\/wp-json\/wp\/v2\/product"}],"about":[{"href":"https:\/\/www.headshop.nl\/it\/wp-json\/wp\/v2\/types\/product"}],"wp:featuredmedia":[{"embeddable":true,"href":"https:\/\/www.headshop.nl\/it\/wp-json\/wp\/v2\/media\/82222"}],"wp:attachment":[{"href":"https:\/\/www.headshop.nl\/it\/wp-json\/wp\/v2\/media?parent=37818"}],"wp:term":[{"taxonomy":"product_brand","embeddable":true,"href":"https:\/\/www.headshop.nl\/it\/wp-json\/wp\/v2\/product_brand?post=37818"},{"taxonomy":"product_cat","embeddable":true,"href":"https:\/\/www.headshop.nl\/it\/wp-json\/wp\/v2\/product_cat?post=37818"},{"taxonomy":"product_tag","embeddable":true,"href":"https:\/\/www.headshop.nl\/it\/wp-json\/wp\/v2\/product_tag?post=37818"}],"curies":[{"name":"wp","href":"https:\/\/api.w.org\/{rel}","templated":true}]}}