{"id":37565,"date":"2025-01-30T08:40:38","date_gmt":"2025-01-30T08:40:38","guid":{"rendered":"https:\/\/www.headshop.nl\/?post_type=product&#038;p=37565"},"modified":"2025-05-23T09:04:52","modified_gmt":"2025-05-23T09:04:52","slug":"white-widow","status":"publish","type":"product","link":"https:\/\/www.headshop.nl\/it\/white-widow\/","title":{"rendered":"White Widow - Semi Vision"},"content":{"rendered":"<h2><span data-sheets-value=\"{&quot;1&quot;:2,&quot;2&quot;:&quot;White Widow&quot;}\" data-sheets-userformat=\"{&quot;2&quot;:6723,&quot;3&quot;:{&quot;1&quot;:0},&quot;4&quot;:{&quot;1&quot;:2,&quot;2&quot;:13228792},&quot;9&quot;:0,&quot;12&quot;:0,&quot;14&quot;:{&quot;1&quot;:2,&quot;2&quot;:0},&quot;15&quot;:&quot;Arial&quot;}\">White Widow <\/span>Semi di cannabis da Vision Seeds<\/h2>\n<p>Se avete bisogno di divertirvi, questa \u00e8 la gemma giusta per la vostra giornata. Rispettando il suo nome, la \"White Widow\" emette un'intensa proiezione di tricomi bianchi e scintillanti, molto pi\u00f9 potenti della maggior parte delle variet\u00e0 presenti sul mercato. Questa variet\u00e0 lascer\u00e0 qualsiasi utente incantato e rilassato e allo stesso tempo lo interesser\u00e0 a nuove cose! Ed \u00e8 anche ottima per aiutare l'appetito!<\/p>\n<p>C'\u00e8 un motivo per cui la pianta \u00e8 chiamata vedova bianca, con la sua elevata quantit\u00e0 di tricomi e potenza. Proveniente da incroci di sativa e indica, questa variet\u00e0 merita di essere una delle vostre preferite. Aspettatevi una boccata molto rilassante, con alcuni effetti che migliorano l'umore, oltre a pensieri di provare nuove cose - il tutto senza quella profonda sensazione di letargia. Il nome potrebbe derivare da ci\u00f2 che \"desidererete\" dopo la prima svapata di questa bambina!<\/p>","protected":false},"excerpt":{"rendered":"<p>La potenza rilassante ma elevata della variet\u00e0 White Widow di Vision Seeds \u00e8 proprio ci\u00f2 di cui avete bisogno quando volete fare un passo indietro e riflettere sulla vita. Mentre i vostri impulsi sociali rallentano grazie a questo incredibile incrocio tra Sativa e Indica, vi sentirete pi\u00f9 intrigati nel provare cose nuove - quindi non abbiate paura! Lasciatevi stupire dalla vista dei suoi tricomi bianchi. Veramente un classico della cannabis della vecchia scuola che \u00e8 ancora perfetto per ogni situazione, non esiterebbe ad aiutare con quel mal di testa noioso o a portare il vostro appetito al livello successivo nel mondo dei desideri alimentari.<\/p>","protected":false},"featured_media":37576,"template":"","meta":[],"product_brand":[],"product_cat":[950,297,467,470,465],"product_tag":[],"class_list":{"0":"post-37565","1":"product","2":"type-product","3":"status-publish","4":"has-post-thumbnail","6":"product_cat-vision-seeds","7":"product_cat-all-products","8":"product_cat-feminized-seeds","9":"product_cat-high-thc-seeds","10":"product_cat-seedshop","11":"product_shipping_class-creditcard-on","13":"first","14":"instock","15":"taxable","16":"shipping-taxable","17":"purchasable","18":"product-type-variable","19":"has-default-attributes"},"_links":{"self":[{"href":"https:\/\/www.headshop.nl\/it\/wp-json\/wp\/v2\/product\/37565","targetHints":{"allow":["GET"]}}],"collection":[{"href":"https:\/\/www.headshop.nl\/it\/wp-json\/wp\/v2\/product"}],"about":[{"href":"https:\/\/www.headshop.nl\/it\/wp-json\/wp\/v2\/types\/product"}],"wp:featuredmedia":[{"embeddable":true,"href":"https:\/\/www.headshop.nl\/it\/wp-json\/wp\/v2\/media\/37576"}],"wp:attachment":[{"href":"https:\/\/www.headshop.nl\/it\/wp-json\/wp\/v2\/media?parent=37565"}],"wp:term":[{"taxonomy":"product_brand","embeddable":true,"href":"https:\/\/www.headshop.nl\/it\/wp-json\/wp\/v2\/product_brand?post=37565"},{"taxonomy":"product_cat","embeddable":true,"href":"https:\/\/www.headshop.nl\/it\/wp-json\/wp\/v2\/product_cat?post=37565"},{"taxonomy":"product_tag","embeddable":true,"href":"https:\/\/www.headshop.nl\/it\/wp-json\/wp\/v2\/product_tag?post=37565"}],"curies":[{"name":"wp","href":"https:\/\/api.w.org\/{rel}","templated":true}]}}