{"id":37562,"date":"2025-01-30T08:40:32","date_gmt":"2025-01-30T08:40:32","guid":{"rendered":"https:\/\/www.headshop.nl\/?post_type=product&#038;p=37562"},"modified":"2025-05-23T09:04:58","modified_gmt":"2025-05-23T09:04:58","slug":"wedding-cake-x-triple-og","status":"publish","type":"product","link":"https:\/\/www.headshop.nl\/it\/wedding-cake-x-triple-og\/","title":{"rendered":"Wedding Cake x Triple OG - Semi di Visione"},"content":{"rendered":"<h2><span data-sheets-value=\"{&quot;1&quot;:2,&quot;2&quot;:&quot;Wedding Cake x Triple OG&quot;}\" data-sheets-userformat=\"{&quot;2&quot;:6723,&quot;3&quot;:{&quot;1&quot;:0},&quot;4&quot;:{&quot;1&quot;:2,&quot;2&quot;:16573901},&quot;9&quot;:0,&quot;12&quot;:0,&quot;14&quot;:{&quot;1&quot;:2,&quot;2&quot;:0},&quot;15&quot;:&quot;Arial&quot;}\">Wedding Cake x Triple OG<\/span> Semi di cannabis da Vision Seeds<\/h2>\n<p>La variet\u00e0 di cannabis Wedding Cake x Triple OG di Vision Seeds \u00e8 una miscela molto unica e stravagante con sapori dolci, aciduli, cremosi e aspri. Essendo una variet\u00e0 di cannabis di livello THC estremamente elevato, gli effetti sono immediati dopo aver fumato questa deliziosa regina dei dessert. Sperimenterete gioia, energia edificante, euforia e un'intensa carica alla testa!<\/p>\n<p>\u00c8 l'ideale per chi cerca un sollievo immediato dallo stress o dall'ansia, per chi vuole affrontare compiti fisici dopo il lavoro, per chi vuole essere creativo a met\u00e0 giornata con attivit\u00e0 simili a quelle di Hoot Hoot (alias artigianato), o anche semplicemente per chi resta in casa tutto il giorno a deprimersi come un matto. Attenzione, per\u00f2, perch\u00e9 i suoi effetti sono rapidi! Non stupitevi se, dopo aver acceso questa potente signora del potere, vi ritroverete improvvisamente a fare i salti mortali in poche ore.<\/p>\n<p>Si presenta in una confezione unica con una glassa simile a quella di una torta, ma le sue qualit\u00e0 aromatiche potrebbero essere quelle che vi faranno tornare per averne ancora. Con effetti intensi da tutti i punti di vista - annusatela, assaggiatela e divertitevi a provare qualcosa di nuovo!<\/p>","protected":false},"excerpt":{"rendered":"<p>La deliziosa variet\u00e0 di torta nuziale di Vision, giustamente chiamata Wedding Cake x Triple OG, \u00e8 una vera regina. Inizia con un aroma indimenticabile - dolce e piccante con note di aspro per far impazzire le vostre papille gustative! Crescer\u00e0 in un grande fiore colorato che vi dar\u00e0 un sacco di energia ad alta potenza per la giornata. Questa bestia ha un solido punteggio di 25% THC, quindi fai attenzione a quelle boccate, fratello!<\/p>","protected":false},"featured_media":37574,"template":"","meta":[],"product_brand":[],"product_cat":[950,297,467,470,465,629,468],"product_tag":[],"class_list":{"0":"post-37562","1":"product","2":"type-product","3":"status-publish","4":"has-post-thumbnail","6":"product_cat-vision-seeds","7":"product_cat-all-products","8":"product_cat-feminized-seeds","9":"product_cat-high-thc-seeds","10":"product_cat-seedshop","11":"product_cat-seedshop-top-10","12":"product_cat-usa-seeds","13":"product_shipping_class-creditcard-on","15":"first","16":"instock","17":"taxable","18":"shipping-taxable","19":"purchasable","20":"product-type-variable","21":"has-default-attributes"},"_links":{"self":[{"href":"https:\/\/www.headshop.nl\/it\/wp-json\/wp\/v2\/product\/37562","targetHints":{"allow":["GET"]}}],"collection":[{"href":"https:\/\/www.headshop.nl\/it\/wp-json\/wp\/v2\/product"}],"about":[{"href":"https:\/\/www.headshop.nl\/it\/wp-json\/wp\/v2\/types\/product"}],"wp:featuredmedia":[{"embeddable":true,"href":"https:\/\/www.headshop.nl\/it\/wp-json\/wp\/v2\/media\/37574"}],"wp:attachment":[{"href":"https:\/\/www.headshop.nl\/it\/wp-json\/wp\/v2\/media?parent=37562"}],"wp:term":[{"taxonomy":"product_brand","embeddable":true,"href":"https:\/\/www.headshop.nl\/it\/wp-json\/wp\/v2\/product_brand?post=37562"},{"taxonomy":"product_cat","embeddable":true,"href":"https:\/\/www.headshop.nl\/it\/wp-json\/wp\/v2\/product_cat?post=37562"},{"taxonomy":"product_tag","embeddable":true,"href":"https:\/\/www.headshop.nl\/it\/wp-json\/wp\/v2\/product_tag?post=37562"}],"curies":[{"name":"wp","href":"https:\/\/api.w.org\/{rel}","templated":true}]}}